{"id":17040,"date":"2020-08-21T12:48:28","date_gmt":"2020-08-21T10:48:28","guid":{"rendered":"https:\/\/popcards.nl\/?post_type=product&#038;p=17040"},"modified":"2026-04-29T07:33:47","modified_gmt":"2026-04-29T05:33:47","slug":"ciclistas-tour-de-francia-ciclistas-tarjeta-de-felicitacion","status":"publish","type":"product","link":"https:\/\/popcards.nl\/es\/product\/wielrenners-tour-de-france-fietsers-wenskaart\/","title":{"rendered":"Ciclistas: tarjeta emergente ciclistas del Tour de Francia, Amstel Gold, Alpe d&#039;HuZes"},"content":{"rendered":"<p>Tarjeta de felicitaci\u00f3n genial con dos ciclistas deportivos en bicicleta a trav\u00e9s de un hermoso paisaje verde con magn\u00edficas monta\u00f1as. Un mapa 3D muy bonito para los fan\u00e1ticos del Tour de Francia, Amstel Gold, la gira de Flandes, alpe d&#039;HuZes y Giro d&#039;Italia. \u00a1O para las personas que no solo ven ciclismo en la televisi\u00f3n, sino que tambi\u00e9n les gusta correr ellos mismos! <a href=\"https:\/\/www.letour.fr\/\" target=\"_blank\" rel=\"noopener noreferrer\">M\u00e1s informaci\u00f3n sobre el Tour de Francia.<\/a><\/p>\n<p><a href=\"https:\/\/popcards.nl\/es\/etiqueta-product\/bicicleta\/\">Por cierto, \u00a1Popcards tiene incluso m\u00e1s bonitas tarjetas de bicicleta!<\/a><\/p>\n<p>Tama\u00f1o de la tarjeta plegada 12 x 17 cm.<br \/>\nIncluye sobre en blanco a juego, embalado en celof\u00e1n.<\/p>","protected":false},"excerpt":{"rendered":"<p>Stoere wenskaart met twee sportieve fietsers die fietsen door een prachtig groen landschap met magnifieke bergen. Een hele mooie 3D-kaart voor liefhebbers van de Tour de France, Amstel Gold, de ronde van Vlaanderen, alpe d\u2019HuZes en Giro d\u2019Italia. Of voor mensen die niet alleen wielersport op tv kijken, maar ook daadwerkelijk z\u00e9lf graag wielrennen! Meer [&hellip;]<\/p>\n","protected":false},"featured_media":16986,"comment_status":"open","ping_status":"closed","template":"","meta":{"_iconic_wsb_product_page_order_bump_ids":[[]],"_sku":["8945005027817"],"_iconic_wsb_product_page_bump_modal_ids":[[]]},"product_brand":[],"product_cat":[149,17],"product_tag":[109],"class_list":{"0":"post-17040","1":"product","2":"type-product","3":"status-publish","4":"has-post-thumbnail","6":"product_cat-sport-voetballen-fietsen-golfen-wenskaarten","7":"product_cat-voertuigen-schip-trein-vliegtuig-auto-fiets","8":"product_tag-fiets","9":"pa_brand-popcards","11":"first","12":"instock","13":"taxable","14":"shipping-taxable","15":"purchasable","16":"product-type-simple"},"gallery_images":[78113],"_links":{"self":[{"href":"https:\/\/popcards.nl\/es\/wp-json\/wp\/v2\/product\/17040","targetHints":{"allow":["GET"]}}],"collection":[{"href":"https:\/\/popcards.nl\/es\/wp-json\/wp\/v2\/product"}],"about":[{"href":"https:\/\/popcards.nl\/es\/wp-json\/wp\/v2\/types\/product"}],"replies":[{"embeddable":true,"href":"https:\/\/popcards.nl\/es\/wp-json\/wp\/v2\/comments?post=17040"}],"wp:featuredmedia":[{"embeddable":true,"href":"https:\/\/popcards.nl\/es\/wp-json\/wp\/v2\/media\/16986"}],"wp:attachment":[{"href":"https:\/\/popcards.nl\/es\/wp-json\/wp\/v2\/media?parent=17040"}],"wp:term":[{"taxonomy":"product_brand","embeddable":true,"href":"https:\/\/popcards.nl\/es\/wp-json\/wp\/v2\/product_brand?post=17040"},{"taxonomy":"product_cat","embeddable":true,"href":"https:\/\/popcards.nl\/es\/wp-json\/wp\/v2\/product_cat?post=17040"},{"taxonomy":"product_tag","embeddable":true,"href":"https:\/\/popcards.nl\/es\/wp-json\/wp\/v2\/product_tag?post=17040"}],"curies":[{"name":"gracias","href":"https:\/\/api.w.org\/{rel}","templated":true}]}}