{"id":17051,"date":"2020-08-21T18:15:40","date_gmt":"2020-08-21T16:15:40","guid":{"rendered":"https:\/\/popcards.nl\/?post_type=product&#038;p=17051"},"modified":"2026-04-11T06:30:27","modified_gmt":"2026-04-11T04:30:27","slug":"mamut-lanudo-del-pleistoceno-tarjeta-de-felicitacion","status":"publish","type":"product","link":"https:\/\/popcards.nl\/es\/product\/wolharige-mammoet-uit-het-pleistoceen-wenskaart\/","title":{"rendered":"Mamut lanudo del Pleistoceno | tarjeta emergente 3D"},"content":{"rendered":"<p>Impresionante tarjeta de felicitaci\u00f3n con un gran mamut lanudo. <a href=\"https:\/\/en.wikipedia.org\/wiki\/Mammoth\" target=\"_blank\" rel=\"noopener noreferrer\">Este elefante vivi\u00f3 hace mucho tiempo, durante el Pleistoceno.<\/a> Hace no menos de 600.000 a\u00f1os. Los mamuts y los dinosaurios no vivieron al mismo tiempo, son incluso m\u00e1s viejos. Con esta tarjeta emergente har\u00e1s un gran favor a todos los amantes de los animales.<\/p>\n<p><a href=\"https:\/\/popcards.nl\/es\/categoria\/animales-tarjetas-de-felicitacion\/\">\u00a1Tenemos m\u00e1s bonitas tarjetas de animales, incluidos varios dinosaurios!<\/a><\/p>\n<p>Tama\u00f1o de tarjeta 24 x 17 cm, plegado a 12 x 17 cm.<br \/>\nIncluye sobre en blanco a juego, embalado en celof\u00e1n.<\/p>","protected":false},"excerpt":{"rendered":"<p>Heel indrukwekkende wenskaart met een grote wolharige mammoet. Deze olifantachtige leefde h\u00e9\u00e9l lang geleden, tijdens het pleistoceen. Maar liefst 600.000 jaar geleden. Mammoeten en dinosaurussen leefden trouwens niet tegelijkertijd, die zijn n\u00f3g ouder. Met deze pop-up kaart doe je elke dierliefhebber een groot plezier. We hebben nog meer prachtige dieren popcards, waaronder ook diverse dinosauri\u00ebrs! [&hellip;]<\/p>\n","protected":false},"featured_media":38479,"comment_status":"open","ping_status":"closed","template":"","meta":{"_iconic_wsb_product_page_order_bump_ids":[[]],"_sku":["8945005027749"],"_iconic_wsb_product_page_bump_modal_ids":[[]]},"product_brand":[],"product_cat":[21],"product_tag":[132],"class_list":{"0":"post-17051","1":"product","2":"type-product","3":"status-publish","4":"has-post-thumbnail","6":"product_cat-dieren-dierenkaarten-wenskaarten","7":"product_tag-dier","8":"pa_brand-popcards","10":"first","11":"instock","12":"sale","13":"taxable","14":"shipping-taxable","15":"purchasable","16":"product-type-simple"},"gallery_images":[76006],"_links":{"self":[{"href":"https:\/\/popcards.nl\/es\/wp-json\/wp\/v2\/product\/17051","targetHints":{"allow":["GET"]}}],"collection":[{"href":"https:\/\/popcards.nl\/es\/wp-json\/wp\/v2\/product"}],"about":[{"href":"https:\/\/popcards.nl\/es\/wp-json\/wp\/v2\/types\/product"}],"replies":[{"embeddable":true,"href":"https:\/\/popcards.nl\/es\/wp-json\/wp\/v2\/comments?post=17051"}],"wp:featuredmedia":[{"embeddable":true,"href":"https:\/\/popcards.nl\/es\/wp-json\/wp\/v2\/media\/38479"}],"wp:attachment":[{"href":"https:\/\/popcards.nl\/es\/wp-json\/wp\/v2\/media?parent=17051"}],"wp:term":[{"taxonomy":"product_brand","embeddable":true,"href":"https:\/\/popcards.nl\/es\/wp-json\/wp\/v2\/product_brand?post=17051"},{"taxonomy":"product_cat","embeddable":true,"href":"https:\/\/popcards.nl\/es\/wp-json\/wp\/v2\/product_cat?post=17051"},{"taxonomy":"product_tag","embeddable":true,"href":"https:\/\/popcards.nl\/es\/wp-json\/wp\/v2\/product_tag?post=17051"}],"curies":[{"name":"gracias","href":"https:\/\/api.w.org\/{rel}","templated":true}]}}