{"id":18100,"date":"2020-10-21T11:27:48","date_gmt":"2020-10-21T09:27:48","guid":{"rendered":"https:\/\/popcards.nl\/?post_type=product&#038;p=18100"},"modified":"2026-04-30T05:50:05","modified_gmt":"2026-04-30T03:50:05","slug":"cumpleanos-aniversario-40-anos-tarjeta-de-felicitacion-emergente","status":"publish","type":"product","link":"https:\/\/popcards.nl\/es\/product\/verjaardag-jubileum-40-jaar-pop-up-wenskaart\/","title":{"rendered":"Cumplea\u00f1os jubileo 40 a\u00f1os tarjeta de felicitaci\u00f3n emergente de felicitaci\u00f3n"},"content":{"rendered":"<p><strong>Tarjeta de 40 a\u00f1os con numeros grandes. <\/strong>\u00a1Feliz cumplea\u00f1os! O un aniversario impresionante. Entonces esta hermosa Popcard colorida es un regalo especial y sorprendente. Despu\u00e9s de todo, no tienes una segunda oportunidad para celebrar los 40 a\u00f1os. <a href=\"https:\/\/popcards.nl\/es\/product\/tarjeta-emergente-de-aniversario-de-cumpleanos-de-50-anos\/\">Tambi\u00e9n tenemos una Popcard de 50 a\u00f1os<\/a>. <a href=\"https:\/\/popcards.nl\/es\/product\/cumpleanos-aniversario-60-anos-tarjeta-de-felicitacion-emergente\/\">Tambi\u00e9n una Popcard de 60 a\u00f1os<\/a>. <a href=\"https:\/\/popcards.nl\/es\/product\/verjaardag-21-jaar-happy-birthday-felicitatie-pop-up-wenskaart\/\">Buscando 21 a\u00f1os?<\/a> <a href=\"https:\/\/popcards.nl\/es\/categoria\/felicitaciones-y-tarjetas-de-cumpleanos\/\">\u00a1Y muchas m\u00e1s tarjetas de felicitaci\u00f3n y cumplea\u00f1os!<\/a><\/p>\n<p>Tama\u00f1o de la tarjeta 26 x 18 cm, plegada a 13 x 18 cm.<\/p>\n<p>Incluye sobre en blanco a juego, empacado en una bolsa de celof\u00e1n.<\/p>","protected":false},"excerpt":{"rendered":"<p>40 jaar kaart met grote cijfers. Hoera, jarig! Of een indrukwekkend jubileum. Dan is deze mooie kleurrijke Popcard een bijzonder en verrassend cadeautje. Je krijgt tenslotte geen tweede kans om 40 jaar te vieren. We hebben ook een 50 jaar Popcard. Tevens een 60 jaar Popcard. Op zoek naar 21 jaar? En nog veel meer [&hellip;]<\/p>\n","protected":false},"featured_media":89434,"comment_status":"open","ping_status":"closed","template":"","meta":{"_iconic_wsb_product_page_order_bump_ids":[[]],"_sku":["8785253682808"],"_iconic_wsb_product_page_bump_modal_ids":[[]]},"product_brand":[],"product_cat":[34,57],"product_tag":[242,137],"class_list":{"0":"post-18100","1":"product","2":"type-product","3":"status-publish","4":"has-post-thumbnail","6":"product_cat-felicitatie-verjaardag-verjaardagskaarten","7":"product_cat-uitnodigingen-uitnodigingskaarten-verjaardag-jubileum","8":"product_tag-jubileum","9":"product_tag-verjaardag","10":"pa_brand-popcards","12":"first","13":"instock","14":"taxable","15":"shipping-taxable","16":"purchasable","17":"product-type-simple"},"gallery_images":[89433,94170],"_links":{"self":[{"href":"https:\/\/popcards.nl\/es\/wp-json\/wp\/v2\/product\/18100","targetHints":{"allow":["GET"]}}],"collection":[{"href":"https:\/\/popcards.nl\/es\/wp-json\/wp\/v2\/product"}],"about":[{"href":"https:\/\/popcards.nl\/es\/wp-json\/wp\/v2\/types\/product"}],"replies":[{"embeddable":true,"href":"https:\/\/popcards.nl\/es\/wp-json\/wp\/v2\/comments?post=18100"}],"wp:featuredmedia":[{"embeddable":true,"href":"https:\/\/popcards.nl\/es\/wp-json\/wp\/v2\/media\/89434"}],"wp:attachment":[{"href":"https:\/\/popcards.nl\/es\/wp-json\/wp\/v2\/media?parent=18100"}],"wp:term":[{"taxonomy":"product_brand","embeddable":true,"href":"https:\/\/popcards.nl\/es\/wp-json\/wp\/v2\/product_brand?post=18100"},{"taxonomy":"product_cat","embeddable":true,"href":"https:\/\/popcards.nl\/es\/wp-json\/wp\/v2\/product_cat?post=18100"},{"taxonomy":"product_tag","embeddable":true,"href":"https:\/\/popcards.nl\/es\/wp-json\/wp\/v2\/product_tag?post=18100"}],"curies":[{"name":"gracias","href":"https:\/\/api.w.org\/{rel}","templated":true}]}}