{"id":18107,"date":"2020-10-21T12:04:21","date_gmt":"2020-10-21T10:04:21","guid":{"rendered":"https:\/\/popcards.nl\/?post_type=product&#038;p=18107"},"modified":"2025-12-24T18:16:59","modified_gmt":"2025-12-24T17:16:59","slug":"tarjeta-de-navidad-guirnalda-de-navidad-decoracion-tarjeta-emergente","status":"publish","type":"product","link":"https:\/\/popcards.nl\/es\/product\/kerstkaart-kerstkrans-versiering-pop-up-kaart\/","title":{"rendered":"Tarjeta de Navidad Corona de Navidad con decoraci\u00f3n Tarjeta de felicitaci\u00f3n emergente"},"content":{"rendered":"<p>Tarjeta de guirnalda de Navidad. En el frente una hermosa corona tallada con rosas navide\u00f1as, acebo y lazo. Dentro de una gran corona de Navidad emergente de colores decorada con estrellas, flores de pascua y un lazo. Una tarjeta impresionante que el destinatario conservar\u00e1 durante a\u00f1os y volver\u00e1 a mostrar en Navidad. Tambi\u00e9n disponible en grandes cantidades. <a href=\"https:\/\/popcards.nl\/es\/categoria\/las-10-tarjetas-navidenas-mas-bonitas\/\">Tambi\u00e9n eche un vistazo a nuestras otras tarjetas de Navidad.\u00a0<\/a><\/p>\n<p>Tama\u00f1o de tarjeta 24 \u00d7 17 cm, plegado a 12 \u00d7 17 cm.<\/p>\n<p>Incluye sobre en blanco a juego, empacado en una bolsa de celof\u00e1n.<\/p>","protected":false},"excerpt":{"rendered":"<p>Kerstkrans kaart. Op de voorkant een fraai uitgesneden krans met kerstrozen, hulst en strik. Binnen een grote kleurrijke pop-up kerstkrans, versierd met sterren, kerstrozen en een strik. Een indrukwekkende kaart die de ontvanger jarenlang zal bewaren en telkens met de kerstdagen weer zal uitstallen. Ook in grote oplage verkrijgbaar. Kijk ook bij onze andere kerstkaarten.\u00a0 [&hellip;]<\/p>\n","protected":false},"featured_media":32840,"comment_status":"open","ping_status":"closed","template":"","meta":{"_iconic_wsb_product_page_order_bump_ids":[[]],"_sku":[],"_iconic_wsb_product_page_bump_modal_ids":[[]]},"product_brand":[],"product_cat":[79],"product_tag":[131],"class_list":{"0":"post-18107","1":"product","2":"type-product","3":"status-publish","4":"has-post-thumbnail","6":"product_cat-de-top-10-mooiste-kerstkaarten","7":"product_tag-kerst","8":"pa_brand-popcards","10":"first","11":"outofstock","12":"taxable","13":"shipping-taxable","14":"purchasable","15":"product-type-simple"},"gallery_images":[],"_links":{"self":[{"href":"https:\/\/popcards.nl\/es\/wp-json\/wp\/v2\/product\/18107","targetHints":{"allow":["GET"]}}],"collection":[{"href":"https:\/\/popcards.nl\/es\/wp-json\/wp\/v2\/product"}],"about":[{"href":"https:\/\/popcards.nl\/es\/wp-json\/wp\/v2\/types\/product"}],"replies":[{"embeddable":true,"href":"https:\/\/popcards.nl\/es\/wp-json\/wp\/v2\/comments?post=18107"}],"wp:featuredmedia":[{"embeddable":true,"href":"https:\/\/popcards.nl\/es\/wp-json\/wp\/v2\/media\/32840"}],"wp:attachment":[{"href":"https:\/\/popcards.nl\/es\/wp-json\/wp\/v2\/media?parent=18107"}],"wp:term":[{"taxonomy":"product_brand","embeddable":true,"href":"https:\/\/popcards.nl\/es\/wp-json\/wp\/v2\/product_brand?post=18107"},{"taxonomy":"product_cat","embeddable":true,"href":"https:\/\/popcards.nl\/es\/wp-json\/wp\/v2\/product_cat?post=18107"},{"taxonomy":"product_tag","embeddable":true,"href":"https:\/\/popcards.nl\/es\/wp-json\/wp\/v2\/product_tag?post=18107"}],"curies":[{"name":"gracias","href":"https:\/\/api.w.org\/{rel}","templated":true}]}}