{"id":18124,"date":"2020-10-21T13:44:23","date_gmt":"2020-10-21T11:44:23","guid":{"rendered":"https:\/\/popcards.nl\/?post_type=product&#038;p=18124"},"modified":"2026-04-04T12:46:37","modified_gmt":"2026-04-04T10:46:37","slug":"tarjeta-de-agradecimiento-gracias-tarjeta-de-saludo-emergente","status":"publish","type":"product","link":"https:\/\/popcards.nl\/es\/product\/bedankkaart-thank-you-bedankt-pop-up-wenskaart\/","title":{"rendered":"Tarjeta de agradecimiento Gracias Gracias Gracias Tarjeta de felicitaci\u00f3n emergente"},"content":{"rendered":"<p>Tarjeta de agradecimiento. Cuando alguien ha hecho algo bueno por ti, es bueno agradecerle. Esto es muy posible con esta sorprendente tarjeta emergente de agradecimiento, que sorprender\u00e1 gratamente al destinatario. \u00a1Qu\u00e9 alegres letras y colores! <a href=\"https:\/\/popcards.nl\/es\/categoria\/felicitaciones-y-tarjetas-de-cumpleanos\/\">\u00a1Tambi\u00e9n tenemos muchas tarjetas de felicitaci\u00f3n y cumplea\u00f1os!<\/a><\/p>\n<p>Tarjeta de agradecimiento de 30 x 15 cm, doblada a 15 x 15 cm.<\/p>\n<p>Incluye sobre en blanco a juego, empacado en una bolsa de celof\u00e1n.<\/p>","protected":false},"excerpt":{"rendered":"<p>Bedankkaart.\u00a0Als iemand iets aardigs voor je heeft gedaan, is het leuk om die persoon te bedanken. Dat kan heel goed met deze verrassende Thank You pop-up kaart, waardoor de ontvanger aangenaam verrast zal zijn. Wat een vrolijke letters en kleuren! We hebben ook veel felicitatiekaarten en verjaardagskaarten! Kaartformaat bedanktkaart 30 x 15 cm, gevouwen tot [&hellip;]<\/p>\n","protected":false},"featured_media":18060,"comment_status":"open","ping_status":"closed","template":"","meta":{"_iconic_wsb_product_page_order_bump_ids":[[]],"_sku":["8785253682433"],"_iconic_wsb_product_page_bump_modal_ids":[[]]},"product_brand":[],"product_cat":[34,57],"product_tag":[243],"class_list":{"0":"post-18124","1":"product","2":"type-product","3":"status-publish","4":"has-post-thumbnail","6":"product_cat-felicitatie-verjaardag-verjaardagskaarten","7":"product_cat-uitnodigingen-uitnodigingskaarten-verjaardag-jubileum","8":"product_tag-bedankt","9":"pa_brand-popcards","11":"first","12":"instock","13":"taxable","14":"shipping-taxable","15":"purchasable","16":"product-type-simple"},"gallery_images":[18015,70872],"_links":{"self":[{"href":"https:\/\/popcards.nl\/es\/wp-json\/wp\/v2\/product\/18124","targetHints":{"allow":["GET"]}}],"collection":[{"href":"https:\/\/popcards.nl\/es\/wp-json\/wp\/v2\/product"}],"about":[{"href":"https:\/\/popcards.nl\/es\/wp-json\/wp\/v2\/types\/product"}],"replies":[{"embeddable":true,"href":"https:\/\/popcards.nl\/es\/wp-json\/wp\/v2\/comments?post=18124"}],"wp:featuredmedia":[{"embeddable":true,"href":"https:\/\/popcards.nl\/es\/wp-json\/wp\/v2\/media\/18060"}],"wp:attachment":[{"href":"https:\/\/popcards.nl\/es\/wp-json\/wp\/v2\/media?parent=18124"}],"wp:term":[{"taxonomy":"product_brand","embeddable":true,"href":"https:\/\/popcards.nl\/es\/wp-json\/wp\/v2\/product_brand?post=18124"},{"taxonomy":"product_cat","embeddable":true,"href":"https:\/\/popcards.nl\/es\/wp-json\/wp\/v2\/product_cat?post=18124"},{"taxonomy":"product_tag","embeddable":true,"href":"https:\/\/popcards.nl\/es\/wp-json\/wp\/v2\/product_tag?post=18124"}],"curies":[{"name":"gracias","href":"https:\/\/api.w.org\/{rel}","templated":true}]}}