{"id":19697,"date":"2020-11-30T16:20:35","date_gmt":"2020-11-30T15:20:35","guid":{"rendered":"https:\/\/popcards.nl\/?post_type=product&#038;p=19697"},"modified":"2026-04-18T19:40:17","modified_gmt":"2026-04-18T17:40:17","slug":"sakura-flor-de-cerezo-tarjeta-de-felicitacion-san-valentin-boda","status":"publish","type":"product","link":"https:\/\/popcards.nl\/es\/product\/sakura-kersenbloesem-wenskaart-valentijn-trouwen\/","title":{"rendered":"Sakura Cherry Blossom Pink Cherry Tree Tarjeta de felicitaci\u00f3n | Enamorado, Comprometido, Tarjeta de boda."},"content":{"rendered":"<p>Hermoso cerezo rosa Sakura. Impresionante tarjeta emergente grande con un cerezo bellamente tallado lleno de flores rosas en flor. Debajo de una pareja \u00edntima hombre-mujer. \u00bfEnamorado, comprometido, casado? El romance abunda.<\/p>\n<p>El frente es rosa rom\u00e1ntico con brillo plateado y el \u00e1rbol en el frente est\u00e1 tachonado con brillo plateado.<\/p>\n<p>Recibir\u00e1 un marco azul oscuro, para que la tarjeta pueda obtener un lugar agradable de inmediato. Tambi\u00e9n disponible en una gran edici\u00f3n para usar como invitaci\u00f3n de boda. <a href=\"https:\/\/popcards.nl\/es\/mapa-2\/tarjeta-de-felicitacion-emergente-del-cerezo-sakura-flor-de-cerezo-pop-up\/\">\u00bfHas visto tambi\u00e9n nuestro otro cerezo Sakura?<\/a> <a href=\"https:\/\/popcards.nl\/es\/mapa-2\/tarjeta-emergente-de-cerezo-en-flor-de-sakura\/\">Y la otra flor de cerezo rosa.\u00a0<\/a><\/p>\n<p>Tama\u00f1o de tarjeta grande de 30 \u00d7 20 cm, plegado a 15 \u00d7 20 cm.<br \/>\nIncluye marco azul oscuro y sobre a juego, empaquetado en una bolsa de celof\u00e1n.<\/p>\n<h3>Sakura Cerezo<\/h3>\n<p><a href=\"https:\/\/nl.wikipedia.org\/wiki\/Sakura_(bloesem)\" target=\"_blank\" rel=\"noopener noreferrer\">Sakura<\/a>\u00a0o flor de cerezo. La hermosa flor de cerezo siempre ha sido un s\u00edmbolo de belleza en Jap\u00f3n.<\/p>","protected":false},"excerpt":{"rendered":"<p>Prachtige roze Sakura kersenboom. Imposant grote pop-up kaart met prachtig uitgesneden kersenboom vol bloeiende roze bloesem. Daaronder een intiem koppel man-vrouw. Verliefd, verloofd, getrouwd? De romantiek is volop aanwezig. De voorkant is romantisch roze met zilverglans en de boom op de voorkant is bezaaid met zilveren glitters. U krijgt er een donkerblauw lijstje bij, zodat [&hellip;]<\/p>\n","protected":false},"featured_media":19687,"comment_status":"open","ping_status":"closed","template":"","meta":{"_iconic_wsb_product_page_order_bump_ids":[[]],"_sku":["8785253682631"],"_iconic_wsb_product_page_bump_modal_ids":[[]]},"product_brand":[],"product_cat":[27,28],"product_tag":[240,94,83],"class_list":{"0":"post-19697","1":"product","2":"type-product","3":"status-publish","4":"has-post-thumbnail","6":"product_cat-liefde-liefdeskaarten-valentijnskaarten","7":"product_cat-trouwen-samenwonen-trouwkaarten","8":"product_tag-boom","9":"product_tag-huwelijk","10":"product_tag-valentijn","11":"pa_brand-popcards","13":"first","14":"instock","15":"taxable","16":"shipping-taxable","17":"purchasable","18":"product-type-simple"},"gallery_images":[19686,87766],"_links":{"self":[{"href":"https:\/\/popcards.nl\/es\/wp-json\/wp\/v2\/product\/19697","targetHints":{"allow":["GET"]}}],"collection":[{"href":"https:\/\/popcards.nl\/es\/wp-json\/wp\/v2\/product"}],"about":[{"href":"https:\/\/popcards.nl\/es\/wp-json\/wp\/v2\/types\/product"}],"replies":[{"embeddable":true,"href":"https:\/\/popcards.nl\/es\/wp-json\/wp\/v2\/comments?post=19697"}],"wp:featuredmedia":[{"embeddable":true,"href":"https:\/\/popcards.nl\/es\/wp-json\/wp\/v2\/media\/19687"}],"wp:attachment":[{"href":"https:\/\/popcards.nl\/es\/wp-json\/wp\/v2\/media?parent=19697"}],"wp:term":[{"taxonomy":"product_brand","embeddable":true,"href":"https:\/\/popcards.nl\/es\/wp-json\/wp\/v2\/product_brand?post=19697"},{"taxonomy":"product_cat","embeddable":true,"href":"https:\/\/popcards.nl\/es\/wp-json\/wp\/v2\/product_cat?post=19697"},{"taxonomy":"product_tag","embeddable":true,"href":"https:\/\/popcards.nl\/es\/wp-json\/wp\/v2\/product_tag?post=19697"}],"curies":[{"name":"gracias","href":"https:\/\/api.w.org\/{rel}","templated":true}]}}