{"id":21338,"date":"2021-01-14T13:58:01","date_gmt":"2021-01-14T12:58:01","guid":{"rendered":"https:\/\/popcards.nl\/?post_type=product&#038;p=21338"},"modified":"2026-05-14T13:27:10","modified_gmt":"2026-05-14T11:27:10","slug":"tarjeta-emergente-de-mariposas-de-colores","status":"publish","type":"product","link":"https:\/\/popcards.nl\/es\/product\/kleurrijke-vlinders-pop-up-kaart-3d-wenskaart\/","title":{"rendered":"Mariposas coloridas tarjeta emergente tarjeta de felicitaci\u00f3n 3D"},"content":{"rendered":"<p>Cuando abre la tarjeta, hasta 20 mariposas vuelan en todo tipo de colores y tama\u00f1os. Un entusiasta de las mariposas los llama a todos por su nombre. Pero solo mirarlo tambi\u00e9n es una fiesta. \u00a1Qu\u00e9 alegre alegr\u00eda colorida! <a href=\"https:\/\/popcards.nl\/es\/mapa-2\/mariposa-en-flor-amarilla\/\">\u00bfHas visto tambi\u00e9n nuestra otra tarjeta de mariposas?<\/a><\/p>\n<p>Tama\u00f1o de tarjeta 30 \u00d7 15 cm, plegado a 15 \u00d7 15 cm.<br \/>\nIncluye sobre en blanco a juego, empacado en una bolsa de celof\u00e1n.<\/p>","protected":false},"excerpt":{"rendered":"<p>Als je de kaart openklapt vliegen er wel 20 vlinders uit in allerlei bonte kleuren en formaten. Een vlinder liefhebber noemt ze allemaal bij naam. Maar alleen ernaar kijken is ook een feest. Wat een bezige kleurige vrolijkheid! Heb je ook onze andere vlinderkaart gezien? Kaartformaat 30\u00d715 cm, gevouwen tot 15\u00d715 cm. Inclusief bijpassende blanco [&hellip;]<\/p>\n","protected":false},"featured_media":25933,"comment_status":"open","ping_status":"closed","template":"","meta":{"_iconic_wsb_product_page_order_bump_ids":[[]],"_sku":["8785253684864"],"_iconic_wsb_product_page_bump_modal_ids":[[]]},"product_brand":[],"product_cat":[21,47],"product_tag":[48,132,247],"class_list":{"0":"post-21338","1":"product","2":"type-product","3":"status-publish","4":"has-post-thumbnail","6":"product_cat-dieren-dierenkaarten-wenskaarten","7":"product_cat-bloemen-bloemenkaarten-wenskaarten","8":"product_tag-bloemen","9":"product_tag-dier","10":"product_tag-vlinder","11":"pa_brand-popcards","13":"first","14":"instock","15":"taxable","16":"shipping-taxable","17":"purchasable","18":"product-type-simple"},"gallery_images":[86372],"_links":{"self":[{"href":"https:\/\/popcards.nl\/es\/wp-json\/wp\/v2\/product\/21338","targetHints":{"allow":["GET"]}}],"collection":[{"href":"https:\/\/popcards.nl\/es\/wp-json\/wp\/v2\/product"}],"about":[{"href":"https:\/\/popcards.nl\/es\/wp-json\/wp\/v2\/types\/product"}],"replies":[{"embeddable":true,"href":"https:\/\/popcards.nl\/es\/wp-json\/wp\/v2\/comments?post=21338"}],"wp:featuredmedia":[{"embeddable":true,"href":"https:\/\/popcards.nl\/es\/wp-json\/wp\/v2\/media\/25933"}],"wp:attachment":[{"href":"https:\/\/popcards.nl\/es\/wp-json\/wp\/v2\/media?parent=21338"}],"wp:term":[{"taxonomy":"product_brand","embeddable":true,"href":"https:\/\/popcards.nl\/es\/wp-json\/wp\/v2\/product_brand?post=21338"},{"taxonomy":"product_cat","embeddable":true,"href":"https:\/\/popcards.nl\/es\/wp-json\/wp\/v2\/product_cat?post=21338"},{"taxonomy":"product_tag","embeddable":true,"href":"https:\/\/popcards.nl\/es\/wp-json\/wp\/v2\/product_tag?post=21338"}],"curies":[{"name":"gracias","href":"https:\/\/api.w.org\/{rel}","templated":true}]}}