{"id":21364,"date":"2021-01-14T17:01:37","date_gmt":"2021-01-14T16:01:37","guid":{"rendered":"https:\/\/popcards.nl\/?post_type=product&#038;p=21364"},"modified":"2026-05-04T20:35:25","modified_gmt":"2026-05-04T18:35:25","slug":"ciguena-trae-bebe-tarjeta-nacimiento-nino-tarjeta-3d","status":"publish","type":"product","link":"https:\/\/popcards.nl\/es\/product\/ooievaar-brengt-baby-geboortekaart-kind-3d-kaart\/","title":{"rendered":"Cig\u00fce\u00f1a trae beb\u00e9 | Anuncio de nacimiento ni\u00f1o ni\u00f1a emergente tarjetas de felicitaci\u00f3n"},"content":{"rendered":"<p>Cig\u00fce\u00f1a con beb\u00e9. Qu\u00e9 lindo anuncio de nacimiento: esta feliz cig\u00fce\u00f1a trae a este peque\u00f1o beb\u00e9 en un portabeb\u00e9s amarillo a los felices padres. Un bandolera amarillo, por lo que esta Popcard puede ser utilizada tanto por ni\u00f1os como por ni\u00f1as. En las nubes blancas puedes escribir un texto para el destinatario. Una original tarjeta para felicitar a alguien por su embarazo. O como tarjeta de anuncio sorprendente para el nacimiento de un ni\u00f1o. <a href=\"https:\/\/popcards.nl\/es\/categoria\/nacimiento-anuncio-de-nacimiento-tarjeta-de-bebe\/\">\u00a1Tenemos m\u00e1s tarjetas de nacimiento geniales!<\/a><\/p>\n<p>Tama\u00f1o de tarjeta 30 x 15 cm, plegado a 15 x 15 cm.<br \/>\nIncluye sobre en blanco a juego, embalado en celof\u00e1n.<\/p>","protected":false},"excerpt":{"rendered":"<p>Ooievaar met kindje. Wat een schattige geboortekaart: deze blije ooievaar brengt dit kleine baby\u2019tje in een gele draagdoek naar de gelukkig ouders. Een gele draagdoek, dus is deze Popcard zowel voor jongetjes als voor meisjes toepasbaar. In de witte wolken kunt u een tekst voor de ontvanger schrijven. Een originele kaart om iemand met haar [&hellip;]<\/p>\n","protected":false},"featured_media":54244,"comment_status":"open","ping_status":"closed","template":"","meta":{"_iconic_wsb_product_page_order_bump_ids":[[]],"_sku":["8785253682846"],"_iconic_wsb_product_page_bump_modal_ids":[[]]},"product_brand":[],"product_cat":[22],"product_tag":[25,142],"class_list":{"0":"post-21364","1":"product","2":"type-product","3":"status-publish","4":"has-post-thumbnail","6":"product_cat-geboorte-geboortekaarten-baby-babykaart","7":"product_tag-geboorte","8":"product_tag-vogel","9":"pa_brand-popcards","11":"first","12":"instock","13":"taxable","14":"shipping-taxable","15":"purchasable","16":"product-type-simple"},"gallery_images":[87781],"_links":{"self":[{"href":"https:\/\/popcards.nl\/es\/wp-json\/wp\/v2\/product\/21364","targetHints":{"allow":["GET"]}}],"collection":[{"href":"https:\/\/popcards.nl\/es\/wp-json\/wp\/v2\/product"}],"about":[{"href":"https:\/\/popcards.nl\/es\/wp-json\/wp\/v2\/types\/product"}],"replies":[{"embeddable":true,"href":"https:\/\/popcards.nl\/es\/wp-json\/wp\/v2\/comments?post=21364"}],"wp:featuredmedia":[{"embeddable":true,"href":"https:\/\/popcards.nl\/es\/wp-json\/wp\/v2\/media\/54244"}],"wp:attachment":[{"href":"https:\/\/popcards.nl\/es\/wp-json\/wp\/v2\/media?parent=21364"}],"wp:term":[{"taxonomy":"product_brand","embeddable":true,"href":"https:\/\/popcards.nl\/es\/wp-json\/wp\/v2\/product_brand?post=21364"},{"taxonomy":"product_cat","embeddable":true,"href":"https:\/\/popcards.nl\/es\/wp-json\/wp\/v2\/product_cat?post=21364"},{"taxonomy":"product_tag","embeddable":true,"href":"https:\/\/popcards.nl\/es\/wp-json\/wp\/v2\/product_tag?post=21364"}],"curies":[{"name":"gracias","href":"https:\/\/api.w.org\/{rel}","templated":true}]}}