{"id":21939,"date":"2021-01-24T23:04:51","date_gmt":"2021-01-24T22:04:51","guid":{"rendered":"https:\/\/popcards.nl\/?post_type=product&#038;p=21939"},"modified":"2026-04-15T12:17:51","modified_gmt":"2026-04-15T10:17:51","slug":"tarjeta-dia-de-la-madre-naranja-tarjeta-dia-de-la-madre-querida-madre","status":"publish","type":"product","link":"https:\/\/popcards.nl\/es\/product\/moederdag-oranje-moederdagkaart-liefste-moeder\/","title":{"rendered":"\u00a1D\u00eda de la Madre! Tarjeta especial del D\u00eda de la Madre emergente transparente naranja suave hermosa en 3D para la madre m\u00e1s dulce"},"content":{"rendered":"<p>Hermosa tarjeta de felicitaci\u00f3n de color naranja suave muy especial que, cuando se despliega, se convierte en una hermosa escena transparente en 3D con un molino de viento y el letrero &quot;Amo a mam\u00e1&quot;. En la parte posterior hay una hermosa tarjeta de flores sueltas donde puedes colocar tu dulce mensaje para tu madre. El domingo 8 de mayo es el momento: <a href=\"https:\/\/en.wikipedia.org\/wiki\/Mother%27s_Day\" target=\"_blank\" rel=\"noopener noreferrer\">Dia de la madre<\/a>\u2020 Entonces, si env\u00eda esta gran tarjeta a tiempo, tiene muchas posibilidades de sorprender gratamente a su madre. Es a\u00fan m\u00e1s divertido si le entrega personalmente esta tarjeta a su madre el 8 de mayo. \u00bfIncluyendo una de nuestras tarjetas de flores? \u00a1Sorprende a mam\u00e1!<\/p>\n<p>Tama\u00f1o de la tarjeta 12 x 10,5 cm y 4,5 cm de profundidad, cuando est\u00e1 plegada queda completamente plana. <a href=\"https:\/\/popcards.nl\/es\/mapa-2\/tarjeta-del-dia-de-la-madre-del-dia-de-la-madre-3d-la-madre-mas-querida\/\">Esta tarjeta de felicitaci\u00f3n emergente tambi\u00e9n est\u00e1 disponible en azul suave.<\/a> Tambi\u00e9n tienes nuestro otro <a href=\"https:\/\/popcards.nl\/es\/mapa-2\/tarjeta-para-el-dia-de-la-madre-tarjeta-del-dia-de-la-madre-madre\/\">tarjeta del d\u00eda de las madres<\/a> visto?<\/p>\n<p>Incluye sobre dorado a juego. Empaquetado en una bolsa de celof\u00e1n.<\/p>","protected":false},"excerpt":{"rendered":"<p>Heel bijzondere mooie zacht-oranje wenskaart die uitgeklapt een fraai 3D doorkijk tafereeltje wordt met molen en bordje &#8220;I love mom&#8221;. Aan de achterzijde zit een mooi los bloemkaartje waar je je lieve boodschap aan je moeder kunt plaatsen. Op zondag 8 mei is het zo ver: Moederdag.\u00a0 Dus als je deze geweldige kaart tijdig op [&hellip;]<\/p>\n","protected":false},"featured_media":21867,"comment_status":"open","ping_status":"closed","template":"","meta":{"_iconic_wsb_product_page_order_bump_ids":[[]],"_sku":["8785253684802"],"_iconic_wsb_product_page_bump_modal_ids":[[]]},"product_brand":[],"product_cat":[34],"product_tag":[127],"class_list":{"0":"post-21939","1":"product","2":"type-product","3":"status-publish","4":"has-post-thumbnail","6":"product_cat-felicitatie-verjaardag-verjaardagskaarten","7":"product_tag-moederdag","8":"pa_brand-popcards","10":"first","11":"instock","12":"taxable","13":"shipping-taxable","14":"purchasable","15":"product-type-simple"},"gallery_images":[86452],"_links":{"self":[{"href":"https:\/\/popcards.nl\/es\/wp-json\/wp\/v2\/product\/21939","targetHints":{"allow":["GET"]}}],"collection":[{"href":"https:\/\/popcards.nl\/es\/wp-json\/wp\/v2\/product"}],"about":[{"href":"https:\/\/popcards.nl\/es\/wp-json\/wp\/v2\/types\/product"}],"replies":[{"embeddable":true,"href":"https:\/\/popcards.nl\/es\/wp-json\/wp\/v2\/comments?post=21939"}],"wp:featuredmedia":[{"embeddable":true,"href":"https:\/\/popcards.nl\/es\/wp-json\/wp\/v2\/media\/21867"}],"wp:attachment":[{"href":"https:\/\/popcards.nl\/es\/wp-json\/wp\/v2\/media?parent=21939"}],"wp:term":[{"taxonomy":"product_brand","embeddable":true,"href":"https:\/\/popcards.nl\/es\/wp-json\/wp\/v2\/product_brand?post=21939"},{"taxonomy":"product_cat","embeddable":true,"href":"https:\/\/popcards.nl\/es\/wp-json\/wp\/v2\/product_cat?post=21939"},{"taxonomy":"product_tag","embeddable":true,"href":"https:\/\/popcards.nl\/es\/wp-json\/wp\/v2\/product_tag?post=21939"}],"curies":[{"name":"gracias","href":"https:\/\/api.w.org\/{rel}","templated":true}]}}