{"id":24299,"date":"2021-02-24T14:01:21","date_gmt":"2021-02-24T13:01:21","guid":{"rendered":"https:\/\/popcards.nl\/?post_type=product&#038;p=24299"},"modified":"2026-04-22T15:11:35","modified_gmt":"2026-04-22T13:11:35","slug":"amapolas-amapolas-flores-pop-up-greeting-card","status":"publish","type":"product","link":"https:\/\/popcards.nl\/es\/product\/klaprozen-papaver-bloemen-pop-up-wenskaart\/","title":{"rendered":"Poppies Poppy Flowers pop up tarjetas de felicitaci\u00f3n"},"content":{"rendered":"<p>Amapolas tarjeta floral. Un hermoso campo de amapolas, en rojo radiante con corazones negros, s\u00edmbolo del largo y c\u00e1lido verano. Aparecen para conocerte cuando abres esta Popcard. Se ha impreso una ilustraci\u00f3n atmosf\u00e9rica junto a la ventana emergente. En el frente tambi\u00e9n una amapola bellamente estilizada, recortada de un fondo rojo en papel crema. \u00bfSab\u00edas que la amapola es un s\u00edmbolo de la flor de la comodidad? Esto se remonta a la Primera Guerra Mundial, cuando las amapolas florecieron profusamente en los campos de batalla de Francia. <a href=\"https:\/\/en.wikipedia.org\/wiki\/Remembrance_Day\" target=\"_blank\" rel=\"noopener\" data-schema-attribute=\"\">En Inglaterra conmemoran el D\u00eda de la Amapola.<\/a> Las flores dicen mucho m\u00e1s que las palabras sobre la amistad y el amor. Un regalo para hacerte muy feliz. Las amapolas tambi\u00e9n alivian el dolor. \u00a1Dilo con flores! <a href=\"https:\/\/popcards.nl\/es\/categoria\/flores-tarjetas-de-felicitacion\/\">Tenemos muchas m\u00e1s tarjetas emergentes de flores.<\/a><\/p>\n<p>Tama\u00f1o de tarjeta 24 \u00d7 17 cm, plegado a 12 \u00d7 17 cm.<br \/>\nIncluye sobre en blanco a juego, empacado en una bolsa de celof\u00e1n.<\/p>","protected":false},"excerpt":{"rendered":"<p>Bloemenkaart Klaprozen. Een prachtig veld met klaprozen, in stralend rood met zwarte hartjes, symbool voor de lange warme zomer. Ze poppen u tegemoet als u deze Popcard opent. Naast de pop-up is nog een sfeervolle illustratie gedrukt. Op de voorzijde ook een fraai gestileerde klaproos, in cr\u00e8me papier uitgesneden uit een rode ondergrond. Wist u [&hellip;]<\/p>\n","protected":false},"featured_media":24090,"comment_status":"open","ping_status":"closed","template":"","meta":{"_iconic_wsb_product_page_order_bump_ids":[[]],"_sku":["8785253682952"],"_iconic_wsb_product_page_bump_modal_ids":[[]]},"product_brand":[],"product_cat":[47,78],"product_tag":[48],"class_list":{"0":"post-24299","1":"product","2":"type-product","3":"status-publish","4":"has-post-thumbnail","6":"product_cat-bloemen-bloemenkaarten-wenskaarten","7":"product_cat-beterschapskaarten-troostkaarten-condoleancekaarten","8":"product_tag-bloemen","9":"pa_brand-popcards","11":"first","12":"instock","13":"taxable","14":"shipping-taxable","15":"purchasable","16":"product-type-simple"},"gallery_images":[24089,85970],"_links":{"self":[{"href":"https:\/\/popcards.nl\/es\/wp-json\/wp\/v2\/product\/24299","targetHints":{"allow":["GET"]}}],"collection":[{"href":"https:\/\/popcards.nl\/es\/wp-json\/wp\/v2\/product"}],"about":[{"href":"https:\/\/popcards.nl\/es\/wp-json\/wp\/v2\/types\/product"}],"replies":[{"embeddable":true,"href":"https:\/\/popcards.nl\/es\/wp-json\/wp\/v2\/comments?post=24299"}],"wp:featuredmedia":[{"embeddable":true,"href":"https:\/\/popcards.nl\/es\/wp-json\/wp\/v2\/media\/24090"}],"wp:attachment":[{"href":"https:\/\/popcards.nl\/es\/wp-json\/wp\/v2\/media?parent=24299"}],"wp:term":[{"taxonomy":"product_brand","embeddable":true,"href":"https:\/\/popcards.nl\/es\/wp-json\/wp\/v2\/product_brand?post=24299"},{"taxonomy":"product_cat","embeddable":true,"href":"https:\/\/popcards.nl\/es\/wp-json\/wp\/v2\/product_cat?post=24299"},{"taxonomy":"product_tag","embeddable":true,"href":"https:\/\/popcards.nl\/es\/wp-json\/wp\/v2\/product_tag?post=24299"}],"curies":[{"name":"gracias","href":"https:\/\/api.w.org\/{rel}","templated":true}]}}