{"id":24309,"date":"2021-02-24T15:56:16","date_gmt":"2021-02-24T14:56:16","guid":{"rendered":"https:\/\/popcards.nl\/?post_type=product&#038;p=24309"},"modified":"2026-04-13T09:55:39","modified_gmt":"2026-04-13T07:55:39","slug":"madre-ganso-nacimiento-nino-tarjeta-de-felicitacion-emergente","status":"publish","type":"product","link":"https:\/\/popcards.nl\/es\/product\/moeder-de-gans-geboorte-jongen-pop-up-wenskaart\/","title":{"rendered":"Tarjeta de felicitaci\u00f3n emergente de mam\u00e1 ganso con ni\u00f1o reci\u00e9n nacido"},"content":{"rendered":"<p>Tarjeta animal Mam\u00e1 Oca con cr\u00edas. Este orgulloso ganso blanco lidera alegremente el camino, seguido por 3 peque\u00f1os gansos amarillos. De camino a chapotear en el agua. Con esta tarjeta haces muy feliz a todos los amantes de los animales. Tanto adultos como ni\u00f1os. La tarjeta tambi\u00e9n es bonita y especial para el D\u00eda de la Madre y como anuncio de nacimiento. Una tarjeta de animales siempre es bienvenida, especialmente si es tan sorprendente como esta Popcard. Un regalo para hacerte feliz. <a href=\"https:\/\/popcards.nl\/es\/categoria\/animales-tarjetas-de-felicitacion\/\">Tenemos muchas m\u00e1s tarjetas emergentes de animales.<\/a><\/p>\n<p><a href=\"https:\/\/en.wikipedia.org\/wiki\/Mother_Goose\" target=\"_blank\" rel=\"noopener\" data-schema-attribute=\"\"><b>Cuentos de hadas de mam\u00e1 ganso<\/b>\u00a0es una colecci\u00f3n de cuentos populares y cuentos de hadas del escritor franc\u00e9s Charles Perrault (1628-1703).<\/a><\/p>\n<p>Tama\u00f1o de tarjeta 24 \u00d7 17 cm, plegado a 12 \u00d7 17 cm.<br \/>\nIncluye sobre en blanco a juego, empacado en una bolsa de celof\u00e1n.<\/p>","protected":false},"excerpt":{"rendered":"<p>Dierenkaart Moeder de Gans met jongen. Deze trotse witte gans loopt parmantig voorop, gevolgd door 3 kleine gele gansjes. Op weg om lekker te gaan spetteren in het water. Met deze kaart maak je iedere dierenliefhebber heel blij. Zowel volwassenen als kinderen. De kaart is ook leuk en apart voor Moederdag en als geboortekaart. Een [&hellip;]<\/p>\n","protected":false},"featured_media":24366,"comment_status":"open","ping_status":"closed","template":"","meta":{"_iconic_wsb_product_page_order_bump_ids":[[]],"_sku":["8785253682907"],"_iconic_wsb_product_page_bump_modal_ids":[[]]},"product_brand":[],"product_cat":[21,22],"product_tag":[132,25,142],"class_list":{"0":"post-24309","1":"product","2":"type-product","3":"status-publish","4":"has-post-thumbnail","6":"product_cat-dieren-dierenkaarten-wenskaarten","7":"product_cat-geboorte-geboortekaarten-baby-babykaart","8":"product_tag-dier","9":"product_tag-geboorte","10":"product_tag-vogel","11":"pa_brand-popcards","13":"first","14":"instock","15":"sale","16":"taxable","17":"shipping-taxable","18":"purchasable","19":"product-type-simple"},"gallery_images":[24098,77279],"_links":{"self":[{"href":"https:\/\/popcards.nl\/es\/wp-json\/wp\/v2\/product\/24309","targetHints":{"allow":["GET"]}}],"collection":[{"href":"https:\/\/popcards.nl\/es\/wp-json\/wp\/v2\/product"}],"about":[{"href":"https:\/\/popcards.nl\/es\/wp-json\/wp\/v2\/types\/product"}],"replies":[{"embeddable":true,"href":"https:\/\/popcards.nl\/es\/wp-json\/wp\/v2\/comments?post=24309"}],"wp:featuredmedia":[{"embeddable":true,"href":"https:\/\/popcards.nl\/es\/wp-json\/wp\/v2\/media\/24366"}],"wp:attachment":[{"href":"https:\/\/popcards.nl\/es\/wp-json\/wp\/v2\/media?parent=24309"}],"wp:term":[{"taxonomy":"product_brand","embeddable":true,"href":"https:\/\/popcards.nl\/es\/wp-json\/wp\/v2\/product_brand?post=24309"},{"taxonomy":"product_cat","embeddable":true,"href":"https:\/\/popcards.nl\/es\/wp-json\/wp\/v2\/product_cat?post=24309"},{"taxonomy":"product_tag","embeddable":true,"href":"https:\/\/popcards.nl\/es\/wp-json\/wp\/v2\/product_tag?post=24309"}],"curies":[{"name":"gracias","href":"https:\/\/api.w.org\/{rel}","templated":true}]}}