{"id":24320,"date":"2021-02-24T16:46:32","date_gmt":"2021-02-24T15:46:32","guid":{"rendered":"https:\/\/popcards.nl\/?post_type=product&#038;p=24320"},"modified":"2026-03-31T09:52:46","modified_gmt":"2026-03-31T07:52:46","slug":"vino-botella-saludos-invitacion-cena-tarjeta-de-felicitacion","status":"publish","type":"product","link":"https:\/\/popcards.nl\/es\/product\/wijnfles-proost-uitnodiging-diner-wenskaart\/","title":{"rendered":"Botella de vino - \u00a1Salud! Invitaci\u00f3n a fiesta cena fiesta tarjeta de felicitaci\u00f3n"},"content":{"rendered":"<p>Botella de vino tarjeta de felicitaci\u00f3n 3d. Esta botella de vino est\u00e1 lista para mimarte a ti y a tus invitados con su delicioso contenido. Y brindando por la amistad, la felicidad, la prosperidad o el amor. Antes o con una buena comida. El mensaje de esta Popcard llega claramente al destinatario, quien estar\u00e1 encantado de responderle. El \u00e9xito est\u00e1 asegurado con esta tarjeta de invitaci\u00f3n de bienvenida separada.<\/p>\n<p>La botella emergente tiene una ilustraci\u00f3n atractiva y el frente de la tarjeta tiene una ilustraci\u00f3n de color crema recortada en verde oscuro. <a href=\"https:\/\/popcards.nl\/es\/mapa-2\/champan-vino-copa-jubileo\/\">\u00bfTambi\u00e9n has visto nuestra tarjeta festiva con botella de champ\u00e1n?<\/a><\/p>\n<p>Tama\u00f1o de la tarjeta 17 \u00d7 24 cm, plegada a 17 \u00d7 12 cm.<br \/>\nIncluye sobre en blanco a juego. Envasado en bolsa de celof\u00e1n.<\/p>\n<p>&nbsp;<\/p>","protected":false},"excerpt":{"rendered":"<p>Wijnfles 3d-wenskaart. Deze fles wijn staat klaar om u en uw gasten te verwennen met zijn lekkere inhoud. En daarbij te toasten op vriendschap, geluk, voorspoed of de liefde. Vooraf of bij een goede maaltijd. De boodschap van deze Popcard komt duidelijk over bij de ontvanger die er graag op zal reageren. Succes verzekerd met [&hellip;]<\/p>\n","protected":false},"featured_media":24101,"comment_status":"open","ping_status":"closed","template":"","meta":{"_iconic_wsb_product_page_order_bump_ids":[[]],"_sku":["8785253682969"],"_iconic_wsb_product_page_bump_modal_ids":[[]]},"product_brand":[],"product_cat":[34,27,57],"product_tag":[243,53,242,239,241,128,137],"class_list":{"0":"post-24320","1":"product","2":"type-product","3":"status-publish","4":"has-post-thumbnail","6":"product_cat-felicitatie-verjaardag-verjaardagskaarten","7":"product_cat-liefde-liefdeskaarten-valentijnskaarten","8":"product_cat-uitnodigingen-uitnodigingskaarten-verjaardag-jubileum","9":"product_tag-bedankt","10":"product_tag-cadeau","11":"product_tag-jubileum","12":"product_tag-nieuwjaar","13":"product_tag-proost","14":"product_tag-vaderdag","15":"product_tag-verjaardag","16":"pa_brand-popcards","18":"first","19":"instock","20":"taxable","21":"shipping-taxable","22":"purchasable","23":"product-type-simple"},"gallery_images":[24100,94325],"_links":{"self":[{"href":"https:\/\/popcards.nl\/es\/wp-json\/wp\/v2\/product\/24320","targetHints":{"allow":["GET"]}}],"collection":[{"href":"https:\/\/popcards.nl\/es\/wp-json\/wp\/v2\/product"}],"about":[{"href":"https:\/\/popcards.nl\/es\/wp-json\/wp\/v2\/types\/product"}],"replies":[{"embeddable":true,"href":"https:\/\/popcards.nl\/es\/wp-json\/wp\/v2\/comments?post=24320"}],"wp:featuredmedia":[{"embeddable":true,"href":"https:\/\/popcards.nl\/es\/wp-json\/wp\/v2\/media\/24101"}],"wp:attachment":[{"href":"https:\/\/popcards.nl\/es\/wp-json\/wp\/v2\/media?parent=24320"}],"wp:term":[{"taxonomy":"product_brand","embeddable":true,"href":"https:\/\/popcards.nl\/es\/wp-json\/wp\/v2\/product_brand?post=24320"},{"taxonomy":"product_cat","embeddable":true,"href":"https:\/\/popcards.nl\/es\/wp-json\/wp\/v2\/product_cat?post=24320"},{"taxonomy":"product_tag","embeddable":true,"href":"https:\/\/popcards.nl\/es\/wp-json\/wp\/v2\/product_tag?post=24320"}],"curies":[{"name":"gracias","href":"https:\/\/api.w.org\/{rel}","templated":true}]}}