{"id":24324,"date":"2021-02-24T17:25:26","date_gmt":"2021-02-24T16:25:26","guid":{"rendered":"https:\/\/popcards.nl\/?post_type=product&#038;p=24324"},"modified":"2026-05-04T10:10:41","modified_gmt":"2026-05-04T08:10:41","slug":"tractor-granja-agricultura-cria-de-animales-3d-tarjeta-de-felicitacion","status":"publish","type":"product","link":"https:\/\/popcards.nl\/es\/product\/tractor-boerderij-landbouw-veeteelt-3d-wenskaart\/","title":{"rendered":"Tractor Farm Agriculture Cr\u00eda de animales pop up tarjetas de felicitaci\u00f3n"},"content":{"rendered":"<p>Este robusto tractor simboliza el trabajo duro y responsable de nuestros agricultores. A menudo alabado, a veces ignorado, pero siempre trabajando en su tierra y para sus animales. &quot;<em>Guus viene a la casa, porque las vacas est\u00e1n a punto de saltar y hay que quitar el heno de la tierra.<\/em>\u201c. Qu\u00e9 responsabilidad todas las estaciones. Con esta Popcard puedes transmitir tu simpat\u00eda. O agradable cuando un granjero se jubila. &quot;Cuelga tu tractor en los sauces&quot;.<\/p>\n<p><a href=\"https:\/\/popcards.nl\/es\/categoria\/vehiculos-barco-tren-avion-coche-bicicleta\/\">Tenemos Popcards de veh\u00edculos m\u00e1s hermosos, como locomotoras, caravanas, motocicletas, autos antiguos, Range Rover, bicicletas y aviones.<\/a><\/p>\n<p>Tama\u00f1o de tarjeta 30 \u00d7 15 cm, plegado a 15 \u00d7 15 cm.<br \/>\nIncluye sobre a juego, empaquetado en una bolsa de celof\u00e1n.<\/p>","protected":false},"excerpt":{"rendered":"<p>Deze stoere tractor staat symbool voor het harde en verantwoordelijke werk van onze boeren. Vaak geprezen, soms miskend, maar altijd aan het werk op hun land en voor hun dieren. &#8220;Guus kom naar huus, want de koei\u2019n staan op springen en het hooi moet van het land&#8220;. Wat een verantwoordelijkheid alle seizoenen door. Met deze [&hellip;]<\/p>\n","protected":false},"featured_media":41426,"comment_status":"open","ping_status":"closed","template":"","meta":{"_iconic_wsb_product_page_order_bump_ids":[[]],"_sku":["8785253682945"],"_iconic_wsb_product_page_bump_modal_ids":[[]]},"product_brand":[],"product_cat":[17],"product_tag":[110],"class_list":{"0":"post-24324","1":"product","2":"type-product","3":"status-publish","4":"has-post-thumbnail","6":"product_cat-voertuigen-schip-trein-vliegtuig-auto-fiets","7":"product_tag-auto","8":"pa_brand-popcards","10":"first","11":"instock","12":"sale","13":"taxable","14":"shipping-taxable","15":"purchasable","16":"product-type-simple"},"gallery_images":[41427,77189],"_links":{"self":[{"href":"https:\/\/popcards.nl\/es\/wp-json\/wp\/v2\/product\/24324","targetHints":{"allow":["GET"]}}],"collection":[{"href":"https:\/\/popcards.nl\/es\/wp-json\/wp\/v2\/product"}],"about":[{"href":"https:\/\/popcards.nl\/es\/wp-json\/wp\/v2\/types\/product"}],"replies":[{"embeddable":true,"href":"https:\/\/popcards.nl\/es\/wp-json\/wp\/v2\/comments?post=24324"}],"wp:featuredmedia":[{"embeddable":true,"href":"https:\/\/popcards.nl\/es\/wp-json\/wp\/v2\/media\/41426"}],"wp:attachment":[{"href":"https:\/\/popcards.nl\/es\/wp-json\/wp\/v2\/media?parent=24324"}],"wp:term":[{"taxonomy":"product_brand","embeddable":true,"href":"https:\/\/popcards.nl\/es\/wp-json\/wp\/v2\/product_brand?post=24324"},{"taxonomy":"product_cat","embeddable":true,"href":"https:\/\/popcards.nl\/es\/wp-json\/wp\/v2\/product_cat?post=24324"},{"taxonomy":"product_tag","embeddable":true,"href":"https:\/\/popcards.nl\/es\/wp-json\/wp\/v2\/product_tag?post=24324"}],"curies":[{"name":"gracias","href":"https:\/\/api.w.org\/{rel}","templated":true}]}}