{"id":268,"date":"2018-07-14T21:04:29","date_gmt":"2018-07-14T19:04:29","guid":{"rendered":"https:\/\/popcards.nl\/?post_type=product&#038;p=268"},"modified":"2026-04-28T18:13:59","modified_gmt":"2026-04-28T16:13:59","slug":"cuna-con-azul-bebe","status":"publish","type":"product","link":"https:\/\/popcards.nl\/es\/product\/geboortekaart-jongen-blauw-wiegje-met-baby\/","title":{"rendered":"Cuna azul con beb\u00e9 anuncio de nacimiento emergente ni\u00f1o"},"content":{"rendered":"<p>Esa es solo una sorprendente tarjeta de felicitaci\u00f3n por el nacimiento de un ni\u00f1o o ni\u00f1a. Tanto en azul como en <a href=\"https:\/\/popcards.nl\/es\/mapa-2\/cuna-con-rosa-bebe\/\">rosa<\/a> disponible.<\/p>\n<p>Tama\u00f1o de tarjeta 24 \u00d7 12 cm, plegado a 12 \u00d7 12 cm.<br \/>\nIncluye sobre en blanco a juego, empacado en una bolsa de celof\u00e1n.<\/p>","protected":false},"excerpt":{"rendered":"<p>Esa s\u00ed que es una sorprendente tarjeta de felicitaci\u00f3n por el nacimiento de un ni\u00f1o o una ni\u00f1a. Disponible tanto en azul como en rosa. Tama\u00f1o tarjeta 24\u00d712 cm, plegada a 12\u00d712 cm. Incluye sobre en blanco a juego, embalado en bolsa de celof\u00e1n.<\/p>","protected":false},"featured_media":3990,"comment_status":"open","ping_status":"closed","template":"","meta":{"_iconic_wsb_product_page_order_bump_ids":[[]],"_sku":["8945004309136"],"_iconic_wsb_product_page_bump_modal_ids":[[]]},"product_brand":[],"product_cat":[22],"product_tag":[25],"class_list":{"0":"post-268","1":"product","2":"type-product","3":"status-publish","4":"has-post-thumbnail","6":"product_cat-geboorte-geboortekaarten-baby-babykaart","7":"product_tag-geboorte","8":"pa_brand-popcards","10":"first","11":"instock","12":"taxable","13":"shipping-taxable","14":"purchasable","15":"product-type-simple"},"gallery_images":[70064],"_links":{"self":[{"href":"https:\/\/popcards.nl\/es\/wp-json\/wp\/v2\/product\/268","targetHints":{"allow":["GET"]}}],"collection":[{"href":"https:\/\/popcards.nl\/es\/wp-json\/wp\/v2\/product"}],"about":[{"href":"https:\/\/popcards.nl\/es\/wp-json\/wp\/v2\/types\/product"}],"replies":[{"embeddable":true,"href":"https:\/\/popcards.nl\/es\/wp-json\/wp\/v2\/comments?post=268"}],"wp:featuredmedia":[{"embeddable":true,"href":"https:\/\/popcards.nl\/es\/wp-json\/wp\/v2\/media\/3990"}],"wp:attachment":[{"href":"https:\/\/popcards.nl\/es\/wp-json\/wp\/v2\/media?parent=268"}],"wp:term":[{"taxonomy":"product_brand","embeddable":true,"href":"https:\/\/popcards.nl\/es\/wp-json\/wp\/v2\/product_brand?post=268"},{"taxonomy":"product_cat","embeddable":true,"href":"https:\/\/popcards.nl\/es\/wp-json\/wp\/v2\/product_cat?post=268"},{"taxonomy":"product_tag","embeddable":true,"href":"https:\/\/popcards.nl\/es\/wp-json\/wp\/v2\/product_tag?post=268"}],"curies":[{"name":"gracias","href":"https:\/\/api.w.org\/{rel}","templated":true}]}}