{"id":273,"date":"2018-07-14T23:14:42","date_gmt":"2018-07-14T21:14:42","guid":{"rendered":"https:\/\/popcards.nl\/?post_type=product&#038;p=273"},"modified":"2025-06-27T19:50:46","modified_gmt":"2025-06-27T17:50:46","slug":"nido-de-pajaro","status":"publish","type":"product","link":"https:\/\/popcards.nl\/es\/product\/vogelnest-vogel-eieren-jong-kuiken-wenskaart\/","title":{"rendered":"P\u00e1jaro nido de p\u00e1jaro con 2 huevos y pollito tarjetas de felicitaci\u00f3n"},"content":{"rendered":"<p>Un lindo nido de p\u00e1jaro con un padre y un polluelo que se alimenta de lombrices de tierra. Una tarjeta de felicitaci\u00f3n por el nacimiento de un ni\u00f1o. Tambi\u00e9n es agradable como felicitaci\u00f3n por un nuevo hogar (\u00a1una nueva camada!). O cuando la gente se casa o vive junta. <a href=\"https:\/\/en.wikipedia.org\/wiki\/Easter\" target=\"_blank\" rel=\"noopener\" data-schema-attribute=\"\">Agradable para Pascua tambi\u00e9n.<\/a> Tarjeta de felicitaci\u00f3n emergente 3D. <a href=\"https:\/\/popcards.nl\/es\/mapa-2\/madre-ganso-nacimiento-nino-tarjeta-de-felicitacion-emergente\/\">\u00bfHas visto tambi\u00e9n nuestra tarjeta emergente con ganso y ni\u00f1os?<\/a><\/p>\n<p>Tama\u00f1o de tarjeta 24 \u00d7 17 cm, plegado a 12 \u00d7 17 cm.<br \/>\nIncluye sobre en blanco a juego, empacado en una bolsa de celof\u00e1n.<\/p>","protected":false},"excerpt":{"rendered":"<p>Een schattig vogelnest met ouder en kuiken dat regenwormpje gevoerd krijgt. Een felicitatiekaart voor de geboorte van een kindje. Ook leuk als felicitatie voor een nieuw huis (een nieuw nest!). Of als mensen gaan trouwen\/samenwonen. Leuk ook voor Pasen. 3D pop-up wenskaart. Heb je ook onze pop-up kaart met gans en kinderen gezien? Kaartformaat 24\u00d717 [&hellip;]<\/p>\n","protected":false},"featured_media":3996,"comment_status":"open","ping_status":"closed","template":"","meta":{"_iconic_wsb_product_page_order_bump_ids":[[]],"_sku":["8945004309112"],"_iconic_wsb_product_page_bump_modal_ids":[[]]},"product_brand":[],"product_cat":[21,22,32,28],"product_tag":[25,142],"class_list":{"0":"post-273","1":"product","2":"type-product","3":"status-publish","4":"has-post-thumbnail","6":"product_cat-dieren-dierenkaarten-wenskaarten","7":"product_cat-geboorte-geboortekaarten-baby-babykaart","8":"product_cat-nieuwe-woning-verhuizing-verhuiskaart","9":"product_cat-trouwen-samenwonen-trouwkaarten","10":"product_tag-geboorte","11":"product_tag-vogel","12":"pa_brand-popcards","14":"first","15":"outofstock","16":"taxable","17":"shipping-taxable","18":"purchasable","19":"product-type-simple"},"gallery_images":[68939],"_links":{"self":[{"href":"https:\/\/popcards.nl\/es\/wp-json\/wp\/v2\/product\/273","targetHints":{"allow":["GET"]}}],"collection":[{"href":"https:\/\/popcards.nl\/es\/wp-json\/wp\/v2\/product"}],"about":[{"href":"https:\/\/popcards.nl\/es\/wp-json\/wp\/v2\/types\/product"}],"replies":[{"embeddable":true,"href":"https:\/\/popcards.nl\/es\/wp-json\/wp\/v2\/comments?post=273"}],"wp:featuredmedia":[{"embeddable":true,"href":"https:\/\/popcards.nl\/es\/wp-json\/wp\/v2\/media\/3996"}],"wp:attachment":[{"href":"https:\/\/popcards.nl\/es\/wp-json\/wp\/v2\/media?parent=273"}],"wp:term":[{"taxonomy":"product_brand","embeddable":true,"href":"https:\/\/popcards.nl\/es\/wp-json\/wp\/v2\/product_brand?post=273"},{"taxonomy":"product_cat","embeddable":true,"href":"https:\/\/popcards.nl\/es\/wp-json\/wp\/v2\/product_cat?post=273"},{"taxonomy":"product_tag","embeddable":true,"href":"https:\/\/popcards.nl\/es\/wp-json\/wp\/v2\/product_tag?post=273"}],"curies":[{"name":"gracias","href":"https:\/\/api.w.org\/{rel}","templated":true}]}}