{"id":275,"date":"2018-07-14T23:23:47","date_gmt":"2018-07-14T21:23:47","guid":{"rendered":"https:\/\/popcards.nl\/?post_type=product&#038;p=275"},"modified":"2025-06-06T16:42:28","modified_gmt":"2025-06-06T14:42:28","slug":"casa-de-perro","status":"publish","type":"product","link":"https:\/\/popcards.nl\/es\/product\/hondje-in-hondenhok-pop-up-kaart-verhuiskaart\/","title":{"rendered":"Perrito en la caseta del perro tarjeta de felicitaci\u00f3n emergente tarjeta m\u00f3vil"},"content":{"rendered":"<p>Una bonita tarjeta infantil de un perro dulce y para todos los que aman a los perros y otros animales. \u00a1Tambi\u00e9n original como tarjeta de felicitaci\u00f3n o reubicaci\u00f3n para un nuevo hogar! Puede ir en todas las direcciones con esta tarjeta de felicitaci\u00f3n en 3D. <a href=\"https:\/\/popcards.nl\/es\/mapa-2\/tarjeta-movil-2\/\">\u00bfHas visto tambi\u00e9n esta otra carta en movimiento?<\/a><\/p>\n<p>Tama\u00f1o de tarjeta 26 \u00d7 15.5 cm, plegado a 13 \u00d7 15.5 cm.<br \/>\nIncluye sobre en blanco a juego, empacado en una bolsa de celof\u00e1n.<\/p>","protected":false},"excerpt":{"rendered":"<p>Een leuke kinderkaart van een lief hondje en voor iedereen die van honden en andere dieren houdt. Ook origineel als felicitatie of verhuiskaart bij een nieuwe woning! Met deze 3d wenskaart kan je alle kanten op. Heb je ook deze andere verhuiskaart gezien? Kaartformaat 26&#215;15,5 cm, gevouwen tot 13\u00d715,5 cm. Inclusief bijpassende blanco envelop, verpakt [&hellip;]<\/p>\n","protected":false},"featured_media":201,"comment_status":"open","ping_status":"closed","template":"","meta":{"_iconic_wsb_product_page_order_bump_ids":[[]],"_sku":["8945004309150"],"_iconic_wsb_product_page_bump_modal_ids":[[]]},"product_brand":[],"product_cat":[21,32],"product_tag":[132,135],"class_list":{"0":"post-275","1":"product","2":"type-product","3":"status-publish","4":"has-post-thumbnail","6":"product_cat-dieren-dierenkaarten-wenskaarten","7":"product_cat-nieuwe-woning-verhuizing-verhuiskaart","8":"product_tag-dier","9":"product_tag-hond","10":"pa_brand-popcards","12":"first","13":"outofstock","14":"taxable","15":"shipping-taxable","16":"purchasable","17":"product-type-simple"},"gallery_images":[70242],"_links":{"self":[{"href":"https:\/\/popcards.nl\/es\/wp-json\/wp\/v2\/product\/275","targetHints":{"allow":["GET"]}}],"collection":[{"href":"https:\/\/popcards.nl\/es\/wp-json\/wp\/v2\/product"}],"about":[{"href":"https:\/\/popcards.nl\/es\/wp-json\/wp\/v2\/types\/product"}],"replies":[{"embeddable":true,"href":"https:\/\/popcards.nl\/es\/wp-json\/wp\/v2\/comments?post=275"}],"wp:featuredmedia":[{"embeddable":true,"href":"https:\/\/popcards.nl\/es\/wp-json\/wp\/v2\/media\/201"}],"wp:attachment":[{"href":"https:\/\/popcards.nl\/es\/wp-json\/wp\/v2\/media?parent=275"}],"wp:term":[{"taxonomy":"product_brand","embeddable":true,"href":"https:\/\/popcards.nl\/es\/wp-json\/wp\/v2\/product_brand?post=275"},{"taxonomy":"product_cat","embeddable":true,"href":"https:\/\/popcards.nl\/es\/wp-json\/wp\/v2\/product_cat?post=275"},{"taxonomy":"product_tag","embeddable":true,"href":"https:\/\/popcards.nl\/es\/wp-json\/wp\/v2\/product_tag?post=275"}],"curies":[{"name":"gracias","href":"https:\/\/api.w.org\/{rel}","templated":true}]}}