{"id":278,"date":"2018-07-14T23:34:14","date_gmt":"2018-07-14T21:34:14","guid":{"rendered":"https:\/\/popcards.nl\/?post_type=product&#038;p=278"},"modified":"2025-07-19T14:31:00","modified_gmt":"2025-07-19T12:31:00","slug":"zoo-de-la-jungla","status":"publish","type":"product","link":"https:\/\/popcards.nl\/es\/product\/jungle-dierentuin-met-aap-leeuw-giraf-wenskaart\/","title":{"rendered":"Selva \/ zool\u00f3gico con monos, leones y jirafas tarjetas de felicitaci\u00f3n"},"content":{"rendered":"<p>Una jungla completa con monos, leones y jirafas. Gran tarjeta emergente en 3D para todos los ni\u00f1os y todos los que aman la naturaleza. \u00bfInvitaci\u00f3n a visitar el zool\u00f3gico?<\/p>\n<p>Tama\u00f1o de tarjeta 24 \u00d7 17 cm, plegado a 12 \u00d7 17 cm.<br \/>\nIncluye sobre en blanco a juego, empacado en una bolsa de celof\u00e1n.<\/p>","protected":false},"excerpt":{"rendered":"<p>Una jungla completa con monos, leones y jirafas. Fant\u00e1stica tarjeta desplegable en 3D para todos los ni\u00f1os y para todos los que aman la naturaleza. \u00bfInvitaci\u00f3n a una visita al zool\u00f3gico? Tama\u00f1o tarjeta 24\u00d717 cm, plegada a 12\u00d717 cm. Incluye sobre en blanco a juego, embalado en bolsa de celof\u00e1n.<\/p>","protected":false},"featured_media":2997,"comment_status":"open","ping_status":"closed","template":"","meta":{"_iconic_wsb_product_page_order_bump_ids":[[]],"_sku":["8945004309167"],"_iconic_wsb_product_page_bump_modal_ids":[[]]},"product_brand":[],"product_cat":[21,34],"product_tag":[132,51,42],"class_list":{"0":"post-278","1":"product","2":"type-product","3":"status-publish","4":"has-post-thumbnail","6":"product_cat-dieren-dierenkaarten-wenskaarten","7":"product_cat-felicitatie-verjaardag-verjaardagskaarten","8":"product_tag-dier","9":"product_tag-dierentuin","10":"product_tag-palmboom","11":"pa_brand-popcards","13":"first","14":"outofstock","15":"taxable","16":"shipping-taxable","17":"purchasable","18":"product-type-simple"},"gallery_images":[70235],"_links":{"self":[{"href":"https:\/\/popcards.nl\/es\/wp-json\/wp\/v2\/product\/278","targetHints":{"allow":["GET"]}}],"collection":[{"href":"https:\/\/popcards.nl\/es\/wp-json\/wp\/v2\/product"}],"about":[{"href":"https:\/\/popcards.nl\/es\/wp-json\/wp\/v2\/types\/product"}],"replies":[{"embeddable":true,"href":"https:\/\/popcards.nl\/es\/wp-json\/wp\/v2\/comments?post=278"}],"wp:featuredmedia":[{"embeddable":true,"href":"https:\/\/popcards.nl\/es\/wp-json\/wp\/v2\/media\/2997"}],"wp:attachment":[{"href":"https:\/\/popcards.nl\/es\/wp-json\/wp\/v2\/media?parent=278"}],"wp:term":[{"taxonomy":"product_brand","embeddable":true,"href":"https:\/\/popcards.nl\/es\/wp-json\/wp\/v2\/product_brand?post=278"},{"taxonomy":"product_cat","embeddable":true,"href":"https:\/\/popcards.nl\/es\/wp-json\/wp\/v2\/product_cat?post=278"},{"taxonomy":"product_tag","embeddable":true,"href":"https:\/\/popcards.nl\/es\/wp-json\/wp\/v2\/product_tag?post=278"}],"curies":[{"name":"gracias","href":"https:\/\/api.w.org\/{rel}","templated":true}]}}