{"id":28151,"date":"2021-05-25T11:36:59","date_gmt":"2021-05-25T09:36:59","guid":{"rendered":"https:\/\/popcards.nl\/?post_type=product&#038;p=28151"},"modified":"2025-09-22T11:55:06","modified_gmt":"2025-09-22T09:55:06","slug":"nueva-york-horizonte-estatua-de-libertad-3d-pop-up-map","status":"publish","type":"product","link":"https:\/\/popcards.nl\/es\/product\/new-york-skyline-vrijheidsbeeld-3d-pop-up-kaart\/","title":{"rendered":"Horizonte de la ciudad de Nueva York con la estatua de la libertad tarjeta emergente tarjeta de felicitaci\u00f3n 3D"},"content":{"rendered":"<p>\u00a1La gran Manzana! <a href=\"https:\/\/goo.gl\/maps\/wzxvuatHFtc9xxTs5\" target=\"_blank\" rel=\"noopener\" data-schema-attribute=\"\">Manhattan<\/a>. Preciosa tarjeta de felicitaci\u00f3n grande llena de rascacielos plegables de Nueva York, la Estatua de la Libertad, el Empire State Building, el Puente de Brooklyn y Wall Street. Regale al destinatario un agradable sabor o recuerdo de Nueva York. El frente rojo con el corte Lady Liberty tiene brillos, lo que hace que la tarjeta sea m\u00e1s festiva.<\/p>\n<p>Los colores en el v\u00eddeo y la foto difieren ligeramente. Los colores que recibir\u00e1s son los que se muestran en el v\u00eddeo.<\/p>\n<p><a href=\"https:\/\/popcards.nl\/es\/categoria\/edificios-famosos\/\">\u00bfHas visto nuestros otros edificios famosos?<\/a><\/p>\n<p>Formato de tarjeta grande 34 \u00d7 18 cm, plegado a 17 \u00d7 18 cm.<br \/>\nIncluye sobre en blanco dorado a juego, empaquetado en una bolsa de celof\u00e1n.<\/p>","protected":false},"excerpt":{"rendered":"<p>The Big Apple! Manhattan. Schitterende grote wenskaart vol opklappende wolkenkrabbers in New York, het Vrijheidsbeeld, het Empire State Building, de Brooklyn Bridge en Wall Street. Geef de ontvanger een mooi voorproefje of herinnering aan New York. De rode voorkant met uitgesneden Lady Liberty heeft glinstertjes, wat de kaart extra feestelijk maakt. De kleuren op de [&hellip;]<\/p>\n","protected":false},"featured_media":28149,"comment_status":"open","ping_status":"closed","template":"","meta":{"_iconic_wsb_product_page_order_bump_ids":[[]],"_sku":["8785253683980"],"_iconic_wsb_product_page_bump_modal_ids":[[]]},"product_brand":[],"product_cat":[73],"product_tag":[86,248],"class_list":{"0":"post-28151","1":"product","2":"type-product","3":"status-publish","4":"has-post-thumbnail","6":"product_cat-beroemde-gebouwen","7":"product_tag-stedentrip","8":"product_tag-vakantie","9":"pa_brand-popcards","11":"first","12":"outofstock","13":"taxable","14":"shipping-taxable","15":"purchasable","16":"product-type-simple"},"gallery_images":[28148,83693],"_links":{"self":[{"href":"https:\/\/popcards.nl\/es\/wp-json\/wp\/v2\/product\/28151","targetHints":{"allow":["GET"]}}],"collection":[{"href":"https:\/\/popcards.nl\/es\/wp-json\/wp\/v2\/product"}],"about":[{"href":"https:\/\/popcards.nl\/es\/wp-json\/wp\/v2\/types\/product"}],"replies":[{"embeddable":true,"href":"https:\/\/popcards.nl\/es\/wp-json\/wp\/v2\/comments?post=28151"}],"wp:featuredmedia":[{"embeddable":true,"href":"https:\/\/popcards.nl\/es\/wp-json\/wp\/v2\/media\/28149"}],"wp:attachment":[{"href":"https:\/\/popcards.nl\/es\/wp-json\/wp\/v2\/media?parent=28151"}],"wp:term":[{"taxonomy":"product_brand","embeddable":true,"href":"https:\/\/popcards.nl\/es\/wp-json\/wp\/v2\/product_brand?post=28151"},{"taxonomy":"product_cat","embeddable":true,"href":"https:\/\/popcards.nl\/es\/wp-json\/wp\/v2\/product_cat?post=28151"},{"taxonomy":"product_tag","embeddable":true,"href":"https:\/\/popcards.nl\/es\/wp-json\/wp\/v2\/product_tag?post=28151"}],"curies":[{"name":"gracias","href":"https:\/\/api.w.org\/{rel}","templated":true}]}}