{"id":28154,"date":"2021-05-25T11:45:40","date_gmt":"2021-05-25T09:45:40","guid":{"rendered":"https:\/\/popcards.nl\/?post_type=product&#038;p=28154"},"modified":"2025-08-18T11:19:36","modified_gmt":"2025-08-18T09:19:36","slug":"ramo-grande-con-claveles-3d-pop-up-card-flowers","status":"publish","type":"product","link":"https:\/\/popcards.nl\/es\/product\/groot-boeket-met-anjers-3d-pop-up-kaart-bloemen\/","title":{"rendered":"Tarjeta pop-up ramo grande con claveles rojos tarjeta pop-up flores"},"content":{"rendered":"<p><a href=\"https:\/\/en.wikipedia.org\/wiki\/Dianthus_caryophyllus\" target=\"_blank\" rel=\"noopener\" data-schema-attribute=\"\">Claveles<\/a>! Una impresionante tarjeta de flores grandes. Rosa plateado brillante en el exterior con un hermoso corte de clavel y al abrir la tarjeta, aparece un hermoso ramo de no menos de 20 claveles rojos. En un hermoso jarr\u00f3n de colores, con un lazo alegre y decorado con atractivas ilustraciones de claveles en la parte superior izquierda e inferior derecha. El fondo plateado brillante del interior le da a la tarjeta un aspecto lujoso. Una flor puede ser as\u00ed de festiva. Tambi\u00e9n tenemos un ramo de lirios, magnolias y girasoles. Para cuando te guste la variedad.<\/p>\n<p><a href=\"https:\/\/popcards.nl\/es\/categoria\/flores-tarjetas-de-felicitacion\/\">\u00bfHas visto nuestras otras tarjetas de flores?<\/a><\/p>\n<p>Tama\u00f1o de tarjeta grande de 30 \u00d7 20 cm, plegado a 15 \u00d7 20 cm.<br \/>\nIncluye sobre dorado a juego. Empaquetado en una bolsa de celof\u00e1n.<\/p>","protected":false},"excerpt":{"rendered":"<p>Anjers! Een imposant grote bloemenkaart. Zilverglanzend roze aan de buitenkant met fraaie anjer uitsnede en als je de kaart openslaat springt er een prachtig boeket van maar liefst 20 rode anjers te voorschijn. In mooie gekleurde vaas, met een vrolijke strik en linksboven en rechtsonder met sfeervolle anjer illustraties versierd. De zilverglanzende ondergrond van de [&hellip;]<\/p>\n","protected":false},"featured_media":28138,"comment_status":"open","ping_status":"closed","template":"","meta":{"_iconic_wsb_product_page_order_bump_ids":[[]],"_sku":["8785253683829"],"_iconic_wsb_product_page_bump_modal_ids":[[]]},"product_brand":[],"product_cat":[47],"product_tag":[48],"class_list":{"0":"post-28154","1":"product","2":"type-product","3":"status-publish","4":"has-post-thumbnail","6":"product_cat-bloemen-bloemenkaarten-wenskaarten","7":"product_tag-bloemen","8":"pa_brand-popcards","10":"first","11":"outofstock","12":"sale","13":"taxable","14":"shipping-taxable","15":"purchasable","16":"product-type-simple"},"gallery_images":[77188],"_links":{"self":[{"href":"https:\/\/popcards.nl\/es\/wp-json\/wp\/v2\/product\/28154","targetHints":{"allow":["GET"]}}],"collection":[{"href":"https:\/\/popcards.nl\/es\/wp-json\/wp\/v2\/product"}],"about":[{"href":"https:\/\/popcards.nl\/es\/wp-json\/wp\/v2\/types\/product"}],"replies":[{"embeddable":true,"href":"https:\/\/popcards.nl\/es\/wp-json\/wp\/v2\/comments?post=28154"}],"wp:featuredmedia":[{"embeddable":true,"href":"https:\/\/popcards.nl\/es\/wp-json\/wp\/v2\/media\/28138"}],"wp:attachment":[{"href":"https:\/\/popcards.nl\/es\/wp-json\/wp\/v2\/media?parent=28154"}],"wp:term":[{"taxonomy":"product_brand","embeddable":true,"href":"https:\/\/popcards.nl\/es\/wp-json\/wp\/v2\/product_brand?post=28154"},{"taxonomy":"product_cat","embeddable":true,"href":"https:\/\/popcards.nl\/es\/wp-json\/wp\/v2\/product_cat?post=28154"},{"taxonomy":"product_tag","embeddable":true,"href":"https:\/\/popcards.nl\/es\/wp-json\/wp\/v2\/product_tag?post=28154"}],"curies":[{"name":"gracias","href":"https:\/\/api.w.org\/{rel}","templated":true}]}}