{"id":28161,"date":"2021-05-25T12:44:36","date_gmt":"2021-05-25T10:44:36","guid":{"rendered":"https:\/\/popcards.nl\/?post_type=product&#038;p=28161"},"modified":"2026-04-16T20:07:53","modified_gmt":"2026-04-16T18:07:53","slug":"pop-up-card-bird-hummingbird-3d-card-greeting-card","status":"publish","type":"product","link":"https:\/\/popcards.nl\/es\/product\/pop-up-kaart-vogel-kolibrie-3d-kaart-wenskaart\/","title":{"rendered":"Tarjeta emergente Colibr\u00ed de Colores - Tarjeta de felicitaci\u00f3n en 3D del p\u00e1jaro"},"content":{"rendered":"<p>El peque\u00f1o colibr\u00ed activo simboliza la vida y el optimismo. Y por la libertad, por una nueva etapa en tu vida. Esta tarjeta emergente tiene un frente mate \/ rosa que muestra un colibr\u00ed verde brillante. El texto debajo del colibr\u00ed es: &quot;Ten buen coraz\u00f3n, la vida es hermosa en todas partes&quot;. Cuando abres la Popcard, un hermoso colibr\u00ed sale volando del mapa, entre un follaje bellamente ilustrado. Hacia la libertad. Las 2 alas y el cuerpo son sorprendentemente transparentes. Se incluye una tarjeta separada en un lugar oculto para el texto de acompa\u00f1amiento sensible. Entonces no tienes que describir esta hermosa Popcard.<\/p>\n<p>El colibr\u00ed es un p\u00e1jaro de color brillante met\u00e1lico elegante y hermoso de las regiones tropicales de Am\u00e9rica. No debe confundirse con Kingfisher. La mayor\u00eda de las especies alcanzan una longitud de 7-13 cm, y el colibr\u00ed abeja es el ave m\u00e1s peque\u00f1a del mundo con 5 cm de longitud y un peso de 1,5 gramos. Con sus largos picos y lenguas beben miel de los c\u00e1lices, volando quietos en el aire. Los colibr\u00edes son verdaderos acr\u00f3batas voladores. Pueden quedarse quietos en el aire como un helic\u00f3ptero, hacia arriba, hacia abajo e incluso volar hacia atr\u00e1s. <a href=\"https:\/\/popcards.nl\/es\/etiqueta-product\/pajaro\/\">Tenemos muchas m\u00e1s Popcards de aves.<\/a><\/p>\n<p>Tama\u00f1o de la tarjeta 25 \u00d7 18 cm, plegada a 12,5 \u00d7 18 cm. Con tarjeta extra para tu texto.<br \/>\nIncluye sobre dorado a juego. Empaquetado en una bolsa de celof\u00e1n.<\/p>","protected":false},"excerpt":{"rendered":"<p>De kleine actieve kolibrie staat symbool voor het leven en optimisme. En voor vrijheid, voor een nieuwe fase in je leven. Deze pop-up kaart heeft een mat\/roze voorkant waarop een glanzende groene kolibrie staat afgebeeld. De tekst onder de kolibrie is: \u201cHave a good heart, life is beautiful everywhere.\u201d Als u de Popcard opent, vliegt [&hellip;]<\/p>\n","protected":false},"featured_media":28237,"comment_status":"open","ping_status":"closed","template":"","meta":{"_iconic_wsb_product_page_order_bump_ids":[[]],"_sku":["8785253683126"],"_iconic_wsb_product_page_bump_modal_ids":[[]]},"product_brand":[],"product_cat":[21,78],"product_tag":[142],"class_list":{"0":"post-28161","1":"product","2":"type-product","3":"status-publish","4":"has-post-thumbnail","6":"product_cat-dieren-dierenkaarten-wenskaarten","7":"product_cat-beterschapskaarten-troostkaarten-condoleancekaarten","8":"product_tag-vogel","9":"pa_brand-popcards","11":"first","12":"instock","13":"sale","14":"taxable","15":"shipping-taxable","16":"purchasable","17":"product-type-simple"},"gallery_images":[28236,68669],"_links":{"self":[{"href":"https:\/\/popcards.nl\/es\/wp-json\/wp\/v2\/product\/28161","targetHints":{"allow":["GET"]}}],"collection":[{"href":"https:\/\/popcards.nl\/es\/wp-json\/wp\/v2\/product"}],"about":[{"href":"https:\/\/popcards.nl\/es\/wp-json\/wp\/v2\/types\/product"}],"replies":[{"embeddable":true,"href":"https:\/\/popcards.nl\/es\/wp-json\/wp\/v2\/comments?post=28161"}],"wp:featuredmedia":[{"embeddable":true,"href":"https:\/\/popcards.nl\/es\/wp-json\/wp\/v2\/media\/28237"}],"wp:attachment":[{"href":"https:\/\/popcards.nl\/es\/wp-json\/wp\/v2\/media?parent=28161"}],"wp:term":[{"taxonomy":"product_brand","embeddable":true,"href":"https:\/\/popcards.nl\/es\/wp-json\/wp\/v2\/product_brand?post=28161"},{"taxonomy":"product_cat","embeddable":true,"href":"https:\/\/popcards.nl\/es\/wp-json\/wp\/v2\/product_cat?post=28161"},{"taxonomy":"product_tag","embeddable":true,"href":"https:\/\/popcards.nl\/es\/wp-json\/wp\/v2\/product_tag?post=28161"}],"curies":[{"name":"gracias","href":"https:\/\/api.w.org\/{rel}","templated":true}]}}