{"id":28181,"date":"2021-05-25T15:23:10","date_gmt":"2021-05-25T13:23:10","guid":{"rendered":"https:\/\/popcards.nl\/?post_type=product&#038;p=28181"},"modified":"2026-04-27T16:38:23","modified_gmt":"2026-04-27T14:38:23","slug":"tulipanes-en-florero-flores-pop-up-card-3d-greeting-card","status":"publish","type":"product","link":"https:\/\/popcards.nl\/es\/product\/tulpen-in-vaas-bloemen-pop-up-kaart-3d-wenskaart\/","title":{"rendered":"Tulipanes en florero flores pop-up tarjeta"},"content":{"rendered":"<p><strong>Tarjeta de flores Tulipanes. \u00a1Nuevo! <\/strong>Esta tarjeta emergente especial es diferente de nuestras Popcards habituales, pero muy divertida y sorprendente. La tarjeta consta de 12 Tulipanes impresos a todo color en una divertida tetera dorada. Los propios tulipanes est\u00e1n formados por varias capas una encima de la otra, de modo que dan un efecto tridimensional visible y tangible. Los 12 tulipanes est\u00e1n dispuestos en 3 capas uno detr\u00e1s del otro con una distancia entre ellos, lo que tambi\u00e9n realza el efecto tridimensional. Cuando se despliega, la tarjeta se mantiene firme y aut\u00f3noma en el espacio. La parte posterior tambi\u00e9n est\u00e1 bellamente impresa, incluye una palabra de agradecimiento y contiene un espacio en blanco ovalado en el que puede escribir su propio mensaje. Una tarjeta muy especial, que se puede admirar por todos lados.<\/p>\n<p>\u00a1Dilo con flores! <a href=\"https:\/\/popcards.nl\/es\/categoria\/flores-tarjetas-de-felicitacion\/\">Tenemos muchas m\u00e1s tarjetas emergentes de flores.<\/a> Incluyendo 2 m\u00e1s de estas tarjetas independientes: una tarjeta de clavel y una tarjeta de hortensias.<\/p>\n<p>Tama\u00f1o de la tarjeta 17,5 \u00d7 11 cm. Plegado 3 cm de profundidad.<br \/>\nIncluye sobre dorado a juego. Empaquetado en una bolsa de celof\u00e1n.<\/p>","protected":false},"excerpt":{"rendered":"<p>Bloemenkaart Tulpen. Nieuw! Deze bijzondere pop-up kaart is anders uitgevoerd dan onze gebruikelijke Popcards, maar heel erg leuk en verrassend. De kaart bestaat uit 12 in volle kleuren gedrukte Tulpen in grappige gouden theepot. De tulpen zelf zijn opgebouwd uit meerdere lagen op elkaar, zodat ze een zichtbaar en voelbaar 3-dimensionaal effect geven. De 12 [&hellip;]<\/p>\n","protected":false},"featured_media":28140,"comment_status":"open","ping_status":"closed","template":"","meta":{"_iconic_wsb_product_page_order_bump_ids":[[]],"_sku":["8785253683324"],"_iconic_wsb_product_page_bump_modal_ids":[[]]},"product_brand":[],"product_cat":[47],"product_tag":[48],"class_list":{"0":"post-28181","1":"product","2":"type-product","3":"status-publish","4":"has-post-thumbnail","6":"product_cat-bloemen-bloemenkaarten-wenskaarten","7":"product_tag-bloemen","8":"pa_brand-popcards","10":"first","11":"instock","12":"taxable","13":"shipping-taxable","14":"purchasable","15":"product-type-simple"},"gallery_images":[71082],"_links":{"self":[{"href":"https:\/\/popcards.nl\/es\/wp-json\/wp\/v2\/product\/28181","targetHints":{"allow":["GET"]}}],"collection":[{"href":"https:\/\/popcards.nl\/es\/wp-json\/wp\/v2\/product"}],"about":[{"href":"https:\/\/popcards.nl\/es\/wp-json\/wp\/v2\/types\/product"}],"replies":[{"embeddable":true,"href":"https:\/\/popcards.nl\/es\/wp-json\/wp\/v2\/comments?post=28181"}],"wp:featuredmedia":[{"embeddable":true,"href":"https:\/\/popcards.nl\/es\/wp-json\/wp\/v2\/media\/28140"}],"wp:attachment":[{"href":"https:\/\/popcards.nl\/es\/wp-json\/wp\/v2\/media?parent=28181"}],"wp:term":[{"taxonomy":"product_brand","embeddable":true,"href":"https:\/\/popcards.nl\/es\/wp-json\/wp\/v2\/product_brand?post=28181"},{"taxonomy":"product_cat","embeddable":true,"href":"https:\/\/popcards.nl\/es\/wp-json\/wp\/v2\/product_cat?post=28181"},{"taxonomy":"product_tag","embeddable":true,"href":"https:\/\/popcards.nl\/es\/wp-json\/wp\/v2\/product_tag?post=28181"}],"curies":[{"name":"gracias","href":"https:\/\/api.w.org\/{rel}","templated":true}]}}