{"id":282,"date":"2018-07-14T23:55:12","date_gmt":"2018-07-14T21:55:12","guid":{"rendered":"https:\/\/popcards.nl\/?post_type=product&#038;p=282"},"modified":"2025-06-06T16:42:28","modified_gmt":"2025-06-06T14:42:28","slug":"composicion-de-flores-en-verde-claro-y-rojo","status":"publish","type":"product","link":"https:\/\/popcards.nl\/es\/product\/narcis-pop-up-kaart-prachtige-bloemen-wenskaart\/","title":{"rendered":"Tarjeta emergente Narciso | Hermosa tarjeta de felicitaci\u00f3n floral"},"content":{"rendered":"<p>Una tarjeta de felicitaci\u00f3n emergente impresionantemente grande con hermosas flores de narciso. Adecuado para cualquier ocasi\u00f3n. \u00a1Con esta tarjeta 3D har\u00e1s feliz a todos los destinatarios!<\/p>\n<p>Tama\u00f1o de tarjeta 30 \u00d7 15 cm, plegado a 15 \u00d7 15 cm.<br \/>\nIncluye sobre en blanco a juego, empacado en una bolsa de celof\u00e1n.<\/p>","protected":false},"excerpt":{"rendered":"<p>Una impresionante tarjeta desplegable de gran tama\u00f1o con preciosas flores de narciso. Perfecta para cualquier ocasi\u00f3n. \u00a1Esta tarjeta 3D encantar\u00e1 a quien la reciba! Tama\u00f1o de la tarjeta: 30 x 15 cm, plegada a 15 x 15 cm. Incluye un sobre blanco a juego, empaquetado en una bolsa de celof\u00e1n.<\/p>","protected":false},"featured_media":52814,"comment_status":"open","ping_status":"closed","template":"","meta":{"_iconic_wsb_product_page_order_bump_ids":[[]],"_sku":["8945004309198"],"_iconic_wsb_product_page_bump_modal_ids":[[]]},"product_brand":[],"product_cat":[47,78,34],"product_tag":[48],"class_list":{"0":"post-282","1":"product","2":"type-product","3":"status-publish","4":"has-post-thumbnail","6":"product_cat-bloemen-bloemenkaarten-wenskaarten","7":"product_cat-beterschapskaarten-troostkaarten-condoleancekaarten","8":"product_cat-felicitatie-verjaardag-verjaardagskaarten","9":"product_tag-bloemen","10":"pa_brand-popcards","12":"first","13":"outofstock","14":"taxable","15":"shipping-taxable","16":"purchasable","17":"product-type-simple"},"gallery_images":[70219],"_links":{"self":[{"href":"https:\/\/popcards.nl\/es\/wp-json\/wp\/v2\/product\/282","targetHints":{"allow":["GET"]}}],"collection":[{"href":"https:\/\/popcards.nl\/es\/wp-json\/wp\/v2\/product"}],"about":[{"href":"https:\/\/popcards.nl\/es\/wp-json\/wp\/v2\/types\/product"}],"replies":[{"embeddable":true,"href":"https:\/\/popcards.nl\/es\/wp-json\/wp\/v2\/comments?post=282"}],"wp:featuredmedia":[{"embeddable":true,"href":"https:\/\/popcards.nl\/es\/wp-json\/wp\/v2\/media\/52814"}],"wp:attachment":[{"href":"https:\/\/popcards.nl\/es\/wp-json\/wp\/v2\/media?parent=282"}],"wp:term":[{"taxonomy":"product_brand","embeddable":true,"href":"https:\/\/popcards.nl\/es\/wp-json\/wp\/v2\/product_brand?post=282"},{"taxonomy":"product_cat","embeddable":true,"href":"https:\/\/popcards.nl\/es\/wp-json\/wp\/v2\/product_cat?post=282"},{"taxonomy":"product_tag","embeddable":true,"href":"https:\/\/popcards.nl\/es\/wp-json\/wp\/v2\/product_tag?post=282"}],"curies":[{"name":"gracias","href":"https:\/\/api.w.org\/{rel}","templated":true}]}}