{"id":290,"date":"2018-07-16T17:47:47","date_gmt":"2018-07-16T15:47:47","guid":{"rendered":"https:\/\/popcards.nl\/?post_type=product&#038;p=290"},"modified":"2026-04-01T09:00:40","modified_gmt":"2026-04-01T07:00:40","slug":"dos-regalos-en-colores-alegres","status":"publish","type":"product","link":"https:\/\/popcards.nl\/es\/product\/cadeautjes-in-vrolijke-kleuren-pop-up-wenskaart\/","title":{"rendered":"Dos regalos en tarjeta de felicitaci\u00f3n emergente de colores alegres"},"content":{"rendered":"<p>Dos regalos coloridos para felicitar a alguien. Dar dinero como regalo siempre es un poco b\u00e1sico, pero si coloca el dinero en esta tarjeta emergente 3D, \u00a1realmente est\u00e1 dando algo especial!<\/p>\n<p>Tama\u00f1o de tarjeta 24 \u00d7 12 cm, plegado a 12 \u00d7 12 cm.<br \/>\nIncluye sobre en blanco a juego, empacado en una bolsa de celof\u00e1n.<\/p>","protected":false},"excerpt":{"rendered":"<p>Dos regalos coloridos para felicitar a alguien. Dar dinero como regalo es siempre un poco b\u00e1sico, pero si coloca el dinero en esta tarjeta emergente 3D, \u00a1realmente est\u00e1 dando algo especial! Tama\u00f1o de tarjeta 24 \u00d7 12 cm, plegado a 12 \u00d7 12 cm. Incluye sobre en blanco a juego, empacado en una bolsa de celof\u00e1n.<\/p>","protected":false},"featured_media":173,"comment_status":"open","ping_status":"closed","template":"","meta":{"_iconic_wsb_product_page_order_bump_ids":[[]],"_sku":["8945004309228"],"_iconic_wsb_product_page_bump_modal_ids":[[]]},"product_brand":[],"product_cat":[34],"product_tag":[53,112,137],"class_list":{"0":"post-290","1":"product","2":"type-product","3":"status-publish","4":"has-post-thumbnail","6":"product_cat-felicitatie-verjaardag-verjaardagskaarten","7":"product_tag-cadeau","8":"product_tag-geslaagd","9":"product_tag-verjaardag","10":"pa_brand-popcards","12":"first","13":"instock","14":"taxable","15":"shipping-taxable","16":"purchasable","17":"product-type-simple"},"gallery_images":[70057],"_links":{"self":[{"href":"https:\/\/popcards.nl\/es\/wp-json\/wp\/v2\/product\/290","targetHints":{"allow":["GET"]}}],"collection":[{"href":"https:\/\/popcards.nl\/es\/wp-json\/wp\/v2\/product"}],"about":[{"href":"https:\/\/popcards.nl\/es\/wp-json\/wp\/v2\/types\/product"}],"replies":[{"embeddable":true,"href":"https:\/\/popcards.nl\/es\/wp-json\/wp\/v2\/comments?post=290"}],"wp:featuredmedia":[{"embeddable":true,"href":"https:\/\/popcards.nl\/es\/wp-json\/wp\/v2\/media\/173"}],"wp:attachment":[{"href":"https:\/\/popcards.nl\/es\/wp-json\/wp\/v2\/media?parent=290"}],"wp:term":[{"taxonomy":"product_brand","embeddable":true,"href":"https:\/\/popcards.nl\/es\/wp-json\/wp\/v2\/product_brand?post=290"},{"taxonomy":"product_cat","embeddable":true,"href":"https:\/\/popcards.nl\/es\/wp-json\/wp\/v2\/product_cat?post=290"},{"taxonomy":"product_tag","embeddable":true,"href":"https:\/\/popcards.nl\/es\/wp-json\/wp\/v2\/product_tag?post=290"}],"curies":[{"name":"gracias","href":"https:\/\/api.w.org\/{rel}","templated":true}]}}