{"id":291,"date":"2018-07-16T17:50:53","date_gmt":"2018-07-16T15:50:53","guid":{"rendered":"https:\/\/popcards.nl\/?post_type=product&#038;p=291"},"modified":"2026-04-30T07:37:04","modified_gmt":"2026-04-30T05:37:04","slug":"globos-felices-fuera-de-la-caja","status":"publish","type":"product","link":"https:\/\/popcards.nl\/es\/product\/vrolijke-ballonnen-uit-een-doosje-pop-up-kaart\/","title":{"rendered":"Globos alegres de una tarjeta de felicitaci\u00f3n con tarjeta emergente"},"content":{"rendered":"<p>Tarjeta emergente con 15 globos de colores que saltan de una caja. \u00a1Qu\u00e9 grata sorpresa! Eso hace felices a todos. Cumplea\u00f1os, graduaci\u00f3n, casa nueva, estos globos son parte de ello.<\/p>\n<p>Tama\u00f1o de la tarjeta 28\u00d714 cm, plegada a 14\u00d714 cm.<br \/>\nIncluye sobre en blanco a juego, empacado en una bolsa de celof\u00e1n.<\/p>","protected":false},"excerpt":{"rendered":"<p>Tarjeta desplegable con 15 globos de colores que salen de una caja. \u00a1Qu\u00e9 sorpresa tan divertida! A todos les encantar\u00e1. Un cumplea\u00f1os, una graduaci\u00f3n, una casa nueva... estos globos son imprescindibles. Tama\u00f1o de la tarjeta: 28 x 14 cm, doblada a 14 x 14 cm. Incluye un sobre en blanco a juego, empaquetado en una bolsa de celof\u00e1n.<\/p>","protected":false},"featured_media":72387,"comment_status":"open","ping_status":"closed","template":"","meta":{"_iconic_wsb_product_page_order_bump_ids":[[]],"_sku":["8945004309266"],"_iconic_wsb_product_page_bump_modal_ids":[[]]},"product_brand":[],"product_cat":[34,32,57],"product_tag":[137],"class_list":{"0":"post-291","1":"product","2":"type-product","3":"status-publish","4":"has-post-thumbnail","6":"product_cat-felicitatie-verjaardag-verjaardagskaarten","7":"product_cat-nieuwe-woning-verhuizing-verhuiskaart","8":"product_cat-uitnodigingen-uitnodigingskaarten-verjaardag-jubileum","9":"product_tag-verjaardag","10":"pa_brand-popcards","12":"first","13":"instock","14":"sale","15":"taxable","16":"shipping-taxable","17":"purchasable","18":"product-type-simple"},"gallery_images":[87753],"_links":{"self":[{"href":"https:\/\/popcards.nl\/es\/wp-json\/wp\/v2\/product\/291","targetHints":{"allow":["GET"]}}],"collection":[{"href":"https:\/\/popcards.nl\/es\/wp-json\/wp\/v2\/product"}],"about":[{"href":"https:\/\/popcards.nl\/es\/wp-json\/wp\/v2\/types\/product"}],"replies":[{"embeddable":true,"href":"https:\/\/popcards.nl\/es\/wp-json\/wp\/v2\/comments?post=291"}],"wp:featuredmedia":[{"embeddable":true,"href":"https:\/\/popcards.nl\/es\/wp-json\/wp\/v2\/media\/72387"}],"wp:attachment":[{"href":"https:\/\/popcards.nl\/es\/wp-json\/wp\/v2\/media?parent=291"}],"wp:term":[{"taxonomy":"product_brand","embeddable":true,"href":"https:\/\/popcards.nl\/es\/wp-json\/wp\/v2\/product_brand?post=291"},{"taxonomy":"product_cat","embeddable":true,"href":"https:\/\/popcards.nl\/es\/wp-json\/wp\/v2\/product_cat?post=291"},{"taxonomy":"product_tag","embeddable":true,"href":"https:\/\/popcards.nl\/es\/wp-json\/wp\/v2\/product_tag?post=291"}],"curies":[{"name":"gracias","href":"https:\/\/api.w.org\/{rel}","templated":true}]}}