{"id":293,"date":"2018-07-16T17:56:36","date_gmt":"2018-07-16T15:56:36","guid":{"rendered":"https:\/\/popcards.nl\/?post_type=product&#038;p=293"},"modified":"2026-04-29T16:08:15","modified_gmt":"2026-04-29T14:08:15","slug":"te-amo-con-gran-corazon-rojo-san-valentin","status":"publish","type":"product","link":"https:\/\/popcards.nl\/es\/product\/i-love-you-met-groot-rood-hart-valentijnskaart\/","title":{"rendered":"Te amo con un gran coraz\u00f3n rojo, por tu amor o por el D\u00eda de la Madre"},"content":{"rendered":"<p><a href=\"https:\/\/nl.wikipedia.org\/wiki\/Valentijnsdag\" target=\"_blank\" rel=\"noopener noreferrer\">Dia de san valentin<\/a>! \u00bfQu\u00e9 pensar\u00eda tu Valentine sobre esto? Valentine &quot;\u00a1Te amo!&quot; Estas palabras tienen significado en todo el mundo. Est\u00e1n en el frente de la tarjeta. Y est\u00e1n unidos por dentro con un gran coraz\u00f3n rojo. Tarjeta del D\u00eda de la Madre: \u00a1Tambi\u00e9n una tarjeta fant\u00e1stica para regalar, por ejemplo, el 10 de mayo de 2020 para el D\u00eda de la Madre!<\/p>\n<p>Tambi\u00e9n tienes nuestro otro <a href=\"https:\/\/popcards.nl\/es\/categoria\/tarjetas-de-amor-de-san-valentin\/\">tarjetas de amor<\/a> visto?<\/p>\n<p>Tama\u00f1o de la tarjeta 20 \u00d7 15 cm, plegado a 10 \u00d7 15 cm.<br \/>\nIncluye sobre en blanco a juego, empacado en una bolsa de celof\u00e1n.<\/p>","protected":false},"excerpt":{"rendered":"<p>Valentijnsdag! Wat zou jouw Valentijn hiervan vinden? Valentijnskaart &#8220;I love you!&#8221;. Deze woorden hebben wereldwijd betekenis. Ze staan op de voorkant van de kaart. En worden aan de binnenkant bevestigd met een groot rood hart. Moederdagkaart: Ook een fantastische kaart om bijvoorbeeld 10 mei 2020 voor Moederdag te geven! Heb je ook onze andere liefdeskaarten [&hellip;]<\/p>\n","protected":false},"featured_media":191,"comment_status":"open","ping_status":"closed","template":"","meta":{"_iconic_wsb_product_page_order_bump_ids":[[]],"_sku":["8945004309396"],"_iconic_wsb_product_page_bump_modal_ids":[[]]},"product_brand":[],"product_cat":[27,78,28],"product_tag":[55,127,128,83],"class_list":{"0":"post-293","1":"product","2":"type-product","3":"status-publish","4":"has-post-thumbnail","6":"product_cat-liefde-liefdeskaarten-valentijnskaarten","7":"product_cat-beterschapskaarten-troostkaarten-condoleancekaarten","8":"product_cat-trouwen-samenwonen-trouwkaarten","9":"product_tag-hart","10":"product_tag-moederdag","11":"product_tag-vaderdag","12":"product_tag-valentijn","13":"pa_brand-popcards","15":"first","16":"instock","17":"taxable","18":"shipping-taxable","19":"purchasable","20":"product-type-simple"},"gallery_images":[70880],"_links":{"self":[{"href":"https:\/\/popcards.nl\/es\/wp-json\/wp\/v2\/product\/293","targetHints":{"allow":["GET"]}}],"collection":[{"href":"https:\/\/popcards.nl\/es\/wp-json\/wp\/v2\/product"}],"about":[{"href":"https:\/\/popcards.nl\/es\/wp-json\/wp\/v2\/types\/product"}],"replies":[{"embeddable":true,"href":"https:\/\/popcards.nl\/es\/wp-json\/wp\/v2\/comments?post=293"}],"wp:featuredmedia":[{"embeddable":true,"href":"https:\/\/popcards.nl\/es\/wp-json\/wp\/v2\/media\/191"}],"wp:attachment":[{"href":"https:\/\/popcards.nl\/es\/wp-json\/wp\/v2\/media?parent=293"}],"wp:term":[{"taxonomy":"product_brand","embeddable":true,"href":"https:\/\/popcards.nl\/es\/wp-json\/wp\/v2\/product_brand?post=293"},{"taxonomy":"product_cat","embeddable":true,"href":"https:\/\/popcards.nl\/es\/wp-json\/wp\/v2\/product_cat?post=293"},{"taxonomy":"product_tag","embeddable":true,"href":"https:\/\/popcards.nl\/es\/wp-json\/wp\/v2\/product_tag?post=293"}],"curies":[{"name":"gracias","href":"https:\/\/api.w.org\/{rel}","templated":true}]}}