{"id":294,"date":"2018-07-16T18:00:29","date_gmt":"2018-07-16T16:00:29","guid":{"rendered":"https:\/\/popcards.nl\/?post_type=product&#038;p=294"},"modified":"2026-05-04T13:34:26","modified_gmt":"2026-05-04T11:34:26","slug":"cupido-con-gran-corazon-rojo-san-valentin","status":"publish","type":"product","link":"https:\/\/popcards.nl\/es\/product\/cupido-met-groot-rood-hart-valentijn\/","title":{"rendered":"Cupidos con gran coraz\u00f3n rojo - San Valent\u00edn"},"content":{"rendered":"<p>\u00bfBuscas una hermosa tarjeta de San Valent\u00edn? Esta tarjeta no necesita palabras para mostrar amor. Un gran coraz\u00f3n rojo con no menos de 2 <a href=\"https:\/\/nl.wikipedia.org\/wiki\/Cupido_(mythologie)\" target=\"_blank\" rel=\"noopener noreferrer\">Cupidos<\/a> decir m\u00e1s que suficiente. Tarjeta del D\u00eda de la Madre: \u00a1Tambi\u00e9n es una tarjeta fant\u00e1stica para regalar para el D\u00eda de la Madre en mayo, por ejemplo!<\/p>\n<p>\u00bfTambi\u00e9n tienes nuestro<a href=\"https:\/\/popcards.nl\/es\/categoria\/tarjetas-de-amor-de-san-valentin\/\"> otras tarjetas de San Valent\u00edn y amor<\/a> visto?<\/p>\n<p>Tama\u00f1o de tarjeta 26 \u00d7 15.5 cm, plegado a 13 \u00d7 15.5 cm.<br \/>\nIncluye sobre en blanco a juego, empacado en una bolsa de celof\u00e1n.<\/p>","protected":false},"excerpt":{"rendered":"<p>Op zoek naar een prachtige Valentijnkaart? Deze kaart heeft geen woorden nodig om de liefde te tonen. Een groot rood hart met maar liefst 2 Cupido\u2019s zeggen meer dan genoeg.\u00a0 Moederdagkaart: Ook een fantastische kaart om bijvoorbeeld in mei voor Moederdag te geven! Heb je ook onze andere Valentijn- en liefdeskaarten gezien? Kaartformaat 26&#215;15,5 cm, [&hellip;]<\/p>\n","protected":false},"featured_media":193,"comment_status":"open","ping_status":"closed","template":"","meta":{"_iconic_wsb_product_page_order_bump_ids":[[]],"_sku":["8785253683416"],"_iconic_wsb_product_page_bump_modal_ids":[[]]},"product_brand":[],"product_cat":[27,28],"product_tag":[55,83],"class_list":{"0":"post-294","1":"product","2":"type-product","3":"status-publish","4":"has-post-thumbnail","6":"product_cat-liefde-liefdeskaarten-valentijnskaarten","7":"product_cat-trouwen-samenwonen-trouwkaarten","8":"product_tag-hart","9":"product_tag-valentijn","10":"pa_brand-popcards","12":"first","13":"instock","14":"taxable","15":"shipping-taxable","16":"purchasable","17":"product-type-simple"},"gallery_images":[75497],"_links":{"self":[{"href":"https:\/\/popcards.nl\/es\/wp-json\/wp\/v2\/product\/294","targetHints":{"allow":["GET"]}}],"collection":[{"href":"https:\/\/popcards.nl\/es\/wp-json\/wp\/v2\/product"}],"about":[{"href":"https:\/\/popcards.nl\/es\/wp-json\/wp\/v2\/types\/product"}],"replies":[{"embeddable":true,"href":"https:\/\/popcards.nl\/es\/wp-json\/wp\/v2\/comments?post=294"}],"wp:featuredmedia":[{"embeddable":true,"href":"https:\/\/popcards.nl\/es\/wp-json\/wp\/v2\/media\/193"}],"wp:attachment":[{"href":"https:\/\/popcards.nl\/es\/wp-json\/wp\/v2\/media?parent=294"}],"wp:term":[{"taxonomy":"product_brand","embeddable":true,"href":"https:\/\/popcards.nl\/es\/wp-json\/wp\/v2\/product_brand?post=294"},{"taxonomy":"product_cat","embeddable":true,"href":"https:\/\/popcards.nl\/es\/wp-json\/wp\/v2\/product_cat?post=294"},{"taxonomy":"product_tag","embeddable":true,"href":"https:\/\/popcards.nl\/es\/wp-json\/wp\/v2\/product_tag?post=294"}],"curies":[{"name":"gracias","href":"https:\/\/api.w.org\/{rel}","templated":true}]}}