{"id":29685,"date":"2021-07-16T22:11:13","date_gmt":"2021-07-16T20:11:13","guid":{"rendered":"https:\/\/popcards.nl\/?post_type=product&#038;p=29685"},"modified":"2026-04-18T18:22:35","modified_gmt":"2026-04-18T16:22:35","slug":"tarjeta-de-felicitacion-emergente-rosa-sakura-flor-de-cerezo","status":"publish","type":"product","link":"https:\/\/popcards.nl\/es\/product\/roze-sakura-kersenbloesem-pop-up-wenskaart\/","title":{"rendered":"Tarjeta desplegable 3D con flor de cerezo rosa Sakura"},"content":{"rendered":"<p>Este Sakura Cherry Tree rebosante de florecientes flores rosadas aparece cuando abres esta tarjeta. Tambi\u00e9n ve una hermosa ilustraci\u00f3n de una rama de flor que suelta su flor. Las flores de Sakura simbolizan la felicidad, el amor, el final y sobre todo un nuevo comienzo. Debido a que las flores florecen durante tan poco tiempo, los cerezos en flor tambi\u00e9n representan la muerte humana. Nos recuerdan lo corta y preciosa que es la vida. El frente es rosado atractivo con una rama de flor de hermosos colores.<\/p>\n<p><a href=\"https:\/\/popcards.nl\/es\/etiqueta-product\/arbol\/\">Tenemos \u00e1rboles a\u00fan m\u00e1s hermosos en nuestro rango.\u00a0<\/a><\/p>\n<p>Tama\u00f1o de la tarjeta 26 \u00d7 18 cm, plegada a 13 \u00d7 18 cm.<br \/>\nIncluye sobre a juego, empaquetado en una bolsa de celof\u00e1n.<\/p>","protected":false},"excerpt":{"rendered":"<p>Deze Sakura Kersenboom boordevol bloeiende roze bloesem popt op als u deze kaart opent. Ook ziet u een fraaie illustratie van een bloesemtak die haar bloesem loslaat. De Sakura bloemen symboliseren geluk, liefde, einde en vooral een nieuw begin. Omdat de bloesems zo kort bloeien, vertegenwoordigen kersenbloesem bomen ook menselijke overlijden. Ze herinneren ons eraan [&hellip;]<\/p>\n","protected":false},"featured_media":29674,"comment_status":"open","ping_status":"closed","template":"","meta":{"_iconic_wsb_product_page_order_bump_ids":[[]],"_sku":["8785253684406"],"_iconic_wsb_product_page_bump_modal_ids":[[]]},"product_brand":[],"product_cat":[47,78,34],"product_tag":[240,238],"class_list":{"0":"post-29685","1":"product","2":"type-product","3":"status-publish","4":"has-post-thumbnail","6":"product_cat-bloemen-bloemenkaarten-wenskaarten","7":"product_cat-beterschapskaarten-troostkaarten-condoleancekaarten","8":"product_cat-felicitatie-verjaardag-verjaardagskaarten","9":"product_tag-boom","10":"product_tag-sakura","11":"pa_brand-popcards","13":"first","14":"instock","15":"taxable","16":"shipping-taxable","17":"purchasable","18":"product-type-simple"},"gallery_images":[70630,47668],"_links":{"self":[{"href":"https:\/\/popcards.nl\/es\/wp-json\/wp\/v2\/product\/29685","targetHints":{"allow":["GET"]}}],"collection":[{"href":"https:\/\/popcards.nl\/es\/wp-json\/wp\/v2\/product"}],"about":[{"href":"https:\/\/popcards.nl\/es\/wp-json\/wp\/v2\/types\/product"}],"replies":[{"embeddable":true,"href":"https:\/\/popcards.nl\/es\/wp-json\/wp\/v2\/comments?post=29685"}],"wp:featuredmedia":[{"embeddable":true,"href":"https:\/\/popcards.nl\/es\/wp-json\/wp\/v2\/media\/29674"}],"wp:attachment":[{"href":"https:\/\/popcards.nl\/es\/wp-json\/wp\/v2\/media?parent=29685"}],"wp:term":[{"taxonomy":"product_brand","embeddable":true,"href":"https:\/\/popcards.nl\/es\/wp-json\/wp\/v2\/product_brand?post=29685"},{"taxonomy":"product_cat","embeddable":true,"href":"https:\/\/popcards.nl\/es\/wp-json\/wp\/v2\/product_cat?post=29685"},{"taxonomy":"product_tag","embeddable":true,"href":"https:\/\/popcards.nl\/es\/wp-json\/wp\/v2\/product_tag?post=29685"}],"curies":[{"name":"gracias","href":"https:\/\/api.w.org\/{rel}","templated":true}]}}