{"id":297,"date":"2018-07-16T18:15:32","date_gmt":"2018-07-16T16:15:32","guid":{"rendered":"https:\/\/popcards.nl\/?post_type=product&#038;p=297"},"modified":"2026-05-03T21:38:53","modified_gmt":"2026-05-03T19:38:53","slug":"guitarra-frente-negro","status":"publish","type":"product","link":"https:\/\/popcards.nl\/es\/product\/akoestische-gitaar-live-music-pop-up-wenskaart\/","title":{"rendered":"Tarjeta de felicitaci\u00f3n emergente 3D de m\u00fasica en vivo de guitarra ac\u00fastica"},"content":{"rendered":"<p>Esta guitarra ac\u00fastica se ve muy bien en esta tarjeta de felicitaci\u00f3n emergente. Y muy bonito si el destinatario tambi\u00e9n toca la guitarra o le gusta la guitarra.<\/p>\n<p>Tama\u00f1o de tarjeta 26 \u00d7 15.5 cm, plegado a 13 \u00d7 15.5 cm.<br \/>\nIncluye sobre en blanco a juego, empacado en una bolsa de celof\u00e1n.<\/p>","protected":false},"excerpt":{"rendered":"<p>Esta guitarra ac\u00fastica luce preciosa en esta tarjeta de felicitaci\u00f3n desplegable. Es especialmente bonita si el destinatario tambi\u00e9n toca o le encanta la guitarra. Tama\u00f1o de la tarjeta: 26 x 15,5 cm, doblada a 13 x 15,5 cm. Incluye un sobre en blanco a juego, empaquetado en una bolsa de celof\u00e1n.<\/p>","protected":false},"featured_media":187,"comment_status":"open","ping_status":"closed","template":"","meta":{"_iconic_wsb_product_page_order_bump_ids":[[]],"_sku":["8945004309327"],"_iconic_wsb_product_page_bump_modal_ids":[[]]},"product_brand":[],"product_cat":[58,78,27,57],"product_tag":[134],"class_list":{"0":"post-297","1":"product","2":"type-product","3":"status-publish","4":"has-post-thumbnail","6":"product_cat-muziek-muziekinstrumenten-wenskaarten","7":"product_cat-beterschapskaarten-troostkaarten-condoleancekaarten","8":"product_cat-liefde-liefdeskaarten-valentijnskaarten","9":"product_cat-uitnodigingen-uitnodigingskaarten-verjaardag-jubileum","10":"product_tag-muziek","11":"pa_brand-popcards","13":"first","14":"instock","15":"taxable","16":"shipping-taxable","17":"purchasable","18":"product-type-simple"},"gallery_images":[71080],"_links":{"self":[{"href":"https:\/\/popcards.nl\/es\/wp-json\/wp\/v2\/product\/297","targetHints":{"allow":["GET"]}}],"collection":[{"href":"https:\/\/popcards.nl\/es\/wp-json\/wp\/v2\/product"}],"about":[{"href":"https:\/\/popcards.nl\/es\/wp-json\/wp\/v2\/types\/product"}],"replies":[{"embeddable":true,"href":"https:\/\/popcards.nl\/es\/wp-json\/wp\/v2\/comments?post=297"}],"wp:featuredmedia":[{"embeddable":true,"href":"https:\/\/popcards.nl\/es\/wp-json\/wp\/v2\/media\/187"}],"wp:attachment":[{"href":"https:\/\/popcards.nl\/es\/wp-json\/wp\/v2\/media?parent=297"}],"wp:term":[{"taxonomy":"product_brand","embeddable":true,"href":"https:\/\/popcards.nl\/es\/wp-json\/wp\/v2\/product_brand?post=297"},{"taxonomy":"product_cat","embeddable":true,"href":"https:\/\/popcards.nl\/es\/wp-json\/wp\/v2\/product_cat?post=297"},{"taxonomy":"product_tag","embeddable":true,"href":"https:\/\/popcards.nl\/es\/wp-json\/wp\/v2\/product_tag?post=297"}],"curies":[{"name":"gracias","href":"https:\/\/api.w.org\/{rel}","templated":true}]}}