{"id":29700,"date":"2021-07-16T22:54:36","date_gmt":"2021-07-16T20:54:36","guid":{"rendered":"https:\/\/popcards.nl\/?post_type=product&#038;p=29700"},"modified":"2026-03-17T15:31:51","modified_gmt":"2026-03-17T14:31:51","slug":"colorido-ornamental-pajaro-pop-up-greeting-card-bird","status":"publish","type":"product","link":"https:\/\/popcards.nl\/es\/product\/kleurrijke-siervogel-pop-up-wenskaart-vogel\/","title":{"rendered":"P\u00e1jaro ornamental colorido - P\u00e1jaro de tarjeta de felicitaci\u00f3n emergente"},"content":{"rendered":"<p>Acogedora ave ornamental de fantas\u00eda con hermosos colores y una mirada alegre. Agradable para cualquier amante de las aves. La hermosa rama de flor de color amarillo ocre sobre el fondo azul oscuro armoniza bien con el azul claro y el amarillo del p\u00e1jaro. El frente tiene una hermosa ilustraci\u00f3n de p\u00e1jaro sobre un fondo beige suave. Una tarjeta colorida y acogedora, adecuada para muchas ocasiones. <a href=\"https:\/\/popcards.nl\/es\/etiqueta-product\/pajaro\/\">Tenemos muchas m\u00e1s tarjetas emergentes de aves.<\/a><\/p>\n<p>Tama\u00f1o de tarjeta 24 \u00d7 17 cm, plegado a 12 \u00d7 17 cm.<br \/>\nIncluye sobre en blanco a juego, empacado en una bolsa de celof\u00e1n.<\/p>","protected":false},"excerpt":{"rendered":"<p>Gezellige fantasie siervogel met fraaie kleuren en een vrolijke oogopslag. Leuk voor elke vogel liefhebber. De mooie okergele bloementak op de donkerblauwe ondergrond harmonieert goed met het lichte blauw en geel van de vogel. De voorzijde heeft een fraaie vogel illustratie op een zachtbeige ondergrond. Een gezellige kleurige kaart, voor veel gelegenheden geschikt. Wij hebben [&hellip;]<\/p>\n","protected":false},"featured_media":29671,"comment_status":"open","ping_status":"closed","template":"","meta":{"_iconic_wsb_product_page_order_bump_ids":[[]],"_sku":["8785253682655"],"_iconic_wsb_product_page_bump_modal_ids":[[]]},"product_brand":[],"product_cat":[21,78],"product_tag":[142],"class_list":{"0":"post-29700","1":"product","2":"type-product","3":"status-publish","4":"has-post-thumbnail","6":"product_cat-dieren-dierenkaarten-wenskaarten","7":"product_cat-beterschapskaarten-troostkaarten-condoleancekaarten","8":"product_tag-vogel","9":"pa_brand-popcards","11":"first","12":"instock","13":"taxable","14":"shipping-taxable","15":"purchasable","16":"product-type-simple"},"gallery_images":[87768],"_links":{"self":[{"href":"https:\/\/popcards.nl\/es\/wp-json\/wp\/v2\/product\/29700","targetHints":{"allow":["GET"]}}],"collection":[{"href":"https:\/\/popcards.nl\/es\/wp-json\/wp\/v2\/product"}],"about":[{"href":"https:\/\/popcards.nl\/es\/wp-json\/wp\/v2\/types\/product"}],"replies":[{"embeddable":true,"href":"https:\/\/popcards.nl\/es\/wp-json\/wp\/v2\/comments?post=29700"}],"wp:featuredmedia":[{"embeddable":true,"href":"https:\/\/popcards.nl\/es\/wp-json\/wp\/v2\/media\/29671"}],"wp:attachment":[{"href":"https:\/\/popcards.nl\/es\/wp-json\/wp\/v2\/media?parent=29700"}],"wp:term":[{"taxonomy":"product_brand","embeddable":true,"href":"https:\/\/popcards.nl\/es\/wp-json\/wp\/v2\/product_brand?post=29700"},{"taxonomy":"product_cat","embeddable":true,"href":"https:\/\/popcards.nl\/es\/wp-json\/wp\/v2\/product_cat?post=29700"},{"taxonomy":"product_tag","embeddable":true,"href":"https:\/\/popcards.nl\/es\/wp-json\/wp\/v2\/product_tag?post=29700"}],"curies":[{"name":"gracias","href":"https:\/\/api.w.org\/{rel}","templated":true}]}}