{"id":29709,"date":"2021-07-16T23:19:39","date_gmt":"2021-07-16T21:19:39","guid":{"rendered":"https:\/\/popcards.nl\/?post_type=product&#038;p=29709"},"modified":"2026-04-30T12:23:29","modified_gmt":"2026-04-30T10:23:29","slug":"tarjeta-emergente-de-monos-felices-en-un-arbol","status":"publish","type":"product","link":"https:\/\/popcards.nl\/es\/product\/vrolijke-aapjes-in-een-boom-pop-up-kaart\/","title":{"rendered":"Tarjeta emergente de monos felices en un \u00e1rbol"},"content":{"rendered":"<p>Estos alegres monos se divierten para tres. M\u00edralos columpi\u00e1ndose en el \u00e1rbol. \u00c9xito garantizado como invitaci\u00f3n a una fiesta swinger o divertida. Y como tarjeta infantil, un ganador para cada ni\u00f1o que ama a los animales. \u00bfIr al zool\u00f3gico con el abuelo y la abuela? <a href=\"https:\/\/popcards.nl\/es\/categoria\/animales-tarjetas-de-felicitacion\/\">\u00bfHas visto nuestras otras tarjetas de felicitaci\u00f3n de animales?<\/a><\/p>\n<p>Tama\u00f1o de tarjeta 30 x 15 cm, plegado a 15 x 15 cm.<br \/>\nIncluye sobre en blanco a juego, empacado en una bolsa de celof\u00e1n.<\/p>","protected":false},"excerpt":{"rendered":"<p>Deze vrolijke aapjes hebben pret voor drie. Kijk ze eens swingen aan en in de boom. Succes verzekerd als uitnodiging voor een swingende party of gezellig feestje. En als kinderkaart een topper voor elk kindje dat van dieren houdt. Samen met opa en oma naar de dierentuin? Heb je ook onze andere dieren wenskaarten gezien? [&hellip;]<\/p>\n","protected":false},"featured_media":29678,"comment_status":"open","ping_status":"closed","template":"","meta":{"_iconic_wsb_product_page_order_bump_ids":[[]],"_sku":["8785253683003"],"_iconic_wsb_product_page_bump_modal_ids":[[]]},"product_brand":[],"product_cat":[21,34],"product_tag":[132,51],"class_list":{"0":"post-29709","1":"product","2":"type-product","3":"status-publish","4":"has-post-thumbnail","6":"product_cat-dieren-dierenkaarten-wenskaarten","7":"product_cat-felicitatie-verjaardag-verjaardagskaarten","8":"product_tag-dier","9":"product_tag-dierentuin","10":"pa_brand-popcards","12":"first","13":"instock","14":"taxable","15":"shipping-taxable","16":"purchasable","17":"product-type-simple"},"gallery_images":[68941],"_links":{"self":[{"href":"https:\/\/popcards.nl\/es\/wp-json\/wp\/v2\/product\/29709","targetHints":{"allow":["GET"]}}],"collection":[{"href":"https:\/\/popcards.nl\/es\/wp-json\/wp\/v2\/product"}],"about":[{"href":"https:\/\/popcards.nl\/es\/wp-json\/wp\/v2\/types\/product"}],"replies":[{"embeddable":true,"href":"https:\/\/popcards.nl\/es\/wp-json\/wp\/v2\/comments?post=29709"}],"wp:featuredmedia":[{"embeddable":true,"href":"https:\/\/popcards.nl\/es\/wp-json\/wp\/v2\/media\/29678"}],"wp:attachment":[{"href":"https:\/\/popcards.nl\/es\/wp-json\/wp\/v2\/media?parent=29709"}],"wp:term":[{"taxonomy":"product_brand","embeddable":true,"href":"https:\/\/popcards.nl\/es\/wp-json\/wp\/v2\/product_brand?post=29709"},{"taxonomy":"product_cat","embeddable":true,"href":"https:\/\/popcards.nl\/es\/wp-json\/wp\/v2\/product_cat?post=29709"},{"taxonomy":"product_tag","embeddable":true,"href":"https:\/\/popcards.nl\/es\/wp-json\/wp\/v2\/product_tag?post=29709"}],"curies":[{"name":"gracias","href":"https:\/\/api.w.org\/{rel}","templated":true}]}}