{"id":32464,"date":"2021-10-10T14:15:15","date_gmt":"2021-10-10T12:15:15","guid":{"rendered":"https:\/\/popcards.nl\/?post_type=product&#038;p=32464"},"modified":"2025-12-24T18:21:09","modified_gmt":"2025-12-24T17:21:09","slug":"especial-tarjeta-navidad-linterna-escena-navidena","status":"publish","type":"product","link":"https:\/\/popcards.nl\/es\/product\/bijzondere-kerstkaart-lantaarn-kersttafereel\/","title":{"rendered":"Linterna especial para tarjetas navide\u00f1as con casa navide\u00f1a y tarjeta emergente de Pap\u00e1 Noel"},"content":{"rendered":"<p><div  class='flex_column av-119a0nk-db4613352376f9c56cd8663f08c762b1 av_one_half  avia-builder-el-0  el_before_av_one_half  avia-builder-el-first  first flex_column_div'     ><p>Linterna con casa de Navidad, Pap\u00e1 Noel y trineo. \u00a1Una tarjeta de Navidad emergente diferente a la diferente! Porque aqu\u00ed hay una escena navide\u00f1a completa incorporada en una linterna rom\u00e1ntica, con ventanas &quot;reales&quot;. Puedes colocar la linterna por separado o colgarla y en la linterna ver\u00e1s un colorido paisaje navide\u00f1o acabado con purpurina. Con una casa de invierno, Pap\u00e1 Noel, trineo con renos y un gran \u00e1rbol de Navidad decorado. <strong>\u00a1Mira el video para ver todos los detalles! <\/strong>En el frente del pedestal hay letras doradas &quot;Feliz Navidad&quot; y en la parte posterior del pedestal hay un espacio para escribir su deseo navide\u00f1o.<\/p>\n<p>Una rom\u00e1ntica y dulce tarjeta navide\u00f1a que el destinatario conservar\u00e1 durante a\u00f1os y volver\u00e1 a colgar o colgar cada Navidad. Tambi\u00e9n disponible en edici\u00f3n m\u00e1s grande.<\/p>\n<p><a href=\"https:\/\/popcards.nl\/es\/categoria\/las-10-tarjetas-navidenas-mas-bonitas\/\">Popcards tiene muchas m\u00e1s divertidas tarjetas navide\u00f1as emergentes.<\/a><\/p><\/div><br \/>\n<div  class='flex_column av-vyeg40-667b9ad949489bdaa68bc9bc7ca3a32c av_one_half  avia-builder-el-1  el_after_av_one_half  avia-builder-el-last  flex_column_div'     ><div style=\"width: 280px;\" class=\"wp-video\"><video class=\"popcards\" id=\"video-32464-1\" width=\"280\" height=\"280\" poster=\"https:\/\/popcards.nl\/wp-content\/uploads\/2021\/10\/kerstkaart-lantaarn-compilatie-2.jpg\" preload=\"metadata\" controls=\"controls\"><source type=\"video\/mp4\" src=\"https:\/\/popcards.nl\/wp-content\/uploads\/2021\/10\/Kerstfilm-lantaarn-2.mp4?_=1\" \/><a href=\"https:\/\/popcards.nl\/wp-content\/uploads\/2021\/10\/Kerstfilm-lantaarn-2.mp4\">https:\/\/popcards.nl\/wp-content\/uploads\/2021\/10\/Kerstfilm-lantaarn-2.mp4<\/a><\/video><\/div>\n<p>Tama\u00f1o de la tarjeta 23 \u00d7 20 cm, desplegada 7 \u00d7 4,8 x 20 cm. Solo 24 gramos (1 sello navide\u00f1o) y f\u00e1cil de enviar por correo postal.<\/p>\n<p>Incluye sobre dorado a juego, empacado en una bolsa de celof\u00e1n.<\/p><\/div><\/p>","protected":false},"excerpt":{"rendered":"","protected":false},"featured_media":32458,"comment_status":"open","ping_status":"closed","template":"","meta":{"_iconic_wsb_product_page_order_bump_ids":[[]],"_sku":["8785253683447"],"_iconic_wsb_product_page_bump_modal_ids":[[]]},"product_brand":[],"product_cat":[79],"product_tag":[131],"class_list":{"0":"post-32464","1":"product","2":"type-product","3":"status-publish","4":"has-post-thumbnail","6":"product_cat-de-top-10-mooiste-kerstkaarten","7":"product_tag-kerst","8":"pa_brand-popcards","10":"first","11":"instock","12":"taxable","13":"shipping-taxable","14":"purchasable","15":"product-type-simple"},"gallery_images":[32456,32457,76022],"_links":{"self":[{"href":"https:\/\/popcards.nl\/es\/wp-json\/wp\/v2\/product\/32464","targetHints":{"allow":["GET"]}}],"collection":[{"href":"https:\/\/popcards.nl\/es\/wp-json\/wp\/v2\/product"}],"about":[{"href":"https:\/\/popcards.nl\/es\/wp-json\/wp\/v2\/types\/product"}],"replies":[{"embeddable":true,"href":"https:\/\/popcards.nl\/es\/wp-json\/wp\/v2\/comments?post=32464"}],"wp:featuredmedia":[{"embeddable":true,"href":"https:\/\/popcards.nl\/es\/wp-json\/wp\/v2\/media\/32458"}],"wp:attachment":[{"href":"https:\/\/popcards.nl\/es\/wp-json\/wp\/v2\/media?parent=32464"}],"wp:term":[{"taxonomy":"product_brand","embeddable":true,"href":"https:\/\/popcards.nl\/es\/wp-json\/wp\/v2\/product_brand?post=32464"},{"taxonomy":"product_cat","embeddable":true,"href":"https:\/\/popcards.nl\/es\/wp-json\/wp\/v2\/product_cat?post=32464"},{"taxonomy":"product_tag","embeddable":true,"href":"https:\/\/popcards.nl\/es\/wp-json\/wp\/v2\/product_tag?post=32464"}],"curies":[{"name":"gracias","href":"https:\/\/api.w.org\/{rel}","templated":true}]}}