{"id":32734,"date":"2021-10-17T16:22:23","date_gmt":"2021-10-17T14:22:23","guid":{"rendered":"https:\/\/popcards.nl\/?post_type=product&#038;p=32734"},"modified":"2026-04-13T10:20:00","modified_gmt":"2026-04-13T08:20:00","slug":"tarjeta-infantil-tarjeta-de-cumpleanos-tren-infantil","status":"publish","type":"product","link":"https:\/\/popcards.nl\/es\/product\/kinderkaart-verjaardagskaart-kindertrein\/","title":{"rendered":"Tarjeta para ni\u00f1os Tarjeta de feliz cumplea\u00f1os con locomotora | tren para ni\u00f1os"},"content":{"rendered":"<p>\u00a1Feliz tren infantil! Si le env\u00eda una tarjeta de cumplea\u00f1os a su nieto, a otro ni\u00f1o o incluso a un entusiasta de los trenes mayor, h\u00e1galo grande, divertido y original de inmediato. \u00a1Sin duda tendr\u00e1 \u00e9xito con esta colorida locomotora emergente!<\/p>\n<p>El exterior de la tarjeta es de un hermoso color morado oscuro mate. El frente est\u00e1 enmarcado con un borde dorado brillante y tiene letras met\u00e1licas con brillo: &quot;Feliz cumplea\u00f1os&quot;. Tambi\u00e9n cuenta con una ilustraci\u00f3n enmarcada en oro de una peque\u00f1a y divertida locomotora. \u00a1Eso promete algo para el interior!<\/p>\n<p>Cuando se abre, emerge una locomotora robusta en colores brillantes con un conejito y un oso como maquinista y bombero. Una gran columna de vapor sale de la chimenea que dice &quot;Feliz cumplea\u00f1os&quot;. Y detr\u00e1s de la locomotora hay un gran ramo de alegres globos. El fondo es una ilustraci\u00f3n de rieles y regalos. En una ranura &quot;secreta&quot; hay una tarjeta separada en la que puede escribir sus felicitaciones. Una tarjeta emergente completa, de hecho, un regalo completo para el destinatario, que seguramente conservar\u00e1 su tarjeta durante mucho tiempo y la mirar\u00e1 una y otra vez. Popcards tiene muchas m\u00e1s tarjetas emergentes divertidas para ni\u00f1os y tarjetas de tren.<\/p>\n<p><strong>Tama\u00f1o de tarjeta grande<\/strong> 30\u00d720 cm, doblado a 15\u00d720 cm y 55 gramos. Con tarjeta de felicitaci\u00f3n separada para escribir. Incluye sobre a juego en color dorado, presentado en bolsa de celof\u00e1n.<\/p>\n<p>&nbsp;<\/p>","protected":false},"excerpt":{"rendered":"<p>Vrolijke kindertrein! Als u uw kleinkind, een ander kind, of zelfs een oudere treinliefhebber een verjaardagskaart stuurt, doe het dan meteen groots, grappig en origineel. Met deze kleurige pop-up locomotief heeft u zeker succes! De buitenzijde van de kaart is prachtig mat dieppaars. De voorkant is omkaderd met een gouden glansrand en heeft metaalkleurige glitterletters: [&hellip;]<\/p>\n","protected":false},"featured_media":32732,"comment_status":"open","ping_status":"closed","template":"","meta":{"_iconic_wsb_product_page_order_bump_ids":[[]],"_sku":["8785253683836"],"_iconic_wsb_product_page_bump_modal_ids":[[]]},"product_brand":[],"product_cat":[34],"product_tag":[254,137],"class_list":{"0":"post-32734","1":"product","2":"type-product","3":"status-publish","4":"has-post-thumbnail","6":"product_cat-felicitatie-verjaardag-verjaardagskaarten","7":"product_tag-trein","8":"product_tag-verjaardag","9":"pa_brand-popcards","11":"first","12":"instock","13":"taxable","14":"shipping-taxable","15":"purchasable","16":"product-type-simple"},"gallery_images":[32733,78109],"_links":{"self":[{"href":"https:\/\/popcards.nl\/es\/wp-json\/wp\/v2\/product\/32734","targetHints":{"allow":["GET"]}}],"collection":[{"href":"https:\/\/popcards.nl\/es\/wp-json\/wp\/v2\/product"}],"about":[{"href":"https:\/\/popcards.nl\/es\/wp-json\/wp\/v2\/types\/product"}],"replies":[{"embeddable":true,"href":"https:\/\/popcards.nl\/es\/wp-json\/wp\/v2\/comments?post=32734"}],"wp:featuredmedia":[{"embeddable":true,"href":"https:\/\/popcards.nl\/es\/wp-json\/wp\/v2\/media\/32732"}],"wp:attachment":[{"href":"https:\/\/popcards.nl\/es\/wp-json\/wp\/v2\/media?parent=32734"}],"wp:term":[{"taxonomy":"product_brand","embeddable":true,"href":"https:\/\/popcards.nl\/es\/wp-json\/wp\/v2\/product_brand?post=32734"},{"taxonomy":"product_cat","embeddable":true,"href":"https:\/\/popcards.nl\/es\/wp-json\/wp\/v2\/product_cat?post=32734"},{"taxonomy":"product_tag","embeddable":true,"href":"https:\/\/popcards.nl\/es\/wp-json\/wp\/v2\/product_tag?post=32734"}],"curies":[{"name":"gracias","href":"https:\/\/api.w.org\/{rel}","templated":true}]}}