{"id":33588,"date":"2021-11-08T10:31:57","date_gmt":"2021-11-08T09:31:57","guid":{"rendered":"https:\/\/popcards.nl\/?post_type=product&#038;p=33588"},"modified":"2026-04-02T16:35:43","modified_gmt":"2026-04-02T14:35:43","slug":"velociraptor-tarjeta-emergente-dinosaurio-raptor","status":"publish","type":"product","link":"https:\/\/popcards.nl\/es\/product\/velociraptor-pop-up-kaart-dinosaurus-raptor\/","title":{"rendered":"Velociraptor Pop Up Card Dinosaur Raptor 3D Tarjetas de felicitaci\u00f3n"},"content":{"rendered":"<p>El Velociraptor es muy inteligente, \u00bflo sab\u00edas? \u00a1Cuidado! Una emocionante tarjeta de felicitaci\u00f3n emergente para todos los amantes de la prehistoria. <a href=\"https:\/\/popcards.nl\/es\/etiqueta-product\/parque-jurasico\/\">Tenemos a\u00fan m\u00e1s tarjetas de dinosaurios.<\/a><\/p>\n<p>Tama\u00f1o de la tarjeta 17 \u00d7 24 cm, plegada a 17 \u00d7 12 cm.<br \/>\nIncluye sobre en blanco a juego, empacado en una bolsa de celof\u00e1n.<\/p>\n<div class=\"only_mobile\"><strong>Oferta<\/strong>: En total hay 5 Popcards de dinosaurios diferentes para ordenar. \u00a1Ordena los 5 y recibir\u00e1s un Popcard exclusivo del sexto dinosaurio GRATIS! Adem\u00e1s, tambi\u00e9n aplica la promoci\u00f3n 4+1 gratis, por lo que son (al menos) 2 Popcards de regalo. <a href=\"https:\/\/popcards.nl\/es\/carro-de-compras\/?fill_cart=33588,17070,14387,14384,1143\">Haga clic aqu\u00ed para pedir este paquete de descuento.<\/a><\/div>\n<h4>Velociraptor (Raptor)<\/h4>\n<p>Velociraptor es un g\u00e9nero de dinosaurios ter\u00f3podos carn\u00edvoros que vivieron en el \u00e1rea de la actual Mongolia durante el Cret\u00e1cico Superior, hace unos 75 millones de a\u00f1os. Su nombre significa &quot;ladr\u00f3n r\u00e1pido&quot;. Se han excavado doce espec\u00edmenes de Velociraptor, incluidos algunos bastante completos, para que los cient\u00edficos pudieran tener una buena idea de c\u00f3mo era el animal.<\/p>\n<p>En su pie llevaba una garra agrandada en forma de hoz, con la que pod\u00eda infligir un aguij\u00f3n mortal a presas m\u00e1s pesadas que \u00e9l, como <a href=\"https:\/\/en.wikipedia.org\/wiki\/Protoceratops\" target=\"_blank\" rel=\"noopener\">Protoceratops<\/a>. Uno de los f\u00f3siles m\u00e1s famosos del mundo consiste en un Velociraptor y un Protoceratops que han sido enterrados en arena y fosilizados mientras luchan.<\/p>","protected":false},"excerpt":{"rendered":"<p>De Velociraptor is reuzeslim, wist je dat? Kijk maar uit! Een spannende pop-up wenskaart voor alle liefhebbers van de prehistorie. We hebben nog meer dinosaurus popcards. Kaartformaat 17\u00d724 cm, gevouwen tot 17\u00d712 cm. Inclusief bijpassende blanco envelop, verpakt in cellofaan zakje. Aanbieding: Totaal zijn er 5 verschillende dinosaurus Popcards te bestellen. Bestel ze alle 5 [&hellip;]<\/p>\n","protected":false},"featured_media":34251,"comment_status":"open","ping_status":"closed","template":"","meta":{"_iconic_wsb_product_page_order_bump_ids":[[]],"_sku":["8785253684994"],"_iconic_wsb_product_page_bump_modal_ids":[[]]},"product_brand":[],"product_cat":[21],"product_tag":[115],"class_list":{"0":"post-33588","1":"product","2":"type-product","3":"status-publish","4":"has-post-thumbnail","6":"product_cat-dieren-dierenkaarten-wenskaarten","7":"product_tag-jurassic-park","8":"pa_brand-popcards","10":"first","11":"instock","12":"sale","13":"taxable","14":"shipping-taxable","15":"purchasable","16":"product-type-simple"},"gallery_images":[34250,76001],"_links":{"self":[{"href":"https:\/\/popcards.nl\/es\/wp-json\/wp\/v2\/product\/33588","targetHints":{"allow":["GET"]}}],"collection":[{"href":"https:\/\/popcards.nl\/es\/wp-json\/wp\/v2\/product"}],"about":[{"href":"https:\/\/popcards.nl\/es\/wp-json\/wp\/v2\/types\/product"}],"replies":[{"embeddable":true,"href":"https:\/\/popcards.nl\/es\/wp-json\/wp\/v2\/comments?post=33588"}],"wp:featuredmedia":[{"embeddable":true,"href":"https:\/\/popcards.nl\/es\/wp-json\/wp\/v2\/media\/34251"}],"wp:attachment":[{"href":"https:\/\/popcards.nl\/es\/wp-json\/wp\/v2\/media?parent=33588"}],"wp:term":[{"taxonomy":"product_brand","embeddable":true,"href":"https:\/\/popcards.nl\/es\/wp-json\/wp\/v2\/product_brand?post=33588"},{"taxonomy":"product_cat","embeddable":true,"href":"https:\/\/popcards.nl\/es\/wp-json\/wp\/v2\/product_cat?post=33588"},{"taxonomy":"product_tag","embeddable":true,"href":"https:\/\/popcards.nl\/es\/wp-json\/wp\/v2\/product_tag?post=33588"}],"curies":[{"name":"gracias","href":"https:\/\/api.w.org\/{rel}","templated":true}]}}