{"id":34197,"date":"2021-11-22T14:27:09","date_gmt":"2021-11-22T13:27:09","guid":{"rendered":"https:\/\/popcards.nl\/?post_type=product&#038;p=34197"},"modified":"2026-05-07T02:03:34","modified_gmt":"2026-05-07T00:03:34","slug":"tarjeta-emergente-de-abejas-felices-en-el-macizo-de-flores","status":"publish","type":"product","link":"https:\/\/popcards.nl\/es\/product\/vrolijke-bijen-in-bloemenperk-pop-up-kaart\/","title":{"rendered":"Abejas alegres en una tarjeta de felicitaci\u00f3n emergente de macizo de flores"},"content":{"rendered":"<p>Un macizo de flores rebosante de amapolas y margaritas en flor. Y encima hay 2 acogedoras abejas zumbando que van a almorzar juntas. Una escena alegre en la que las abejas pueden simbolizar a 2 personas que (quieren) estar juntas. El fondo azul suave contiene una ilustraci\u00f3n sutil de margaritas blancas que realza a\u00fan m\u00e1s la tarjeta. Hay suficiente espacio a su alrededor para su texto personal. El anverso de la tarjeta contiene una ilustraci\u00f3n cortada con l\u00e1ser que le da un efecto especial.<\/p>\n<p>La combinaci\u00f3n de margarita y amapola a menudo se puede encontrar en la naturaleza en los bordes de las carreteras y en las tierras de cultivo. Van bien juntos. \u00a1Dilo con flores! <a href=\"https:\/\/popcards.nl\/es\/categoria\/flores-tarjetas-de-felicitacion\/\">Popcards tiene muchas m\u00e1s tarjetas emergentes de flores.<\/a><\/p>\n<p>Tama\u00f1o de la tarjeta 30 \u00d7 15 cm, plegada a 15 \u00d7 15 cm.<br \/>\nIncluye sobre a juego, empaquetado en una bolsa de celof\u00e1n.<\/p>","protected":false},"excerpt":{"rendered":"<p>Een bloemenperk boordevol bloeiende margrieten en klaprozen. En daarboven zoemen 2 gezellige bijtjes die eens lekker samen gaan lunchen. Een vrolijk tafereeltje waarbij de bijen symbool kunnen staan voor 2 mensen die bij elkaar (willen) horen. De zachtblauwe ondergrond bevat een subtiele illustratie van witte margrieten die de kaart extra verfraait. Daar omheen voldoende ruimte [&hellip;]<\/p>\n","protected":false},"featured_media":65377,"comment_status":"open","ping_status":"closed","template":"","meta":{"_iconic_wsb_product_page_order_bump_ids":[[]],"_sku":["8785253683331"],"_iconic_wsb_product_page_bump_modal_ids":[[]]},"product_brand":[],"product_cat":[47,21],"product_tag":[48,132],"class_list":{"0":"post-34197","1":"product","2":"type-product","3":"status-publish","4":"has-post-thumbnail","6":"product_cat-bloemen-bloemenkaarten-wenskaarten","7":"product_cat-dieren-dierenkaarten-wenskaarten","8":"product_tag-bloemen","9":"product_tag-dier","10":"pa_brand-popcards","12":"first","13":"instock","14":"taxable","15":"shipping-taxable","16":"purchasable","17":"product-type-simple"},"gallery_images":[71076],"_links":{"self":[{"href":"https:\/\/popcards.nl\/es\/wp-json\/wp\/v2\/product\/34197","targetHints":{"allow":["GET"]}}],"collection":[{"href":"https:\/\/popcards.nl\/es\/wp-json\/wp\/v2\/product"}],"about":[{"href":"https:\/\/popcards.nl\/es\/wp-json\/wp\/v2\/types\/product"}],"replies":[{"embeddable":true,"href":"https:\/\/popcards.nl\/es\/wp-json\/wp\/v2\/comments?post=34197"}],"wp:featuredmedia":[{"embeddable":true,"href":"https:\/\/popcards.nl\/es\/wp-json\/wp\/v2\/media\/65377"}],"wp:attachment":[{"href":"https:\/\/popcards.nl\/es\/wp-json\/wp\/v2\/media?parent=34197"}],"wp:term":[{"taxonomy":"product_brand","embeddable":true,"href":"https:\/\/popcards.nl\/es\/wp-json\/wp\/v2\/product_brand?post=34197"},{"taxonomy":"product_cat","embeddable":true,"href":"https:\/\/popcards.nl\/es\/wp-json\/wp\/v2\/product_cat?post=34197"},{"taxonomy":"product_tag","embeddable":true,"href":"https:\/\/popcards.nl\/es\/wp-json\/wp\/v2\/product_tag?post=34197"}],"curies":[{"name":"gracias","href":"https:\/\/api.w.org\/{rel}","templated":true}]}}