{"id":34554,"date":"2021-11-28T14:19:51","date_gmt":"2021-11-28T13:19:51","guid":{"rendered":"https:\/\/popcards.nl\/?post_type=product&#038;p=34554"},"modified":"2026-04-30T14:17:20","modified_gmt":"2026-04-30T12:17:20","slug":"tarjeta-emergente-de-2-periquitos-juntos-en-una-rama-de-flores","status":"publish","type":"product","link":"https:\/\/popcards.nl\/es\/product\/2-parkieten-samen-op-bloementak-pop-up-kaart\/","title":{"rendered":"Tarjeta emergente de 2 hermosos periquitos acogedores juntos en una rama de flor"},"content":{"rendered":"<p>Una hermosa tarjeta emergente muy compleja, \u00a1realmente una obra de arte! Estos 2 alegres periquitos se sientan c\u00f3modamente uno cerca del otro, charlando. Claramente se lo est\u00e1n pasando bien, sentados juntos en su ramita. Las flores de color rosa suave dan a la escena un aspecto rom\u00e1ntico. El frente verde oscuro tiene una ilustraci\u00f3n cortada y pegada con l\u00e1ser, lo que le da un efecto especial. El periquito es un tipo peque\u00f1o de loro y es originario de Australia. Se cultivan mucho con nosotros y luego vienen en muchos colores. Pero los periquitos azul y verde-amarillo son los m\u00e1s comunes, tambi\u00e9n en la naturaleza. No hay diferencia de color entre periquitos machos y hembras. Ambos pueden ser de color azul o amarillo verdoso. Un macho adulto tiene una gorra de nariz azul. Una hembra adulta tiene una nariz marr\u00f3n.<\/p>\n<p><a href=\"https:\/\/popcards.nl\/es\/etiqueta-product\/pajaro\/\">Popcards tiene muchas m\u00e1s tarjetas emergentes de aves.<\/a><\/p>\n<p>Tama\u00f1o de la tarjeta 24 x 17 cm, plegada a 12 \u00d7 17 cm.<br \/>\nIncluye sobre a juego, empaquetado en una bolsa de celof\u00e1n.<\/p>","protected":false},"excerpt":{"rendered":"<p>Een hele complexe fraaie pop-up kaart, echt een kunstwerkje! Deze 2 vrolijke parkietjes zitten gezellig kwetterend dicht tegen elkaar aan. Ze hebben het duidelijk naar hun zin, zo samen op hun takje. De zachtroze bloemen geven een romantische uitstraling aan het tafereeltje. De donkergroene voorkant heeft een laser uitgesneden en opgeplakte illustratie, wat een bijzonder [&hellip;]<\/p>\n","protected":false},"featured_media":34258,"comment_status":"open","ping_status":"closed","template":"","meta":{"_iconic_wsb_product_page_order_bump_ids":[[]],"_sku":["4805388549662"],"_iconic_wsb_product_page_bump_modal_ids":[[]]},"product_brand":[],"product_cat":[21],"product_tag":[142],"class_list":{"0":"post-34554","1":"product","2":"type-product","3":"status-publish","4":"has-post-thumbnail","6":"product_cat-dieren-dierenkaarten-wenskaarten","7":"product_tag-vogel","8":"pa_brand-popcards","10":"first","11":"instock","12":"sale","13":"taxable","14":"shipping-taxable","15":"purchasable","16":"product-type-simple"},"gallery_images":[87777],"_links":{"self":[{"href":"https:\/\/popcards.nl\/es\/wp-json\/wp\/v2\/product\/34554","targetHints":{"allow":["GET"]}}],"collection":[{"href":"https:\/\/popcards.nl\/es\/wp-json\/wp\/v2\/product"}],"about":[{"href":"https:\/\/popcards.nl\/es\/wp-json\/wp\/v2\/types\/product"}],"replies":[{"embeddable":true,"href":"https:\/\/popcards.nl\/es\/wp-json\/wp\/v2\/comments?post=34554"}],"wp:featuredmedia":[{"embeddable":true,"href":"https:\/\/popcards.nl\/es\/wp-json\/wp\/v2\/media\/34258"}],"wp:attachment":[{"href":"https:\/\/popcards.nl\/es\/wp-json\/wp\/v2\/media?parent=34554"}],"wp:term":[{"taxonomy":"product_brand","embeddable":true,"href":"https:\/\/popcards.nl\/es\/wp-json\/wp\/v2\/product_brand?post=34554"},{"taxonomy":"product_cat","embeddable":true,"href":"https:\/\/popcards.nl\/es\/wp-json\/wp\/v2\/product_cat?post=34554"},{"taxonomy":"product_tag","embeddable":true,"href":"https:\/\/popcards.nl\/es\/wp-json\/wp\/v2\/product_tag?post=34554"}],"curies":[{"name":"gracias","href":"https:\/\/api.w.org\/{rel}","templated":true}]}}