{"id":34564,"date":"2021-11-28T15:08:49","date_gmt":"2021-11-28T14:08:49","guid":{"rendered":"https:\/\/popcards.nl\/?post_type=product&#038;p=34564"},"modified":"2026-04-13T10:58:41","modified_gmt":"2026-04-13T08:58:41","slug":"tarjeta-de-amor-corazones-de-amor-tarjeta-de-san-valentin","status":"publish","type":"product","link":"https:\/\/popcards.nl\/es\/product\/liefdeskaart-love-hartjes-valentijnskaart\/","title":{"rendered":"Tarjeta de amor con corazones dulces felices Tarjeta de San Valent\u00edn Todo lo que necesitas es amor"},"content":{"rendered":"<p>\u00a1Todo lo que necesitas es amor! tarjeta de amor. Bueno, si le da esta tarjeta a su (futuro) amante, quedar\u00e1 claro qu\u00e9 sentimientos tiene por \u00e9l o ella. El frente promete mucho: \u00a1Lleno de corazones y la palabra \u201cAMOR\u201d! Y el amor salta hacia ti cuando abres esta tarjeta. Corazones, flores, amor-amor-amor. \u00a1Eso le resultar\u00e1 evidente al destinatario! \u00bfQu\u00e9 tan claro puede ser tu mensaje?\u00a0 <a href=\"https:\/\/popcards.nl\/es\/categoria\/tarjetas-de-amor-de-san-valentin\/\">Popcards tiene muchas m\u00e1s tarjetas de amor emergentes.<\/a><\/p>\n<p>\u00a1Por supuesto, esta dulce tarjeta tambi\u00e9n es muy agradable para regalar en el D\u00eda de la Madre o el D\u00eda del Padre!<\/p>\n<p>Tama\u00f1o de la tarjeta 30 \u00d7 15 cm, plegada a 15 \u00d7 15 cm.<br \/>\nIncluye sobre a juego, empaquetado en una bolsa de celof\u00e1n.<\/p>","protected":false},"excerpt":{"rendered":"<p>All You Need Is Love! Liefdeskaart. Nou, als je deze kaart aan je (aanstaande) geliefde geeft is het wel duidelijk wat voor gevoelens je voor hem of haar hebt. De voorkant belooft al heel wat: Vol met hartjes en het woord \u201cLOVE\u201d! En de liefde springt je tegemoet als je deze kaart opendoet. Hartjes, bloemen, [&hellip;]<\/p>\n","protected":false},"featured_media":51177,"comment_status":"open","ping_status":"closed","template":"","meta":{"_iconic_wsb_product_page_order_bump_ids":[[]],"_sku":["8785253683607"],"_iconic_wsb_product_page_bump_modal_ids":[[]]},"product_brand":[],"product_cat":[27,28],"product_tag":[55,94,56,127,83],"class_list":{"0":"post-34564","1":"product","2":"type-product","3":"status-publish","4":"has-post-thumbnail","6":"product_cat-liefde-liefdeskaarten-valentijnskaarten","7":"product_cat-trouwen-samenwonen-trouwkaarten","8":"product_tag-hart","9":"product_tag-huwelijk","10":"product_tag-love","11":"product_tag-moederdag","12":"product_tag-valentijn","13":"pa_brand-popcards","15":"first","16":"instock","17":"sale","18":"taxable","19":"shipping-taxable","20":"purchasable","21":"product-type-simple"},"gallery_images":[34563,94319],"_links":{"self":[{"href":"https:\/\/popcards.nl\/es\/wp-json\/wp\/v2\/product\/34564","targetHints":{"allow":["GET"]}}],"collection":[{"href":"https:\/\/popcards.nl\/es\/wp-json\/wp\/v2\/product"}],"about":[{"href":"https:\/\/popcards.nl\/es\/wp-json\/wp\/v2\/types\/product"}],"replies":[{"embeddable":true,"href":"https:\/\/popcards.nl\/es\/wp-json\/wp\/v2\/comments?post=34564"}],"wp:featuredmedia":[{"embeddable":true,"href":"https:\/\/popcards.nl\/es\/wp-json\/wp\/v2\/media\/51177"}],"wp:attachment":[{"href":"https:\/\/popcards.nl\/es\/wp-json\/wp\/v2\/media?parent=34564"}],"wp:term":[{"taxonomy":"product_brand","embeddable":true,"href":"https:\/\/popcards.nl\/es\/wp-json\/wp\/v2\/product_brand?post=34564"},{"taxonomy":"product_cat","embeddable":true,"href":"https:\/\/popcards.nl\/es\/wp-json\/wp\/v2\/product_cat?post=34564"},{"taxonomy":"product_tag","embeddable":true,"href":"https:\/\/popcards.nl\/es\/wp-json\/wp\/v2\/product_tag?post=34564"}],"curies":[{"name":"gracias","href":"https:\/\/api.w.org\/{rel}","templated":true}]}}