{"id":34587,"date":"2021-11-28T17:50:29","date_gmt":"2021-11-28T16:50:29","guid":{"rendered":"https:\/\/popcards.nl\/?post_type=product&#038;p=34587"},"modified":"2026-05-04T11:35:06","modified_gmt":"2026-05-04T09:35:06","slug":"tarjeta-emergente-con-amapolas-y-ramos-mixtos","status":"publish","type":"product","link":"https:\/\/popcards.nl\/es\/product\/papaver-bloemen-gemengd-boeket-pop-up-kaart\/","title":{"rendered":"Tarjeta de felicitaci\u00f3n desplegable con ramo de amapolas, rosas y flores mixtas"},"content":{"rendered":"<p>Tarjeta de Amapola: Ramo Mixto. Un jarr\u00f3n lleno de vibrantes amapolas, rosas y otras flores en colores y formas suaves. Un tapete lila bellamente cortado. Una encantadora ilustraci\u00f3n adorna la esquina de la tarjeta. El anverso tambi\u00e9n presenta un ramo igualmente hermoso. Este ramo se imprimi\u00f3 por separado, se cort\u00f3 con l\u00e1ser y se adhiri\u00f3 al anverso, creando un efecto \u00fanico. \u00a1Dilo con flores! <a href=\"https:\/\/popcards.nl\/es\/categoria\/flores-tarjetas-de-felicitacion\/\">Popcards tiene muchas m\u00e1s tarjetas emergentes de flores.<\/a><\/p>\n<p>Tama\u00f1o de la tarjeta 30 \u00d7 15 cm, plegada a 15 \u00d7 15 cm.<br \/>\nIncluye sobre a juego, empaquetado en una bolsa de celof\u00e1n.<\/p>","protected":false},"excerpt":{"rendered":"<p>Bloemenkaart Papaver Gemengd boeket. Een vaas vol fleurige papavers, klaprozen, rozen en andere bloemen in zachte kleuren en vormen. Op een mooi uitgesneden lila kleedje. In de hoek van de kaart een fraaie illustratie. Op de voorkant staat ook al zo\u2019n fraai boeket. Dit boeket is apart gedrukt, los met de laser uitgesneden en op [&hellip;]<\/p>\n","protected":false},"featured_media":44620,"comment_status":"open","ping_status":"closed","template":"","meta":{"_iconic_wsb_product_page_order_bump_ids":[[]],"_sku":["8785253683812"],"_iconic_wsb_product_page_bump_modal_ids":[[]]},"product_brand":[],"product_cat":[47],"product_tag":[48],"class_list":{"0":"post-34587","1":"product","2":"type-product","3":"status-publish","4":"has-post-thumbnail","6":"product_cat-bloemen-bloemenkaarten-wenskaarten","7":"product_tag-bloemen","8":"pa_brand-popcards","10":"first","11":"instock","12":"sale","13":"taxable","14":"shipping-taxable","15":"purchasable","16":"product-type-simple"},"gallery_images":[94184],"_links":{"self":[{"href":"https:\/\/popcards.nl\/es\/wp-json\/wp\/v2\/product\/34587","targetHints":{"allow":["GET"]}}],"collection":[{"href":"https:\/\/popcards.nl\/es\/wp-json\/wp\/v2\/product"}],"about":[{"href":"https:\/\/popcards.nl\/es\/wp-json\/wp\/v2\/types\/product"}],"replies":[{"embeddable":true,"href":"https:\/\/popcards.nl\/es\/wp-json\/wp\/v2\/comments?post=34587"}],"wp:featuredmedia":[{"embeddable":true,"href":"https:\/\/popcards.nl\/es\/wp-json\/wp\/v2\/media\/44620"}],"wp:attachment":[{"href":"https:\/\/popcards.nl\/es\/wp-json\/wp\/v2\/media?parent=34587"}],"wp:term":[{"taxonomy":"product_brand","embeddable":true,"href":"https:\/\/popcards.nl\/es\/wp-json\/wp\/v2\/product_brand?post=34587"},{"taxonomy":"product_cat","embeddable":true,"href":"https:\/\/popcards.nl\/es\/wp-json\/wp\/v2\/product_cat?post=34587"},{"taxonomy":"product_tag","embeddable":true,"href":"https:\/\/popcards.nl\/es\/wp-json\/wp\/v2\/product_tag?post=34587"}],"curies":[{"name":"gracias","href":"https:\/\/api.w.org\/{rel}","templated":true}]}}