{"id":34589,"date":"2021-11-28T18:02:09","date_gmt":"2021-11-28T17:02:09","guid":{"rendered":"https:\/\/popcards.nl\/?post_type=product&#038;p=34589"},"modified":"2026-04-19T05:50:04","modified_gmt":"2026-04-19T03:50:04","slug":"feliz-flor-jardin-narcisos-tarjeta-emergente","status":"publish","type":"product","link":"https:\/\/popcards.nl\/es\/product\/vrolijke-bloementuin-narcissen-pop-up-kaart\/","title":{"rendered":"Tarjeta emergente Jard\u00edn de flores alegre con narcisos Tarjeta de felicitaci\u00f3n"},"content":{"rendered":"<p>Jard\u00edn de flores alegre. Frente bellamente ilustrado y cuando se abre un macizo de flores completo lleno de narcisos en flor. Blanco con corazones amarillos y amarillo con corazones marrones. \u00a1Qu\u00e9 sorpresa! En la parte inferior izquierda y derecha del mapa hay hermosas ilustraciones que completan el mapa. La tarjeta tiene un fondo de color suave con suficiente espacio para sus amables palabras.<\/p>\n<p>\u00a1Dilo con flores! <a href=\"https:\/\/popcards.nl\/es\/categoria\/flores-tarjetas-de-felicitacion\/\">Popcards tiene muchas m\u00e1s tarjetas emergentes de flores.<\/a><\/p>\n<p>Tama\u00f1o de la tarjeta 30 \u00d7 15 cm, plegada a 15 \u00d7 15 cm.<br \/>\nIncluye sobre a juego, empaquetado en una bolsa de celof\u00e1n.<\/p>","protected":false},"excerpt":{"rendered":"<p>Vrolijke bloementuin. Fraai ge\u00efllustreerde voorkant en bij het openen een compleet bloemperk vol bloeiende narcissen. Witte met gele hartjes en gele met bruine hartjes. Wat een verrassing! Links en rechts onder aan de kaart staan nog fraaie illustraties die de kaart compleet maken. De kaart heeft een zachte kleur ondergrond waarop voldoende ruimte is voor [&hellip;]<\/p>\n","protected":false},"featured_media":34586,"comment_status":"open","ping_status":"closed","template":"","meta":{"_iconic_wsb_product_page_order_bump_ids":[[]],"_sku":["8785253683911"],"_iconic_wsb_product_page_bump_modal_ids":[[]]},"product_brand":[],"product_cat":[47],"product_tag":[48],"class_list":{"0":"post-34589","1":"product","2":"type-product","3":"status-publish","4":"has-post-thumbnail","6":"product_cat-bloemen-bloemenkaarten-wenskaarten","7":"product_tag-bloemen","8":"pa_brand-popcards","10":"first","11":"instock","12":"sale","13":"taxable","14":"shipping-taxable","15":"purchasable","16":"product-type-simple"},"gallery_images":[34606,77296],"_links":{"self":[{"href":"https:\/\/popcards.nl\/es\/wp-json\/wp\/v2\/product\/34589","targetHints":{"allow":["GET"]}}],"collection":[{"href":"https:\/\/popcards.nl\/es\/wp-json\/wp\/v2\/product"}],"about":[{"href":"https:\/\/popcards.nl\/es\/wp-json\/wp\/v2\/types\/product"}],"replies":[{"embeddable":true,"href":"https:\/\/popcards.nl\/es\/wp-json\/wp\/v2\/comments?post=34589"}],"wp:featuredmedia":[{"embeddable":true,"href":"https:\/\/popcards.nl\/es\/wp-json\/wp\/v2\/media\/34586"}],"wp:attachment":[{"href":"https:\/\/popcards.nl\/es\/wp-json\/wp\/v2\/media?parent=34589"}],"wp:term":[{"taxonomy":"product_brand","embeddable":true,"href":"https:\/\/popcards.nl\/es\/wp-json\/wp\/v2\/product_brand?post=34589"},{"taxonomy":"product_cat","embeddable":true,"href":"https:\/\/popcards.nl\/es\/wp-json\/wp\/v2\/product_cat?post=34589"},{"taxonomy":"product_tag","embeddable":true,"href":"https:\/\/popcards.nl\/es\/wp-json\/wp\/v2\/product_tag?post=34589"}],"curies":[{"name":"gracias","href":"https:\/\/api.w.org\/{rel}","templated":true}]}}