{"id":3524,"date":"2019-08-23T21:19:03","date_gmt":"2019-08-23T19:19:03","guid":{"rendered":"https:\/\/popcards.nl\/?post_type=product&#038;p=3524"},"modified":"2026-05-05T21:45:54","modified_gmt":"2026-05-05T19:45:54","slug":"tarjeta-de-amor-te-amo-te-amo-grande-corazon-rojo-san-valentin","status":"publish","type":"product","link":"https:\/\/popcards.nl\/es\/product\/liefdeskaart-groot-rood-hart-valentijn-moederdag\/","title":{"rendered":"Tarjeta de amor Te amo Te amo gran coraz\u00f3n rojo - San Valent\u00edn, D\u00eda de la Madre"},"content":{"rendered":"<p>Un emocionante coraz\u00f3n recortado con alas en la parte delantera y un gran coraz\u00f3n rojo emergente de doble cara con un coraz\u00f3n rosa en el centro en el interior. \u00bfCu\u00e1nto m\u00e1s claro puedes decirle a alguien que lo amas?<\/p>\n<p>Tarjeta del D\u00eda de la Madre: \u00a1Tambi\u00e9n es una tarjeta fant\u00e1stica para regalar en el D\u00eda de la Madre!<\/p>\n<p>Tama\u00f1o de la tarjeta 20 \u00d7 15 cm, plegado a 10 \u00d7 15 cm.<br \/>\nIncluye sobre en blanco a juego, empacado en una bolsa de celof\u00e1n.<\/p>","protected":false},"excerpt":{"rendered":"<p>Aan de voorkant een spannend uitgesneden hart met vleugeltjes en aan de binnenkant een groot rood dubbelzijdig pop-up hart met een roze hartje in het centrum. Hoeveel duidelijker kan je iemand vertellen dat je van hem\/haar houdt? Moederdagkaart: Ook een fantastische kaart om voor Moederdag te geven! Kaartformaat 20\u00d715 cm, gevouwen tot 10\u00d715 cm. Inclusief [&hellip;]<\/p>\n","protected":false},"featured_media":3998,"comment_status":"open","ping_status":"closed","template":"","meta":{"_iconic_wsb_product_page_order_bump_ids":[[]],"_sku":["8785253683089"],"_iconic_wsb_product_page_bump_modal_ids":[[]]},"product_brand":[],"product_cat":[27,78,28],"product_tag":[55,56,127,128,83],"class_list":{"0":"post-3524","1":"product","2":"type-product","3":"status-publish","4":"has-post-thumbnail","6":"product_cat-liefde-liefdeskaarten-valentijnskaarten","7":"product_cat-beterschapskaarten-troostkaarten-condoleancekaarten","8":"product_cat-trouwen-samenwonen-trouwkaarten","9":"product_tag-hart","10":"product_tag-love","11":"product_tag-moederdag","12":"product_tag-vaderdag","13":"product_tag-valentijn","14":"pa_brand-popcards","16":"first","17":"instock","18":"taxable","19":"shipping-taxable","20":"purchasable","21":"product-type-simple"},"gallery_images":[68950],"_links":{"self":[{"href":"https:\/\/popcards.nl\/es\/wp-json\/wp\/v2\/product\/3524","targetHints":{"allow":["GET"]}}],"collection":[{"href":"https:\/\/popcards.nl\/es\/wp-json\/wp\/v2\/product"}],"about":[{"href":"https:\/\/popcards.nl\/es\/wp-json\/wp\/v2\/types\/product"}],"replies":[{"embeddable":true,"href":"https:\/\/popcards.nl\/es\/wp-json\/wp\/v2\/comments?post=3524"}],"wp:featuredmedia":[{"embeddable":true,"href":"https:\/\/popcards.nl\/es\/wp-json\/wp\/v2\/media\/3998"}],"wp:attachment":[{"href":"https:\/\/popcards.nl\/es\/wp-json\/wp\/v2\/media?parent=3524"}],"wp:term":[{"taxonomy":"product_brand","embeddable":true,"href":"https:\/\/popcards.nl\/es\/wp-json\/wp\/v2\/product_brand?post=3524"},{"taxonomy":"product_cat","embeddable":true,"href":"https:\/\/popcards.nl\/es\/wp-json\/wp\/v2\/product_cat?post=3524"},{"taxonomy":"product_tag","embeddable":true,"href":"https:\/\/popcards.nl\/es\/wp-json\/wp\/v2\/product_tag?post=3524"}],"curies":[{"name":"gracias","href":"https:\/\/api.w.org\/{rel}","templated":true}]}}