{"id":40042,"date":"2022-03-24T21:34:32","date_gmt":"2022-03-24T20:34:32","guid":{"rendered":"https:\/\/popcards.nl\/?post_type=product&#038;p=40042"},"modified":"2026-05-02T15:26:39","modified_gmt":"2026-05-02T13:26:39","slug":"tarjeta-pop-up-del-dia-de-la-madre-amo-mama-anemona","status":"publish","type":"product","link":"https:\/\/popcards.nl\/es\/product\/moederdag-i-love-mom-anemonen-pop-up-kaart\/","title":{"rendered":"D\u00eda de la madre y cumplea\u00f1os: tarjeta desplegable Amo a mam\u00e1 con an\u00e9monas"},"content":{"rendered":"<p>D\u00eda de la Madre, o es el cumplea\u00f1os de tu madre. Te quiero, mam\u00e1. Te quiero, mam\u00e1.<\/p>\n<p>\u00a1La mejor mam\u00e1 de todas! Una bonita tarjeta emergente grande y completa con texto en 3D rosa y rojo y decorada con an\u00e9monas en flor. Se inserta una tarjeta separada en la que puedes escribir algo dulce. El domingo 8 de mayo es el D\u00eda de la Madre. Entonces, si env\u00eda esta tarjeta antes del viernes 6 de mayo, tiene muchas posibilidades de sorprender gratamente a su madre con ella. Es a\u00fan m\u00e1s divertido si le entrega personalmente esta tarjeta a su madre el 8 de mayo. Cuando sea el cumplea\u00f1os de tu madre tambi\u00e9n le encantar\u00e1 esta tarjeta. <a href=\"https:\/\/popcards.nl\/es\/etiqueta-product\/dia-de-las-madres\/\">Tenemos a\u00fan m\u00e1s tarjetas de felicitaci\u00f3n del D\u00eda de la Madre.<\/a><\/p>\n<p>Tama\u00f1o de la tarjeta 30 x 20 cm, doblada a 15 x 20 cm.<br \/>\nIncluye sobre dorado a juego, empacado en una bolsa de celof\u00e1n.<\/p>","protected":false},"excerpt":{"rendered":"<p>Moederdag, of je moeder is jarig. I love you, Mom. Ik hou van je, mama. Best Mom Ever! Een lekkere grote en volle pop-up kaart met roze en rode 3-D tekst en versierd met bloeiende anemonen. Ingestoken zit een los kaartje waarop je wat liefs kan schrijven. Zondag 8 mei is het Moederdag. Dus als [&hellip;]<\/p>\n","protected":false},"featured_media":39963,"comment_status":"open","ping_status":"closed","template":"","meta":{"_iconic_wsb_product_page_order_bump_ids":[[]],"_sku":["8785253683553"],"_iconic_wsb_product_page_bump_modal_ids":[[]]},"product_brand":[],"product_cat":[34,47],"product_tag":[127],"class_list":{"0":"post-40042","1":"product","2":"type-product","3":"status-publish","4":"has-post-thumbnail","6":"product_cat-felicitatie-verjaardag-verjaardagskaarten","7":"product_cat-bloemen-bloemenkaarten-wenskaarten","8":"product_tag-moederdag","9":"pa_brand-popcards","11":"first","12":"instock","13":"taxable","14":"shipping-taxable","15":"purchasable","16":"product-type-simple"},"gallery_images":[85962],"_links":{"self":[{"href":"https:\/\/popcards.nl\/es\/wp-json\/wp\/v2\/product\/40042","targetHints":{"allow":["GET"]}}],"collection":[{"href":"https:\/\/popcards.nl\/es\/wp-json\/wp\/v2\/product"}],"about":[{"href":"https:\/\/popcards.nl\/es\/wp-json\/wp\/v2\/types\/product"}],"replies":[{"embeddable":true,"href":"https:\/\/popcards.nl\/es\/wp-json\/wp\/v2\/comments?post=40042"}],"wp:featuredmedia":[{"embeddable":true,"href":"https:\/\/popcards.nl\/es\/wp-json\/wp\/v2\/media\/39963"}],"wp:attachment":[{"href":"https:\/\/popcards.nl\/es\/wp-json\/wp\/v2\/media?parent=40042"}],"wp:term":[{"taxonomy":"product_brand","embeddable":true,"href":"https:\/\/popcards.nl\/es\/wp-json\/wp\/v2\/product_brand?post=40042"},{"taxonomy":"product_cat","embeddable":true,"href":"https:\/\/popcards.nl\/es\/wp-json\/wp\/v2\/product_cat?post=40042"},{"taxonomy":"product_tag","embeddable":true,"href":"https:\/\/popcards.nl\/es\/wp-json\/wp\/v2\/product_tag?post=40042"}],"curies":[{"name":"gracias","href":"https:\/\/api.w.org\/{rel}","templated":true}]}}