{"id":41491,"date":"2022-05-03T13:49:31","date_gmt":"2022-05-03T11:49:31","guid":{"rendered":"https:\/\/popcards.nl\/?post_type=product&#038;p=41491"},"modified":"2026-04-17T10:46:10","modified_gmt":"2026-04-17T08:46:10","slug":"tarjeta-de-mudanza-camioneta-de-mudanza-tarjeta-emergente","status":"publish","type":"product","link":"https:\/\/popcards.nl\/es\/product\/verhuiskaart-verhuiswagen-pop-up-kaart\/","title":{"rendered":"Tarjeta de mudanza Happy Moving Van \u2013 Tarjeta emergente de mudanza"},"content":{"rendered":"<p>\u00bfTarjeta de mudanza? \u00bfCambio de direcci\u00f3n? \u00bfMoverse? \u00bfCasa nueva? \u00bfSe acaba de cambiar? \u00bfVivir juntos? Ya sea que alguien vaya a vivir en habitaciones o se mude a una gran villa, esta tarjeta de felicitaci\u00f3n siempre es agradable de recibir. \u00a1Y por lo tanto tambi\u00e9n para dar! Al abrir el mapa, aparecer\u00e1 un coche divertido con un remolque lleno de maletas y muebles. \u00a1La furgoneta de mudanzas ideal, por supuesto! En las esquinas izquierda y derecha hay bonitas ilustraciones. Y hay una tarjeta separada en la que puede escribir su mensaje o cambio de direcci\u00f3n.<\/p>\n<p>Se ha pegado una ilustraci\u00f3n en el frente verde fresco, lo que le da un efecto especial. <strong>Tambi\u00e9n en una edici\u00f3n m\u00e1s grande para anunciar su nueva direcci\u00f3n.<\/strong><\/p>\n<p><a href=\"https:\/\/popcards.nl\/es\/etiqueta-product\/tarjeta-movil-2\/\">Tenemos a\u00fan m\u00e1s tarjetas que son adecuadas como tarjeta m\u00f3vil.<\/a><\/p>\n<p>Tama\u00f1o de la tarjeta 26 \u00d7 18 cm, plegada a 13 \u00d7 18 cm.<br \/>\nIncluye tarjeta separada de 6 x 8,5 cm y sobre en blanco a juego, embalado en bolsa de celof\u00e1n.<\/p>","protected":false},"excerpt":{"rendered":"<p>Verhuiskaart? Adreswijziging? Verhuizing? Nieuwe woning? Net verhuisd? Samenwonen? Of iemand nou op kamers gaat wonen of een grote villa betrekt, deze felicitatiekaart is altijd leuk om te krijgen. En dus ook om te geven! Als je de kaart opent ontpopt zich een grappig autootje met aanhanger vol koffers en meubels. De ideale verhuiswagen natuurlijk! In [&hellip;]<\/p>\n","protected":false},"featured_media":44259,"comment_status":"open","ping_status":"closed","template":"","meta":{"_iconic_wsb_product_page_order_bump_ids":[[]],"_sku":["8785253684079"],"_iconic_wsb_product_page_bump_modal_ids":[[]]},"product_brand":[],"product_cat":[32],"product_tag":[257],"class_list":{"0":"post-41491","1":"product","2":"type-product","3":"status-publish","4":"has-post-thumbnail","6":"product_cat-nieuwe-woning-verhuizing-verhuiskaart","7":"product_tag-verhuiskaart","8":"pa_brand-popcards","10":"first","11":"instock","12":"taxable","13":"shipping-taxable","14":"purchasable","15":"product-type-simple"},"gallery_images":[41429,68938],"_links":{"self":[{"href":"https:\/\/popcards.nl\/es\/wp-json\/wp\/v2\/product\/41491","targetHints":{"allow":["GET"]}}],"collection":[{"href":"https:\/\/popcards.nl\/es\/wp-json\/wp\/v2\/product"}],"about":[{"href":"https:\/\/popcards.nl\/es\/wp-json\/wp\/v2\/types\/product"}],"replies":[{"embeddable":true,"href":"https:\/\/popcards.nl\/es\/wp-json\/wp\/v2\/comments?post=41491"}],"wp:featuredmedia":[{"embeddable":true,"href":"https:\/\/popcards.nl\/es\/wp-json\/wp\/v2\/media\/44259"}],"wp:attachment":[{"href":"https:\/\/popcards.nl\/es\/wp-json\/wp\/v2\/media?parent=41491"}],"wp:term":[{"taxonomy":"product_brand","embeddable":true,"href":"https:\/\/popcards.nl\/es\/wp-json\/wp\/v2\/product_brand?post=41491"},{"taxonomy":"product_cat","embeddable":true,"href":"https:\/\/popcards.nl\/es\/wp-json\/wp\/v2\/product_cat?post=41491"},{"taxonomy":"product_tag","embeddable":true,"href":"https:\/\/popcards.nl\/es\/wp-json\/wp\/v2\/product_tag?post=41491"}],"curies":[{"name":"gracias","href":"https:\/\/api.w.org\/{rel}","templated":true}]}}