{"id":41504,"date":"2022-05-03T15:21:11","date_gmt":"2022-05-03T13:21:11","guid":{"rendered":"https:\/\/popcards.nl\/?post_type=product&#038;p=41504"},"modified":"2026-01-22T12:28:21","modified_gmt":"2026-01-22T11:28:21","slug":"arcoiris-tarjeta-de-felicitacion-globo-aerostatico-amor-lhbtq","status":"publish","type":"product","link":"https:\/\/popcards.nl\/es\/product\/regenboog-wenskaart-luchtballon-love-lhbtq\/","title":{"rendered":"Happy Rainbow Pop-up Card Globo aerost\u00e1tico &quot;Love is Love&quot; \ud83c\udf08"},"content":{"rendered":"<p>Alegre tarjeta emergente &quot;Love is Love&quot; con un colorido globo aerost\u00e1tico en forma de coraz\u00f3n en un paisaje estilizado con los colores del arco iris. La ventana emergente sorprende con un mensaje claro. \u00a1Quien quiera que ames, el amor es amor! Y el amor siempre gana.<\/p>\n<p>El frente tambi\u00e9n es alegre con un colorido texto recortado. \u00a1Una bonita tarjeta dulce o tarjeta de amor que sorprender\u00e1 gratamente al destinatario!<\/p>\n<p>Por supuesto, adecuado para todos los amantes del arco\u00edris, tanto dentro como fuera de la comunidad LGBTQ. Porque al igual que el amor, los arco\u00edris est\u00e1n ah\u00ed para todos.<\/p>\n<p>Tama\u00f1o de tarjeta 30 \u00d7 15 cm, plegado a 15 \u00d7 15 cm.<br \/>\nIncluye sobre a juego, empaquetado en una bolsa de celof\u00e1n.<\/p>","protected":false},"excerpt":{"rendered":"<p>Vrolijke \u201cLove is Love\u201d pop-up kaart met kleurrijke hartvormige luchtballon in een gestileerd landschap met regenboogkleuren. De pop-up is verrassend met een duidelijke boodschap. Wie je ook lief vindt, liefde is liefde! En liefde overwint altijd. \ud83d\udc96 Ook de voorkant is vrolijk met een kleurrijke uitgesneden tekst. Een leuke lieve kaart of liefdeskaart die de [&hellip;]<\/p>\n","protected":false},"featured_media":41480,"comment_status":"open","ping_status":"closed","template":"","meta":{"_iconic_wsb_product_page_order_bump_ids":[[]],"_sku":["8785253684567"],"_iconic_wsb_product_page_bump_modal_ids":[[]]},"product_brand":[],"product_cat":[27],"product_tag":[120,56],"class_list":{"0":"post-41504","1":"product","2":"type-product","3":"status-publish","4":"has-post-thumbnail","6":"product_cat-liefde-liefdeskaarten-valentijnskaarten","7":"product_tag-homohuwelijk","8":"product_tag-love","9":"pa_brand-popcards","11":"first","12":"instock","13":"taxable","14":"shipping-taxable","15":"purchasable","16":"product-type-simple"},"gallery_images":[94321],"_links":{"self":[{"href":"https:\/\/popcards.nl\/es\/wp-json\/wp\/v2\/product\/41504","targetHints":{"allow":["GET"]}}],"collection":[{"href":"https:\/\/popcards.nl\/es\/wp-json\/wp\/v2\/product"}],"about":[{"href":"https:\/\/popcards.nl\/es\/wp-json\/wp\/v2\/types\/product"}],"replies":[{"embeddable":true,"href":"https:\/\/popcards.nl\/es\/wp-json\/wp\/v2\/comments?post=41504"}],"wp:featuredmedia":[{"embeddable":true,"href":"https:\/\/popcards.nl\/es\/wp-json\/wp\/v2\/media\/41480"}],"wp:attachment":[{"href":"https:\/\/popcards.nl\/es\/wp-json\/wp\/v2\/media?parent=41504"}],"wp:term":[{"taxonomy":"product_brand","embeddable":true,"href":"https:\/\/popcards.nl\/es\/wp-json\/wp\/v2\/product_brand?post=41504"},{"taxonomy":"product_cat","embeddable":true,"href":"https:\/\/popcards.nl\/es\/wp-json\/wp\/v2\/product_cat?post=41504"},{"taxonomy":"product_tag","embeddable":true,"href":"https:\/\/popcards.nl\/es\/wp-json\/wp\/v2\/product_tag?post=41504"}],"curies":[{"name":"gracias","href":"https:\/\/api.w.org\/{rel}","templated":true}]}}