{"id":4356,"date":"2019-09-17T12:57:53","date_gmt":"2019-09-17T10:57:53","guid":{"rendered":"https:\/\/popcards.nl\/?post_type=product&#038;p=4356"},"modified":"2026-04-28T16:05:10","modified_gmt":"2026-04-28T14:05:10","slug":"torre-eiffel-paris-francia","status":"publish","type":"product","link":"https:\/\/popcards.nl\/es\/product\/eiffeltoren-parijs-frankrijk\/","title":{"rendered":"Preciosa tarjeta desplegable Torre Eiffel con mapa de Par\u00eds"},"content":{"rendered":"<p>Espl\u00e9ndido <a href=\"https:\/\/en.wikipedia.org\/wiki\/Eiffel_Tower\" target=\"_blank\" rel=\"noopener noreferrer\">Torre eiffel<\/a> Tarjeta desplegable para sorprender a alguien con un viaje a la ciudad de Par\u00eds, por ejemplo. La anticipaci\u00f3n suele ser tan divertida como el viaje en s\u00ed. O como un bonito recuerdo de una visita a esta bella ciudad.<\/p>\n<p>La Torre Eiffel es el monumento de la capital francesa, Par\u00eds. La torre se encuentra en la margen izquierda del r\u00edo Sena. Fue terminado el 12 de marzo de 1889. La Torre Eiffel fue construida entre 1887 y 1889. Esto sucedi\u00f3 con motivo de la Exposici\u00f3n Mundial de 1889 y para celebrar el centenario de la Revoluci\u00f3n Francesa. La Torre Eiffel recibe la visita de m\u00e1s de seis millones de visitantes cada a\u00f1o. Esto lo convierte en el monumento m\u00e1s visitado del mundo.<\/p>\n<p>Esta Torre Eiffel est\u00e1 impresa en el frente de esta Popcard, grabada con l\u00e1ser y luego adherida a un fondo mate azul intenso. No se puede conseguir un efecto de color tan bonito s\u00f3lo con la impresi\u00f3n. En el interior se encuentra una ventana emergente de esta torre, con un espectacular chapitel fino. Detr\u00e1s de la torre hay otra ventana emergente con varios edificios parisinos famosos. Delante de la torre hay detalles rom\u00e1nticos parisinos que incluyen una pareja de bailarines franceses. \u201c<em>Je t&#039;aime mon amour\u201d. <\/em>El fondo muestra un mapa de Par\u00eds con la ubicaci\u00f3n de la Torre Eiffel.<\/p>\n<p>Tama\u00f1o de tarjeta 30 \u00d7 15 cm, plegado a 15 \u00d7 15 cm.<br \/>\nIncluye sobre a juego, embalado en bolsa de celof\u00e1n.<\/p>","protected":false},"excerpt":{"rendered":"<p>Schitterende Eiffeltoren pop-up kaart om iemand bijvoorbeeld te verrassen met een stedentrip Parijs. De voorpret is meestal net zo leuk als het reisje zelf. Of als mooie herinnering aan een bezoek aan deze prachtige stad. De Eiffeltoren is h\u00e8t monument in de Franse hoofdstad Parijs. De toren staat op de linkeroever van de rivier de [&hellip;]<\/p>\n","protected":false},"featured_media":72390,"comment_status":"open","ping_status":"closed","template":"","meta":{"_iconic_wsb_product_page_order_bump_ids":[[]],"_sku":["8945005027428"],"_iconic_wsb_product_page_bump_modal_ids":[[]]},"product_brand":[],"product_cat":[73,34,27,57],"product_tag":[76,86,83],"class_list":{"0":"post-4356","1":"product","2":"type-product","3":"status-publish","4":"has-post-thumbnail","6":"product_cat-beroemde-gebouwen","7":"product_cat-felicitatie-verjaardag-verjaardagskaarten","8":"product_cat-liefde-liefdeskaarten-valentijnskaarten","9":"product_cat-uitnodigingen-uitnodigingskaarten-verjaardag-jubileum","10":"product_tag-parijs","11":"product_tag-stedentrip","12":"product_tag-valentijn","13":"pa_brand-popcards","15":"first","16":"instock","17":"taxable","18":"shipping-taxable","19":"purchasable","20":"product-type-simple"},"gallery_images":[86392],"_links":{"self":[{"href":"https:\/\/popcards.nl\/es\/wp-json\/wp\/v2\/product\/4356","targetHints":{"allow":["GET"]}}],"collection":[{"href":"https:\/\/popcards.nl\/es\/wp-json\/wp\/v2\/product"}],"about":[{"href":"https:\/\/popcards.nl\/es\/wp-json\/wp\/v2\/types\/product"}],"replies":[{"embeddable":true,"href":"https:\/\/popcards.nl\/es\/wp-json\/wp\/v2\/comments?post=4356"}],"wp:featuredmedia":[{"embeddable":true,"href":"https:\/\/popcards.nl\/es\/wp-json\/wp\/v2\/media\/72390"}],"wp:attachment":[{"href":"https:\/\/popcards.nl\/es\/wp-json\/wp\/v2\/media?parent=4356"}],"wp:term":[{"taxonomy":"product_brand","embeddable":true,"href":"https:\/\/popcards.nl\/es\/wp-json\/wp\/v2\/product_brand?post=4356"},{"taxonomy":"product_cat","embeddable":true,"href":"https:\/\/popcards.nl\/es\/wp-json\/wp\/v2\/product_cat?post=4356"},{"taxonomy":"product_tag","embeddable":true,"href":"https:\/\/popcards.nl\/es\/wp-json\/wp\/v2\/product_tag?post=4356"}],"curies":[{"name":"gracias","href":"https:\/\/api.w.org\/{rel}","templated":true}]}}