{"id":44351,"date":"2022-07-27T13:41:19","date_gmt":"2022-07-27T11:41:19","guid":{"rendered":"https:\/\/popcards.nl\/?post_type=product&#038;p=44351"},"modified":"2026-03-18T10:40:52","modified_gmt":"2026-03-18T09:40:52","slug":"cumpleanos-21-anos-feliz-cumpleanos-felicitacion-pop-up-tarjeta-de-felicitacion","status":"publish","type":"product","link":"https:\/\/popcards.nl\/es\/product\/21-jaar-happy-birthday-pop-up-verjaardagskaart\/","title":{"rendered":"Cumplea\u00f1os 21 a\u00f1os Feliz cumplea\u00f1os Felicitaci\u00f3n Pop Up Tarjeta de felicitaci\u00f3n"},"content":{"rendered":"<p><strong>\u00a1Feliz 21 cumplea\u00f1os! Tarjeta de 21 a\u00f1os con n\u00fameros grandes. <\/strong>\u00a1Hurra, cumplea\u00f1os! Entonces esta hermosa Popcard colorida es un regalo especial y sorprendente. Despu\u00e9s de todo, no tienes una segunda oportunidad para celebrar 21 a\u00f1os. <a href=\"https:\/\/popcards.nl\/es\/product\/cumpleanos-aniversario-40-anos-tarjeta-de-felicitacion-emergente\/\">Tambi\u00e9n tenemos una Popcard de 40 a\u00f1os<\/a>. <a href=\"https:\/\/popcards.nl\/es\/product\/cumpleanos-aniversario-50-anos-tarjeta-de-felicitacion-emergente\/\">Tambi\u00e9n tenemos una Popcard de 50 a\u00f1os<\/a>.\u00a0<a href=\"https:\/\/popcards.nl\/es\/product\/cumpleanos-aniversario-60-anos-tarjeta-de-felicitacion-emergente\/\">Tambi\u00e9n una Popcard de 60 a\u00f1os<\/a>.\u00a0<a href=\"https:\/\/popcards.nl\/es\/categoria\/felicitaciones-y-tarjetas-de-cumpleanos\/\">\u00a1Y muchas m\u00e1s tarjetas de felicitaci\u00f3n y cumplea\u00f1os!<\/a><\/p>\n<p>Tama\u00f1o de tarjeta 24 x 17 cm, plegado a 12 x 17 cm.<\/p>\n<p>Incluye sobre en blanco a juego, empacado en una bolsa de celof\u00e1n.<\/p>","protected":false},"excerpt":{"rendered":"<p>Happy 21th birthday!\u00a0 21 jaar kaart met grote cijfers. Hoera, jarig! Dan is deze mooie kleurrijke Popcard een bijzonder en verrassend cadeautje. Je krijgt tenslotte geen tweede kans om 21 jaar te vieren. We hebben ook een 40 jaar Popcard. We hebben ook een 50 jaar Popcard.\u00a0Tevens een 60 jaar Popcard.\u00a0En nog veel meer felicitatiekaarten [&hellip;]<\/p>\n","protected":false},"featured_media":44260,"comment_status":"open","ping_status":"closed","template":"","meta":{"_iconic_wsb_product_page_order_bump_ids":[[]],"_sku":["8785253683843"],"_iconic_wsb_product_page_bump_modal_ids":[[]]},"product_brand":[],"product_cat":[34],"product_tag":[242,137],"class_list":{"0":"post-44351","1":"product","2":"type-product","3":"status-publish","4":"has-post-thumbnail","6":"product_cat-felicitatie-verjaardag-verjaardagskaarten","7":"product_tag-jubileum","8":"product_tag-verjaardag","9":"pa_brand-popcards","11":"first","12":"outofstock","13":"taxable","14":"shipping-taxable","15":"purchasable","16":"product-type-simple"},"gallery_images":[86378],"_links":{"self":[{"href":"https:\/\/popcards.nl\/es\/wp-json\/wp\/v2\/product\/44351","targetHints":{"allow":["GET"]}}],"collection":[{"href":"https:\/\/popcards.nl\/es\/wp-json\/wp\/v2\/product"}],"about":[{"href":"https:\/\/popcards.nl\/es\/wp-json\/wp\/v2\/types\/product"}],"replies":[{"embeddable":true,"href":"https:\/\/popcards.nl\/es\/wp-json\/wp\/v2\/comments?post=44351"}],"wp:featuredmedia":[{"embeddable":true,"href":"https:\/\/popcards.nl\/es\/wp-json\/wp\/v2\/media\/44260"}],"wp:attachment":[{"href":"https:\/\/popcards.nl\/es\/wp-json\/wp\/v2\/media?parent=44351"}],"wp:term":[{"taxonomy":"product_brand","embeddable":true,"href":"https:\/\/popcards.nl\/es\/wp-json\/wp\/v2\/product_brand?post=44351"},{"taxonomy":"product_cat","embeddable":true,"href":"https:\/\/popcards.nl\/es\/wp-json\/wp\/v2\/product_cat?post=44351"},{"taxonomy":"product_tag","embeddable":true,"href":"https:\/\/popcards.nl\/es\/wp-json\/wp\/v2\/product_tag?post=44351"}],"curies":[{"name":"gracias","href":"https:\/\/api.w.org\/{rel}","templated":true}]}}