{"id":45163,"date":"2022-08-24T12:49:08","date_gmt":"2022-08-24T10:49:08","guid":{"rendered":"https:\/\/popcards.nl\/?post_type=product&#038;p=45163"},"modified":"2026-02-17T21:38:39","modified_gmt":"2026-02-17T20:38:39","slug":"halloween-dia-los-de-muertos-pop-up-tarjeta-de-felicitacion","status":"publish","type":"product","link":"https:\/\/popcards.nl\/es\/product\/halloween-dia-los-de-muertos-pop-up-wenskaart\/","title":{"rendered":"Invitaci\u00f3n de Halloween Dia de Muertos Tarjeta de felicitaci\u00f3n | Tarjeta emergente grande"},"content":{"rendered":"<p><b>Dia de Muertos \u2013 D\u00eda de Muertos \u2013 1 y 2 de noviembre<br \/>\n<\/b><span style=\"font-weight: 400;\">Una gran celebraci\u00f3n de dos d\u00edas donde los mexicanos conmemoran a sus amigos y familiares muertos. No de luto triste, sino con un espect\u00e1culo festivo lleno de comida, bailes y desfiles en los que todos se disfrazan de muertos. d<\/span><span style=\"font-weight: 400;\">l D\u00eda de Muertos es ante todo un d\u00eda que acerca a los vivos. Los cementerios est\u00e1n bellamente decorados y forman un lugar de encuentro para los familiares que no se han visto en mucho tiempo.<\/span><\/p>\n<p><span style=\"font-weight: 400;\">El 1 de noviembre se conmemora a los ni\u00f1os fallecidos. Este d\u00eda es por lo tanto m\u00e1s modesto. El 2 de noviembre es el turno de los adultos fallecidos y es un gran espect\u00e1culo. Seg\u00fan los mexicanos, los muertos visitan la casa de sus padres en estos d\u00edas. Y reciben una bienvenida festiva. Hoy en d\u00eda, Dia de Muertos tambi\u00e9n se celebra cada vez m\u00e1s en los Pa\u00edses Bajos.<\/span><\/p>\n<p><span style=\"font-weight: 400;\">\u00a0<\/span><b>Halloween \u2013 31 de octubre<br \/>\n<\/b><span style=\"font-weight: 400;\">Halloween, \u201cNoche de Todos los Santos\u201d es originalmente una antigua fiesta celta (Inglaterra e Irlanda) y es el d\u00eda en que se recoge la cosecha y comienza el invierno. Los celtas cre\u00edan que esa noche los fantasmas de los difuntos visitaban sus casas. Sol\u00edan ir al cementerio a quemar velas por los difuntos. Los ni\u00f1os tambi\u00e9n fueron. Hoy, en Halloween, los ni\u00f1os se disfrazan de esqueletos, vampiros, fantasmas y payasos de terror para pasar por las casas de noche. Tocan el timbre y gritan &quot;\u00a1Truco o trato!&quot; \u201cUn truco o un caramelo\u201d. La gente puede elegir si regala un caramelo o si los ni\u00f1os hacen una broma de miedo. Las calabazas ahuecadas con caras de miedo y las velas est\u00e1n destinadas a ahuyentar a los esp\u00edritus malignos, las almas errantes que tambi\u00e9n vienen. Hoy en d\u00eda hay muchas fiestas de Halloween en los Pa\u00edses Bajos. Porque, \u00bfqu\u00e9 es m\u00e1s divertido que celebrar con un disfraz muy aterrador?<\/span><\/p>\n<p><span style=\"font-weight: 400;\">Esta extra\u00f1a Popcard est\u00e1 hecha principalmente para el D\u00eda de los Muertos, pero se puede usar muy bien como una invitaci\u00f3n a una fiesta de Halloween e incluso como una tarjeta de boda alternativa. Destacar es divertido, \u00bfverdad?<\/span><\/p>\n<p><span style=\"font-weight: 400;\">O sorprenda a su ser querido con esta feroz promesa de amor: \u00a1Te amo hasta que la muerte nos separe!<\/span><\/p>\n<p><span style=\"font-weight: 400;\">No puedes prometer nada mejor.<\/span><\/p>\n<p><span style=\"font-weight: 400;\">Tarjeta grande formato 30 x 20 cm, plegada a 15 x 20 cm.<\/span><span style=\"font-weight: 400;\"><br \/>\n<\/span><span style=\"font-weight: 400;\">Incluye sobre en blanco a juego, empacado en una bolsa de celof\u00e1n.<\/span><\/p>","protected":false},"excerpt":{"rendered":"<p>Dia de Muertos\u00a0 &#8211; Dag van de Doden &#8211; 1 en 2 november Een groot tweedaags feest waarbij de Mexicanen hun dode vrienden en familieleden herdenken. Niet in treurige rouw, maar met een feestelijk spektakel vol eten, dansen en optochten waarin iedereen als dode is verkleed. De Dag van de Doden is vooral een dag [&hellip;]<\/p>\n","protected":false},"featured_media":44254,"comment_status":"open","ping_status":"closed","template":"","meta":{"_iconic_wsb_product_page_order_bump_ids":[[]],"_sku":["8785253682693"],"_iconic_wsb_product_page_bump_modal_ids":[[]]},"product_brand":[],"product_cat":[57,27],"product_tag":[56],"class_list":{"0":"post-45163","1":"product","2":"type-product","3":"status-publish","4":"has-post-thumbnail","6":"product_cat-uitnodigingen-uitnodigingskaarten-verjaardag-jubileum","7":"product_cat-liefde-liefdeskaarten-valentijnskaarten","8":"product_tag-love","9":"pa_brand-popcards","11":"first","12":"instock","13":"sale","14":"taxable","15":"shipping-taxable","16":"purchasable","17":"product-type-simple"},"gallery_images":[94180],"_links":{"self":[{"href":"https:\/\/popcards.nl\/es\/wp-json\/wp\/v2\/product\/45163","targetHints":{"allow":["GET"]}}],"collection":[{"href":"https:\/\/popcards.nl\/es\/wp-json\/wp\/v2\/product"}],"about":[{"href":"https:\/\/popcards.nl\/es\/wp-json\/wp\/v2\/types\/product"}],"replies":[{"embeddable":true,"href":"https:\/\/popcards.nl\/es\/wp-json\/wp\/v2\/comments?post=45163"}],"wp:featuredmedia":[{"embeddable":true,"href":"https:\/\/popcards.nl\/es\/wp-json\/wp\/v2\/media\/44254"}],"wp:attachment":[{"href":"https:\/\/popcards.nl\/es\/wp-json\/wp\/v2\/media?parent=45163"}],"wp:term":[{"taxonomy":"product_brand","embeddable":true,"href":"https:\/\/popcards.nl\/es\/wp-json\/wp\/v2\/product_brand?post=45163"},{"taxonomy":"product_cat","embeddable":true,"href":"https:\/\/popcards.nl\/es\/wp-json\/wp\/v2\/product_cat?post=45163"},{"taxonomy":"product_tag","embeddable":true,"href":"https:\/\/popcards.nl\/es\/wp-json\/wp\/v2\/product_tag?post=45163"}],"curies":[{"name":"gracias","href":"https:\/\/api.w.org\/{rel}","templated":true}]}}