{"id":45536,"date":"2022-09-04T11:43:47","date_gmt":"2022-09-04T09:43:47","guid":{"rendered":"https:\/\/popcards.nl\/?post_type=product&#038;p=45536"},"modified":"2026-04-11T16:15:58","modified_gmt":"2026-04-11T14:15:58","slug":"abejas-enamoradas-en-corazon-rojo-tarjeta-de-san-valentin","status":"publish","type":"product","link":"https:\/\/popcards.nl\/es\/product\/verliefde-bijen-op-rood-hart-valentijnskaart\/","title":{"rendered":"2 abejas enamoradas en un coraz\u00f3n rojo - Te amo - Tarjeta de San Valent\u00edn"},"content":{"rendered":"<p><span style=\"font-weight: 400;\">Con esta alegre Popcard puedes demostrar que amas a alguien o est\u00e1s enamorado de \u00e9l o ella. <\/span><span style=\"font-weight: 400;\">Un campo lleno de flores en flor. Y encima de eso est\u00e1n zumbando 2 abejas acogedoras que realmente se gustan y se gustan. Sostienen juntos un coraz\u00f3n rojo, s\u00edmbolo del amor. Una escena alegre en la que las abejas pueden simbolizar a 2 personas que (quieren) estar juntas. <a href=\"https:\/\/popcards.nl\/es\/categoria\/tarjetas-de-amor-de-san-valentin\/\">Muy bonito como tarjeta de San Valent\u00edn.<\/a> El anverso de la tarjeta contiene una ilustraci\u00f3n cortada con l\u00e1ser, pegada sobre un fondo rosa, que le da un efecto especial.\u00a0<\/span><\/p>\n<p><span style=\"font-weight: 400;\">Tama\u00f1o de la tarjeta 30 x 15 cm, doblada a 15 x 15 cm.<br \/>\n<\/span><span style=\"font-weight: 400;\">Incluye sobre en blanco a juego, empacado en una bolsa de celof\u00e1n.\u00a0<\/span><\/p>","protected":false},"excerpt":{"rendered":"<p>Met deze vrolijke Popcard kan je laten zien dat je van iemand houdt of verliefd op hem of haar bent. Een veld vol bloeiende bloemen. En daarboven zoemen 2 gezellige bijtjes die elkaar heel leuk en aardig vinden. Ze houden samen een rood hart vast, symbool van de liefde. Een vrolijk tafereeltje waarbij de bijtjes [&hellip;]<\/p>\n","protected":false},"featured_media":45507,"comment_status":"open","ping_status":"closed","template":"","meta":{"_iconic_wsb_product_page_order_bump_ids":[[]],"_sku":["8785253684604"],"_iconic_wsb_product_page_bump_modal_ids":[[]]},"product_brand":[],"product_cat":[27],"product_tag":[56],"class_list":{"0":"post-45536","1":"product","2":"type-product","3":"status-publish","4":"has-post-thumbnail","6":"product_cat-liefde-liefdeskaarten-valentijnskaarten","7":"product_tag-love","8":"pa_brand-popcards","10":"first","11":"instock","12":"taxable","13":"shipping-taxable","14":"purchasable","15":"product-type-simple"},"gallery_images":[94174],"_links":{"self":[{"href":"https:\/\/popcards.nl\/es\/wp-json\/wp\/v2\/product\/45536","targetHints":{"allow":["GET"]}}],"collection":[{"href":"https:\/\/popcards.nl\/es\/wp-json\/wp\/v2\/product"}],"about":[{"href":"https:\/\/popcards.nl\/es\/wp-json\/wp\/v2\/types\/product"}],"replies":[{"embeddable":true,"href":"https:\/\/popcards.nl\/es\/wp-json\/wp\/v2\/comments?post=45536"}],"wp:featuredmedia":[{"embeddable":true,"href":"https:\/\/popcards.nl\/es\/wp-json\/wp\/v2\/media\/45507"}],"wp:attachment":[{"href":"https:\/\/popcards.nl\/es\/wp-json\/wp\/v2\/media?parent=45536"}],"wp:term":[{"taxonomy":"product_brand","embeddable":true,"href":"https:\/\/popcards.nl\/es\/wp-json\/wp\/v2\/product_brand?post=45536"},{"taxonomy":"product_cat","embeddable":true,"href":"https:\/\/popcards.nl\/es\/wp-json\/wp\/v2\/product_cat?post=45536"},{"taxonomy":"product_tag","embeddable":true,"href":"https:\/\/popcards.nl\/es\/wp-json\/wp\/v2\/product_tag?post=45536"}],"curies":[{"name":"gracias","href":"https:\/\/api.w.org\/{rel}","templated":true}]}}