{"id":46203,"date":"2022-09-22T22:55:06","date_gmt":"2022-09-22T20:55:06","guid":{"rendered":"https:\/\/popcards.nl\/?post_type=product&#038;p=46203"},"modified":"2025-12-11T17:22:10","modified_gmt":"2025-12-11T16:22:10","slug":"tarjeta-de-felicitacion-emergente-de-boda-romantica-grande","status":"publish","type":"product","link":"https:\/\/popcards.nl\/es\/product\/grote-romantische-trouwkaart-pop-up-wenskaart\/","title":{"rendered":"Tarjeta de boda rom\u00e1ntica grande - Tarjeta de felicitaci\u00f3n emergente roja para casarse"},"content":{"rendered":"<p>Tarjeta de boda rom\u00e1ntica con una pareja nupcial emergente bellamente cortada en el frente. El interior tambi\u00e9n contiene la pareja de novios recortable, ahora debajo de una hermosa puerta de flores emergente. Esta tarjeta de boda tiene una tarjeta separada en la que puede anunciar la boda. O felicitar a los reci\u00e9n casados (de aniversario). Antes de anunciar su boda, estaremos encantados de imprimir la tarjeta con su texto. <a href=\"https:\/\/popcards.nl\/es\/product\/tarjeta-de-boda-romantica\/\">Esta tarjeta tambi\u00e9n est\u00e1 disponible en una versi\u00f3n de color dorado.<\/a>. <a href=\"https:\/\/popcards.nl\/es\/categoria\/casarse-y-vivir-juntos-e-invitaciones-de-boda\/\">Vea el resumen de nuestras tarjetas de boda.<\/a> Tambi\u00e9n disponible en edici\u00f3n grande.<\/p>\n<p>Tama\u00f1o de tarjeta grande de 30 \u00d7 20 cm, plegado a 15 \u00d7 20 cm.<br \/>\nIncluye sobre en blanco a juego, empacado en una bolsa de celof\u00e1n.<\/p>","protected":false},"excerpt":{"rendered":"<p>Romantische\u00a0 trouwkaart met op de voorkant een fraai uitgesneden pop-up bruidspaar. De binnenzijde bevat ook het uitgesneden pop-up bruidspaar, nu onder een schitterende pop-up bloemenpoort. Deze trouwkaart heeft ingestoken een los kaartje waarop je de bruiloft kan aankondigen. Of een (jubileum) bruidspaar op kunt feliciteren. Voor het aankondigen van je bruiloft verzorgen wij graag het [&hellip;]<\/p>\n","protected":false},"featured_media":46202,"comment_status":"open","ping_status":"closed","template":"","meta":{"_iconic_wsb_product_page_order_bump_ids":[[]],"_sku":["8785253685069"],"_iconic_wsb_product_page_bump_modal_ids":[[]]},"product_brand":[],"product_cat":[28],"product_tag":[94],"class_list":{"0":"post-46203","1":"product","2":"type-product","3":"status-publish","4":"has-post-thumbnail","6":"product_cat-trouwen-samenwonen-trouwkaarten","7":"product_tag-huwelijk","8":"pa_brand-popcards","10":"first","11":"outofstock","12":"taxable","13":"shipping-taxable","14":"purchasable","15":"product-type-simple"},"gallery_images":[68930],"_links":{"self":[{"href":"https:\/\/popcards.nl\/es\/wp-json\/wp\/v2\/product\/46203","targetHints":{"allow":["GET"]}}],"collection":[{"href":"https:\/\/popcards.nl\/es\/wp-json\/wp\/v2\/product"}],"about":[{"href":"https:\/\/popcards.nl\/es\/wp-json\/wp\/v2\/types\/product"}],"replies":[{"embeddable":true,"href":"https:\/\/popcards.nl\/es\/wp-json\/wp\/v2\/comments?post=46203"}],"wp:featuredmedia":[{"embeddable":true,"href":"https:\/\/popcards.nl\/es\/wp-json\/wp\/v2\/media\/46202"}],"wp:attachment":[{"href":"https:\/\/popcards.nl\/es\/wp-json\/wp\/v2\/media?parent=46203"}],"wp:term":[{"taxonomy":"product_brand","embeddable":true,"href":"https:\/\/popcards.nl\/es\/wp-json\/wp\/v2\/product_brand?post=46203"},{"taxonomy":"product_cat","embeddable":true,"href":"https:\/\/popcards.nl\/es\/wp-json\/wp\/v2\/product_cat?post=46203"},{"taxonomy":"product_tag","embeddable":true,"href":"https:\/\/popcards.nl\/es\/wp-json\/wp\/v2\/product_tag?post=46203"}],"curies":[{"name":"gracias","href":"https:\/\/api.w.org\/{rel}","templated":true}]}}