{"id":46205,"date":"2022-09-22T23:06:31","date_gmt":"2022-09-22T21:06:31","guid":{"rendered":"https:\/\/popcards.nl\/?post_type=product&#038;p=46205"},"modified":"2026-04-28T15:12:12","modified_gmt":"2026-04-28T13:12:12","slug":"tarjeta-emergente-de-jardin-de-flores-de-mariposas-coloridas","status":"publish","type":"product","link":"https:\/\/popcards.nl\/es\/product\/kleurrijke-vlinders-bloementuin-pop-up-kaart\/","title":{"rendered":"Tarjeta emergente Mariposas de colores en el jard\u00edn de flores"},"content":{"rendered":"<p>El frente de color verde oscuro muestra una hermosa ilustraci\u00f3n de varias mariposas sobre margaritas. Y si abres la tarjeta, 20 mariposas volar\u00e1n desde un colorido jard\u00edn de flores. \u00a1Qu\u00e9 belleza de color! E incre\u00edble que en este Popcard plano quepan tantas mariposas y flores. Un entusiasta de las mariposas las llama a todas por su nombre. Pero mirarlo tambi\u00e9n es una alegr\u00eda. \u00a1Qu\u00e9 alegr\u00eda palpitante! Adjunta a esta tarjeta hay una tarjeta separada en la que puede escribir un mensaje para el afortunado destinatario.<\/p>\n<p>Tama\u00f1o de la tarjeta 25 x 18 cm, doblada a 12,5 \u00d7 18 cm.<br \/>\nIncluye sobre en blanco a juego, empacado en una bolsa de celof\u00e1n.<\/p>","protected":false},"excerpt":{"rendered":"<p>De diepgroene voorkant toont een fraaie illustratie van een aantal vlinders op margrietjes. En als je de kaart openklapt vliegen er wel 20 vlinders op uit een bonte bloementuin. Wat een kleurenpracht! En ongelooflijk dat zoveel vlinders en bloemen in deze platte Popcard passen. Een vlinder liefhebber noemt ze allemaal bij naam. Maar ernaar kijken [&hellip;]<\/p>\n","protected":false},"featured_media":46208,"comment_status":"open","ping_status":"closed","template":"","meta":{"_iconic_wsb_product_page_order_bump_ids":[],"_sku":["8945005026780"],"_iconic_wsb_product_page_bump_modal_ids":[]},"product_brand":[],"product_cat":[21],"product_tag":[247],"class_list":{"0":"post-46205","1":"product","2":"type-product","3":"status-publish","4":"has-post-thumbnail","6":"product_cat-dieren-dierenkaarten-wenskaarten","7":"product_tag-vlinder","8":"pa_brand-popcards","10":"first","11":"instock","12":"taxable","13":"shipping-taxable","14":"purchasable","15":"product-type-simple"},"gallery_images":[],"_links":{"self":[{"href":"https:\/\/popcards.nl\/es\/wp-json\/wp\/v2\/product\/46205","targetHints":{"allow":["GET"]}}],"collection":[{"href":"https:\/\/popcards.nl\/es\/wp-json\/wp\/v2\/product"}],"about":[{"href":"https:\/\/popcards.nl\/es\/wp-json\/wp\/v2\/types\/product"}],"replies":[{"embeddable":true,"href":"https:\/\/popcards.nl\/es\/wp-json\/wp\/v2\/comments?post=46205"}],"wp:featuredmedia":[{"embeddable":true,"href":"https:\/\/popcards.nl\/es\/wp-json\/wp\/v2\/media\/46208"}],"wp:attachment":[{"href":"https:\/\/popcards.nl\/es\/wp-json\/wp\/v2\/media?parent=46205"}],"wp:term":[{"taxonomy":"product_brand","embeddable":true,"href":"https:\/\/popcards.nl\/es\/wp-json\/wp\/v2\/product_brand?post=46205"},{"taxonomy":"product_cat","embeddable":true,"href":"https:\/\/popcards.nl\/es\/wp-json\/wp\/v2\/product_cat?post=46205"},{"taxonomy":"product_tag","embeddable":true,"href":"https:\/\/popcards.nl\/es\/wp-json\/wp\/v2\/product_tag?post=46205"}],"curies":[{"name":"gracias","href":"https:\/\/api.w.org\/{rel}","templated":true}]}}