{"id":46210,"date":"2022-09-22T23:24:53","date_gmt":"2022-09-22T21:24:53","guid":{"rendered":"https:\/\/popcards.nl\/?post_type=product&#038;p=46210"},"modified":"2026-03-18T02:06:12","modified_gmt":"2026-03-18T01:06:12","slug":"sakura-heart-shape-valentine-love-pop-up-tarjeta","status":"publish","type":"product","link":"https:\/\/popcards.nl\/es\/product\/sakura-hartvorm-valentijn-liefde-pop-up-kaart\/","title":{"rendered":"Sakura Cherry Blossom en forma de coraz\u00f3n | Tarjeta emergente de amor de San Valent\u00edn"},"content":{"rendered":"<p>En nuestra serie Sakura Popcards, presentamos con orgullo una nueva Popcard: esta rom\u00e1ntica Sakura muestra su esplendor floral en forma de coraz\u00f3n. Adjunta a esta tarjeta hay una tarjeta separada en la que puede escribir un mensaje para el afortunado destinatario. Las flores de Sakura simbolizan la felicidad, el amor, el final y los nuevos comienzos. Debido a que las flores florecen por tan poco tiempo, las flores de cerezo tambi\u00e9n representan la muerte humana. La flor que cae en el frente y la flor que yace en el suelo en el interior simbolizan esto muy sutilmente. Nos recuerdan lo corta y preciosa que es la vida.<\/p>\n<p>Tama\u00f1o de la tarjeta 30 \u00d7 15 cm, doblada a 15 \u00d7 15 cm.<br \/>\nIncluye sobre a juego. Empaquetado en bolsa de celof\u00e1n.<\/p>","protected":false},"excerpt":{"rendered":"<p>In onze serie Sakura Popcards tonen wij trots een nieuwe Popcard: deze romantische Sakura toont zijn bloesempracht in hartvorm. Bijgevoegd bij deze kaart is een apart kaartje, waarop je een boodschap kunt schrijven voor de gelukkige ontvanger. De Sakura bloemen symboliseren geluk, liefde, einde en een nieuw begin. Omdat de bloesems zo kort bloeien, vertegenwoordigen [&hellip;]<\/p>\n","protected":false},"featured_media":46199,"comment_status":"open","ping_status":"closed","template":"","meta":{"_iconic_wsb_product_page_order_bump_ids":[[]],"_sku":["8785253684543"],"_iconic_wsb_product_page_bump_modal_ids":[[]]},"product_brand":[],"product_cat":[27],"product_tag":[55,83],"class_list":{"0":"post-46210","1":"product","2":"type-product","3":"status-publish","4":"has-post-thumbnail","6":"product_cat-liefde-liefdeskaarten-valentijnskaarten","7":"product_tag-hart","8":"product_tag-valentijn","9":"pa_brand-popcards","11":"first","12":"instock","13":"taxable","14":"shipping-taxable","15":"purchasable","16":"product-type-simple"},"gallery_images":[70633],"_links":{"self":[{"href":"https:\/\/popcards.nl\/es\/wp-json\/wp\/v2\/product\/46210","targetHints":{"allow":["GET"]}}],"collection":[{"href":"https:\/\/popcards.nl\/es\/wp-json\/wp\/v2\/product"}],"about":[{"href":"https:\/\/popcards.nl\/es\/wp-json\/wp\/v2\/types\/product"}],"replies":[{"embeddable":true,"href":"https:\/\/popcards.nl\/es\/wp-json\/wp\/v2\/comments?post=46210"}],"wp:featuredmedia":[{"embeddable":true,"href":"https:\/\/popcards.nl\/es\/wp-json\/wp\/v2\/media\/46199"}],"wp:attachment":[{"href":"https:\/\/popcards.nl\/es\/wp-json\/wp\/v2\/media?parent=46210"}],"wp:term":[{"taxonomy":"product_brand","embeddable":true,"href":"https:\/\/popcards.nl\/es\/wp-json\/wp\/v2\/product_brand?post=46210"},{"taxonomy":"product_cat","embeddable":true,"href":"https:\/\/popcards.nl\/es\/wp-json\/wp\/v2\/product_cat?post=46210"},{"taxonomy":"product_tag","embeddable":true,"href":"https:\/\/popcards.nl\/es\/wp-json\/wp\/v2\/product_tag?post=46210"}],"curies":[{"name":"gracias","href":"https:\/\/api.w.org\/{rel}","templated":true}]}}