{"id":47455,"date":"2022-10-30T22:50:06","date_gmt":"2022-10-30T21:50:06","guid":{"rendered":"https:\/\/popcards.nl\/?post_type=product&#038;p=47455"},"modified":"2026-04-28T13:28:49","modified_gmt":"2026-04-28T11:28:49","slug":"bosque-amarillo-naranja-tulipanes-pop-up-card-tarjeta-de-felicitacion","status":"publish","type":"product","link":"https:\/\/popcards.nl\/es\/product\/bos-geel-oranje-tulpen-pop-up-kaart-wenskaart\/","title":{"rendered":"Hermosa tarjeta emergente Forest Yellow-Orange Tulips"},"content":{"rendered":"<p><b>Tarjeta de flores Tulipanes.<\/b><span style=\"font-weight: 400;\"> Un hermoso pop-up de un gran ramo de tulipanes de color amarillo anaranjado. El interior de la tarjeta muestra atractivas ilustraciones. Tambi\u00e9n en el frente de la tarjeta hay una ilustraci\u00f3n rom\u00e1ntica de un tulip\u00e1n. Esta ilustraci\u00f3n est\u00e1 impresa por separado, cortada con l\u00e1ser suelta y pegada al frente azul oscuro, creando un efecto particularmente aterciopelado. <\/span><span style=\"font-weight: 400;\">da. <\/span><span style=\"font-weight: 400;\">\u00a1Dilo con flores! Tenemos muchas m\u00e1s tarjetas pop-up de flores, aptas para todas las ocasiones: desde felicitaciones para que te mejores pronto, consuelo y condolencias.<\/span><\/p>\n<p style=\"background-color: palegoldenrod;\"><strong><a href=\"https:\/\/popcards.nl\/es\/product\/tarjeta-de-felicitacion-desplegable-con-tulipanes-dorados-amarillos-y-naranjas\/\">Tambi\u00e9n tenemos esta tarjeta emergente en forma de tulip\u00e1n con un hermoso frente de color dorado.<\/a><\/strong><\/p>\n<p>\n<b>el tulip\u00e1n<\/b><span style=\"font-weight: 400;\"> es originario de Kazajst\u00e1n, de donde el sult\u00e1n turco en el 16<\/span><span style=\"font-weight: 400;\">e<\/span><span style=\"font-weight: 400;\"> Century llev\u00f3 esta hermosa flor a los jardines de la corte turca en Constantinopla, ahora Estambul. Esta ciudad ten\u00eda los jardines m\u00e1s hermosos, que mucha gente vino a ver. Cada a\u00f1o, cuando los tulipanes estaban en flor, el sult\u00e1n ofrec\u00eda una gran fiesta. El tulip\u00e1n se hizo muy popular y simboliz\u00f3 el poder y la riqueza. Para expresar esto, el sult\u00e1n us\u00f3 el tulip\u00e1n en su turbante. Debido a que los tulipanes tambi\u00e9n se parec\u00edan mucho al turbante, el nombre del tulip\u00e1n se deriva de la palabra persa &quot;tulipan&quot;, que significa turbante. El sult\u00e1n Solim\u00e1n I don\u00f3 algunos tulipanes a invitados importantes, incluido el embajador de Austria. All\u00ed fueron plantados en los jardines del emperador de Austria. En 1593 se plantaron los primeros tulipanes de los Pa\u00edses Bajos en el Hortus Botanicus de Leiden. Los tulipanes eran muy escasos y, por tanto, muy caros. En 1634, la locura de los tulipanes, tambi\u00e9n llamada man\u00eda de los tulipanes, se desat\u00f3 realmente en los Pa\u00edses Bajos. Los tulipanes ten\u00edan una gran demanda y se volv\u00edan cada vez m\u00e1s caros. Hubo mucha especulaci\u00f3n con los bulbos y un solo bulbo de tulip\u00e1n en un momento ten\u00eda el valor de una casa en el canal de \u00c1msterdam. Las cosas no pudieron continuar y en 1637 la locura de los tulipanes termin\u00f3 tan r\u00e1pido como hab\u00eda comenzado con la prohibici\u00f3n del comercio por parte del gobierno. Algunas personas se hab\u00edan vuelto muy ricas, pero muchos especuladores se quedaron sin un centavo.\u00a0<\/span><\/p>\n<p><a href=\"https:\/\/popcards.nl\/es\/categoria\/flores-tarjetas-de-felicitacion\/\">Popcards tiene tarjetas de flores a\u00fan m\u00e1s hermosas.\u00a0<\/a><\/p>\n<p><span style=\"font-weight: 400;\">Tama\u00f1o de la tarjeta 15 \u00d7 15 cm, doblada a 15 \u00d7 15 cm.<br \/>\n<\/span><span style=\"font-weight: 400;\">Incluye sobre a juego, empaquetado en una bolsa de celof\u00e1n.<\/span><\/p>","protected":false},"excerpt":{"rendered":"<p>Bloemenkaart Tulpen. Een prachtige pop-up van een flinke bos geel-oranje tulpen. De binnenzijde van de kaart toont sfeervolle illustraties. Ook op de voorzijde van de kaart staat een romantische tulpen illustratie. Deze illustratie is apart gedrukt, los met de laser uitgesneden en op de donkerblauwe voorkant geplakt, wat een bijzonder fluweelachtig effect geeft. Zeg het [&hellip;]<\/p>\n","protected":false},"featured_media":70183,"comment_status":"open","ping_status":"closed","template":"","meta":{"_iconic_wsb_product_page_order_bump_ids":[[]],"_sku":["8785253683164"],"_iconic_wsb_product_page_bump_modal_ids":[[]]},"product_brand":[],"product_cat":[47,78],"product_tag":[48],"class_list":{"0":"post-47455","1":"product","2":"type-product","3":"status-publish","4":"has-post-thumbnail","6":"product_cat-bloemen-bloemenkaarten-wenskaarten","7":"product_cat-beterschapskaarten-troostkaarten-condoleancekaarten","8":"product_tag-bloemen","9":"pa_brand-popcards","11":"first","12":"instock","13":"taxable","14":"shipping-taxable","15":"purchasable","16":"product-type-simple"},"gallery_images":[70175],"_links":{"self":[{"href":"https:\/\/popcards.nl\/es\/wp-json\/wp\/v2\/product\/47455","targetHints":{"allow":["GET"]}}],"collection":[{"href":"https:\/\/popcards.nl\/es\/wp-json\/wp\/v2\/product"}],"about":[{"href":"https:\/\/popcards.nl\/es\/wp-json\/wp\/v2\/types\/product"}],"replies":[{"embeddable":true,"href":"https:\/\/popcards.nl\/es\/wp-json\/wp\/v2\/comments?post=47455"}],"wp:featuredmedia":[{"embeddable":true,"href":"https:\/\/popcards.nl\/es\/wp-json\/wp\/v2\/media\/70183"}],"wp:attachment":[{"href":"https:\/\/popcards.nl\/es\/wp-json\/wp\/v2\/media?parent=47455"}],"wp:term":[{"taxonomy":"product_brand","embeddable":true,"href":"https:\/\/popcards.nl\/es\/wp-json\/wp\/v2\/product_brand?post=47455"},{"taxonomy":"product_cat","embeddable":true,"href":"https:\/\/popcards.nl\/es\/wp-json\/wp\/v2\/product_cat?post=47455"},{"taxonomy":"product_tag","embeddable":true,"href":"https:\/\/popcards.nl\/es\/wp-json\/wp\/v2\/product_tag?post=47455"}],"curies":[{"name":"gracias","href":"https:\/\/api.w.org\/{rel}","templated":true}]}}